{"id":13439,"date":"2023-10-24T12:30:00","date_gmt":"2023-10-24T10:30:00","guid":{"rendered":"https:\/\/www.lipoid-kosmetik.com\/pflanzliche-extrakte\/liquid-dry-extracts\/"},"modified":"2025-06-17T08:44:46","modified_gmt":"2025-06-17T06:44:46","slug":"fluessig-trockenextrakte","status":"publish","type":"page","link":"https:\/\/www.lipoid-kosmetik.com\/de\/pflanzliche-extrakte\/fluessig-trockenextrakte\/","title":{"rendered":"Fl\u00fcssig- &#038; Trockenextrakte"},"content":{"rendered":"<p><div class=\"fusion-fullwidth fullwidth-box fusion-builder-row-1 nonhundred-percent-fullwidth non-hundred-percent-height-scrolling fusion-equal-height-columns head-banner\" style=\"--awb-border-radius-top-left:0px;--awb-border-radius-top-right:0px;--awb-border-radius-bottom-right:0px;--awb-border-radius-bottom-left:0px;--awb-margin-bottom:60px;--awb-flex-wrap:wrap;\" ><div class=\"fusion-builder-row fusion-row\"><div class=\"fusion-layout-column fusion_builder_column fusion-builder-column-0 fusion_builder_column_2_3 2_3 fusion-two-third fusion-column-first fusion-column-inner-bg-wrapper\" style=\"--awb-padding-top:250px;--awb-inner-bg-image:url(&#039;https:\/\/www.lipoid-kosmetik.com\/wp-content\/uploads\/2021\/03\/Lipoid-Kosmetik_Product-and-Applications_Botanical-Extracts_Liquid-and-Dry-Extracts_2.jpg&#039;);--awb-inner-bg-position:center center;--awb-inner-bg-size:cover;width:66.666666666667%;width:calc(66.666666666667% - ( ( 0px ) * 0.66666666666667 ) );margin-right: 0px;\" data-scroll-devices=\"small-visibility,medium-visibility,large-visibility\"><span class=\"fusion-column-inner-bg hover-type-zoomin\"><span class=\"fusion-column-anchor\"><span class=\"fusion-column-inner-bg-image\"><\/span><\/span><\/span><div class=\"fusion-column-wrapper fusion-column-has-shadow fusion-flex-column-wrapper-legacy fusion-empty-column-bg-image fusion-column-has-bg-image\" data-bg-url=\"https:\/\/www.lipoid-kosmetik.com\/wp-content\/uploads\/2021\/03\/Lipoid-Kosmetik_Product-and-Applications_Botanical-Extracts_Liquid-and-Dry-Extracts_2.jpg\"><img decoding=\"async\" class=\"fusion-empty-dims-img-placeholder fusion-no-large-visibility\" alt=\"Liquid and dry extracts are plant-derived raw materials combined with different solvent systems\" aria-label=\"Lipoid-Kosmetik_Product-and-Applications_Botanical-Extracts_Liquid-and-Dry-Extracts_2\" src=\"data:image\/svg+xml,%3Csvg%20xmlns%3D%27http%3A%2F%2Fwww.w3.org%2F2000%2Fsvg%27%20width%3D%27933%27%20height%3D%27250%27%20viewBox%3D%270%200%20933%20250%27%3E%3Crect%20width%3D%27933%27%20height%3D%27250%27%20fill-opacity%3D%220%22%2F%3E%3C%2Fsvg%3E\"><div class=\"fusion-clearfix\"><\/div><\/div><\/div><div class=\"fusion-layout-column fusion_builder_column fusion-builder-column-1 fusion_builder_column_1_3 1_3 fusion-one-third fusion-column-last banner-row\" style=\"--awb-bg-color:#718849;--awb-bg-color-hover:#718849;--awb-bg-size:cover;width:33.333333333333%;width:calc(33.333333333333% - ( ( 0px ) * 0.33333333333333 ) );\"><div class=\"fusion-column-wrapper fusion-column-has-shadow fusion-flex-column-wrapper-legacy\"><div class=\"fusion-column-content-centered\"><div class=\"fusion-column-content\"><div class=\"fusion-text fusion-text-1 banner-text\"><p><span class=\"banner-slogan\">Wir bieten eine grosse Auswahl an verschiedenen Pflanzenarten in Kombination mit unterschiedlichen L\u00f6sungsmittel- und Konservierungssystemen.<\/span><\/p>\n<\/div><\/div><\/div><div class=\"fusion-clearfix\"><\/div><\/div><\/div><\/div><\/div><div class=\"fusion-fullwidth fullwidth-box fusion-builder-row-2 nonhundred-percent-fullwidth non-hundred-percent-height-scrolling\" style=\"--awb-border-radius-top-left:0px;--awb-border-radius-top-right:0px;--awb-border-radius-bottom-right:0px;--awb-border-radius-bottom-left:0px;--awb-margin-top:0px;--awb-flex-wrap:wrap;\" ><div class=\"fusion-builder-row fusion-row\"><div class=\"fusion-layout-column fusion_builder_column fusion-builder-column-2 fusion_builder_column_1_1 1_1 fusion-one-full fusion-column-first fusion-column-last\" style=\"--awb-padding-right:150px;--awb-padding-left:150px;--awb-bg-size:cover;\"><div class=\"fusion-column-wrapper fusion-column-has-shadow fusion-flex-column-wrapper-legacy\"><div class=\"fusion-text fusion-text-2\">\n    <div class=\"lip-breadcrumbs\" style=\"padding: 0;\">\n        <ul>\n            <li>\n                <a href=\"\/\">Lipoid Kosmetik<\/a>\n            <\/li>\n            <li>\n                <a href=\"https:\/\/www.lipoid-kosmetik.com\/de\/pflanzliche-extrakte\/\">Pflanzliche Extrakte<\/a>\n            <\/li>\n            <li>\n                Fl\u00fcssig- &#038; Trockenextrakte\n            <\/li>\n        <\/ul>\n        <\/div>\n<\/div><div class=\"fusion-clearfix\"><\/div><\/div><\/div><div class=\"fusion-layout-column fusion_builder_column fusion-builder-column-3 fusion_builder_column_1_1 1_1 fusion-one-full fusion-column-first fusion-column-last\" style=\"--awb-padding-right:150px;--awb-padding-left:150px;--awb-bg-size:cover;\"><div class=\"fusion-column-wrapper fusion-column-has-shadow fusion-flex-column-wrapper-legacy\"><div class=\"fusion-title title fusion-title-1 fusion-sep-none fusion-title-text fusion-title-size-one\" style=\"--awb-text-color:#718849;--awb-margin-bottom:35px;--awb-margin-top-small:10px;--awb-margin-right-small:0px;--awb-margin-bottom-small:10px;--awb-margin-left-small:0px;\"><h1 class=\"fusion-title-heading title-heading-left\" style=\"margin:0;\"><h1>Vollspektrum Fl\u00fcssig- &amp; Trockenextrakte<\/h1><\/h1><\/div><div class=\"fusion-text fusion-text-3\"><p>Als Pionier im Bereich der Pflanzenextrakte hat Lipoid Kosmetik sich in den letzten 50 Jahren einen hervorragenden Ruf in der weltweiten Kosmetikindustrie erarbeitet. Durch die Kombination von 350 verschiedenen biologischen und konventionellen Pflanzenrohstoffen mit unterschiedlichen hydrophilen und lipophilen L\u00f6sungsmittelsystemen besteht unser Portfolio aus \u00fcber 500 Produkten. Unsere Extrakte sind als Fl\u00fcssig- (Herbasol\u00ae) oder Trockenextrakte (Herbasec\u00ae) erh\u00e4ltlich. Alle Produkte der Herbasol\u00ae und Herbasec\u00ae Produktlinien sind mit unserer firmeneigenen \u2018Full-Spectrum Mild Extraction Technologie\u2019 hergestellt und speziell f\u00fcr die Haushalts- und Kosmetikanwendung entwickelt.<\/p>\n<p>F\u00fcr weitere Informationen verwenden Sie bitte unseren <a href=\"https:\/\/www.lipoid-kosmetik.com\/actives-botanicals-productfinder\/\"><u>Product<\/u><\/a><u> Finder<\/u>\u00a0oder lesen unsere <a href=\"https:\/\/www.lipoid-kosmetik.com\/de\/pflanzliche-extrakte\/fluessig-trockenextrakte\/#blog\"><u>Blogbeitr\u00e4ge<\/u><\/a>.<\/p>\n<\/div><div class=\"fusion-clearfix\"><\/div><\/div><\/div><\/div><\/div><div class=\"fusion-fullwidth fullwidth-box fusion-builder-row-3 fusion-flex-container has-pattern-background has-mask-background nonhundred-percent-fullwidth non-hundred-percent-height-scrolling\" style=\"--awb-border-radius-top-left:0px;--awb-border-radius-top-right:0px;--awb-border-radius-bottom-right:0px;--awb-border-radius-bottom-left:0px;--awb-padding-top:50px;--awb-padding-bottom:50px;--awb-flex-wrap:wrap;\" ><div class=\"fusion-builder-row fusion-row fusion-flex-align-items-flex-start fusion-flex-content-wrap\" style=\"max-width:1456px;margin-left: calc(-4% \/ 2 );margin-right: calc(-4% \/ 2 );\"><div class=\"fusion-layout-column fusion_builder_column fusion-builder-column-4 fusion_builder_column_1_2 1_2 fusion-flex-column\" style=\"--awb-padding-left:150px;--awb-bg-size:cover;--awb-width-large:50%;--awb-margin-top-large:0px;--awb-spacing-right-large:3.84%;--awb-margin-bottom-large:20px;--awb-spacing-left-large:3.84%;--awb-width-medium:100%;--awb-order-medium:0;--awb-spacing-right-medium:1.92%;--awb-spacing-left-medium:1.92%;--awb-width-small:100%;--awb-order-small:0;--awb-spacing-right-small:1.92%;--awb-spacing-left-small:1.92%;\" data-scroll-devices=\"small-visibility,medium-visibility,large-visibility\"><div class=\"fusion-column-wrapper fusion-column-has-shadow fusion-flex-justify-content-flex-start fusion-content-layout-column\"><div class=\"fusion-text fusion-text-4\"><p>Eine Auswahl an Pflanzenrohstoffen:<\/p>\n<\/div><\/div><\/div><div class=\"fusion-layout-column fusion_builder_column fusion-builder-column-5 fusion_builder_column_1_2 1_2 fusion-flex-column\" style=\"--awb-padding-right:150px;--awb-bg-size:cover;--awb-width-large:50%;--awb-margin-top-large:0px;--awb-spacing-right-large:3.84%;--awb-margin-bottom-large:20px;--awb-spacing-left-large:3.84%;--awb-width-medium:100%;--awb-order-medium:0;--awb-spacing-right-medium:1.92%;--awb-spacing-left-medium:1.92%;--awb-width-small:100%;--awb-order-small:0;--awb-spacing-right-small:1.92%;--awb-spacing-left-small:1.92%;\" data-scroll-devices=\"small-visibility,medium-visibility,large-visibility\"><div class=\"fusion-column-wrapper fusion-column-has-shadow fusion-flex-justify-content-flex-start fusion-content-layout-column\"><div class=\"fusion-text fusion-text-5\"><p>Die folgenden L\u00f6sungsmittelsysteme sind verf\u00fcgbar:<\/p>\n<\/div><\/div><\/div><div class=\"fusion-layout-column fusion_builder_column fusion-builder-column-6 fusion_builder_column_1_2 1_2 fusion-flex-column\" style=\"--awb-padding-right:100px;--awb-padding-left:150px;--awb-bg-size:cover;--awb-width-large:50%;--awb-margin-top-large:0px;--awb-spacing-right-large:3.84%;--awb-margin-bottom-large:20px;--awb-spacing-left-large:3.84%;--awb-width-medium:100%;--awb-order-medium:0;--awb-spacing-right-medium:1.92%;--awb-spacing-left-medium:1.92%;--awb-width-small:100%;--awb-order-small:0;--awb-spacing-right-small:1.92%;--awb-spacing-left-small:1.92%;\" data-scroll-devices=\"small-visibility,medium-visibility,large-visibility\"><div class=\"fusion-column-wrapper fusion-column-has-shadow fusion-flex-justify-content-flex-start fusion-content-layout-column\"><a class=\"awb-lightbox awb-lightbox-1\" data-title=\"CLICK TO ZOOM\" title=\"CLICK TO ZOOM\" href=\"https:\/\/www.lipoid-kosmetik.com\/wp-content\/uploads\/2023\/09\/LK_Plant-Choices_List-1.gif\" data-rel=\"iLightbox\"><img decoding=\"async\" src=\"https:\/\/www.lipoid-kosmetik.com\/wp-content\/uploads\/2023\/09\/LK_Plant-Choices_List.gif\" alt=\"CLICK TO ZOOM\"><\/a><\/div><\/div><div class=\"fusion-layout-column fusion_builder_column fusion-builder-column-7 fusion_builder_column_1_2 1_2 fusion-flex-column\" style=\"--awb-padding-right:150px;--awb-bg-size:cover;--awb-width-large:50%;--awb-margin-top-large:0px;--awb-spacing-right-large:3.84%;--awb-margin-bottom-large:20px;--awb-spacing-left-large:3.84%;--awb-width-medium:100%;--awb-order-medium:0;--awb-spacing-right-medium:1.92%;--awb-spacing-left-medium:1.92%;--awb-width-small:100%;--awb-order-small:0;--awb-spacing-right-small:1.92%;--awb-spacing-left-small:1.92%;\" data-scroll-devices=\"small-visibility,medium-visibility,large-visibility\"><div class=\"fusion-column-wrapper fusion-column-has-shadow fusion-flex-justify-content-flex-start fusion-content-layout-column\"><a class=\"awb-lightbox awb-lightbox-2\" data-title=\"CLICK TO ZOOM\" title=\"CLICK TO ZOOM\" href=\"https:\/\/www.lipoid-kosmetik.com\/wp-content\/uploads\/2025\/06\/LK_Solvents_Carriers_Table_2025.png\" data-rel=\"iLightbox\"><img decoding=\"async\" src=\"https:\/\/www.lipoid-kosmetik.com\/wp-content\/uploads\/2025\/06\/LK_Solvents_Carriers_Table_2025.png\"><\/a><\/div><\/div><div class=\"fusion-layout-column fusion_builder_column fusion-builder-column-8 fusion_builder_column_1_1 1_1 fusion-flex-column\" style=\"--awb-bg-size:cover;--awb-width-large:100%;--awb-margin-top-large:0px;--awb-spacing-right-large:1.92%;--awb-margin-bottom-large:20px;--awb-spacing-left-large:1.92%;--awb-width-medium:100%;--awb-order-medium:0;--awb-spacing-right-medium:1.92%;--awb-spacing-left-medium:1.92%;--awb-width-small:100%;--awb-order-small:0;--awb-spacing-right-small:1.92%;--awb-spacing-left-small:1.92%;\"><div class=\"fusion-column-wrapper fusion-column-has-shadow fusion-flex-justify-content-flex-start fusion-content-layout-column\"><div class=\"fusion-menu-anchor\" id=\"blog\"><\/div><\/div><\/div><\/div><\/div><div class=\"fusion-fullwidth fullwidth-box fusion-builder-row-4 nonhundred-percent-fullwidth non-hundred-percent-height-scrolling\" style=\"--awb-border-radius-top-left:0px;--awb-border-radius-top-right:0px;--awb-border-radius-bottom-right:0px;--awb-border-radius-bottom-left:0px;--awb-background-color:rgba(126,140,116,0.1);--awb-flex-wrap:wrap;\" ><div class=\"fusion-builder-row fusion-row\"><div class=\"fusion-layout-column fusion_builder_column fusion-builder-column-9 fusion_builder_column_1_1 1_1 fusion-one-full fusion-column-first fusion-column-last\" style=\"--awb-padding-right:150px;--awb-padding-left:150px;--awb-bg-size:cover;\"><div class=\"fusion-column-wrapper fusion-column-has-shadow fusion-flex-column-wrapper-legacy\"><div class=\"fusion-sep-clear\"><\/div><div class=\"fusion-separator fusion-full-width-sep\" style=\"margin-left: auto;margin-right: auto;margin-top:20px;width:100%;\"><\/div><div class=\"fusion-sep-clear\"><\/div><div class=\"fusion-text fusion-text-6\"><p><span style=\"color: #333333;\"><strong>Zugeh\u00f6rige Blogbeitr\u00e4ge:<\/strong><\/span><\/p>\n<\/div><div class=\"fusion-sep-clear\"><\/div><div class=\"fusion-separator fusion-full-width-sep\" style=\"margin-left: auto;margin-right: auto;margin-top:20px;width:100%;\"><\/div><div class=\"fusion-sep-clear\"><\/div><div class=\"fusion-blog-shortcode fusion-blog-shortcode-1 fusion-blog-archive fusion-blog-layout-grid-wrapper fusion-blog-infinite\"><style type=\"text\/css\">.fusion-blog-shortcode-1 .fusion-blog-layout-grid .fusion-post-grid{padding:20px;}.fusion-blog-shortcode-1 .fusion-posts-container{margin-left: -20px !important; margin-right:-20px !important;}<\/style><div class=\"fusion-posts-container fusion-posts-container-infinite fusion-posts-container-load-more fusion-blog-layout-grid fusion-blog-layout-grid-3 isotope fusion-blog-equal-heights\" data-pages=\"3\" data-grid-col-space=\"40\" style=\"margin: -20px -20px 0;min-height:500px;\"><article id=\"blog-1-post-16990\" class=\"fusion-post-grid post-16990 post type-post status-publish format-standard has-post-thumbnail hentry category-news category-botanicals category-trends-topics category-innovations\">\n<div class=\"fusion-post-wrapper\" style=\"background-color:rgba(255,255,255,1);border:1px solid #e2e2e2;border-bottom-width:3px;\">\n\n\t\t\t<div class=\"fusion-flexslider flexslider fusion-flexslider-loading fusion-post-slideshow\" style=\"border-color:#e2e2e2;\">\n\t\t<ul class=\"slides\">\n\t\t\t\n\t\t\t\t\t\t\t\t\t\t\t\t\t\t<li><div  class=\"fusion-image-wrapper\" aria-haspopup=\"true\">\n\t\t\t\t\t\t\t<a href=\"https:\/\/www.lipoid-kosmetik.com\/de\/herbasol-ferment-harness-the-power-of-biotransformation\/\" aria-label=\"Herbasol\u00ae Ferment \u2013 Harness the Power of Biotransformation\">\n\t\t\t\t\t\t\t<img decoding=\"async\" width=\"1060\" height=\"560\" src=\"https:\/\/www.lipoid-kosmetik.com\/wp-content\/uploads\/2026\/01\/Fermentation-Blogtitel.jpg\" class=\"attachment-full size-full wp-post-image\" alt=\"Herbasol\u00ae Ferment product range to harness the power of fermented plant extracts for cosmetics\" srcset=\"https:\/\/www.lipoid-kosmetik.com\/wp-content\/uploads\/2026\/01\/Fermentation-Blogtitel-200x106.jpg 200w, https:\/\/www.lipoid-kosmetik.com\/wp-content\/uploads\/2026\/01\/Fermentation-Blogtitel-400x211.jpg 400w, https:\/\/www.lipoid-kosmetik.com\/wp-content\/uploads\/2026\/01\/Fermentation-Blogtitel-600x317.jpg 600w, https:\/\/www.lipoid-kosmetik.com\/wp-content\/uploads\/2026\/01\/Fermentation-Blogtitel-800x423.jpg 800w, https:\/\/www.lipoid-kosmetik.com\/wp-content\/uploads\/2026\/01\/Fermentation-Blogtitel.jpg 1060w\" sizes=\"(min-width: 2200px) 100vw, (min-width: 880px) 440px, (min-width: 760px) 660px, (min-width: 640px) 760px, \" \/>\t\t\t<\/a>\n\t\t\t\t\t\t\t<\/div>\n<\/li>\n\t\t\t\n\t\t\t\n\t\t\t\t\t\t\t\t\t\t\t\t\t\t\t\t\t\t\t\t\t\t\t\t\t\t\t\t\t\t\t\t\t\t\t\t\t\t\t\t\t\t\t\t\t\t\t\t\t\t\t\t\t\t\t\t\t\t\t\t\t\t\t\t\t\t\t\t<\/ul>\n\t<\/div>\n\t<div class=\"fusion-post-content-wrapper\" style=\"padding:30px 25px 25px 25px;\"><div class=\"fusion-post-content post-content\"><h2 class=\"blog-shortcode-post-title entry-title\"><a href=\"https:\/\/www.lipoid-kosmetik.com\/de\/herbasol-ferment-harness-the-power-of-biotransformation\/\">Herbasol\u00ae Ferment \u2013 Harness the Power of Biotransformation<\/a><\/h2><p class=\"fusion-single-line-meta\"><span class=\"vcard\" style=\"display: none;\"><span class=\"fn\"><a href=\"https:\/\/www.lipoid-kosmetik.com\/de\/author\/marketing-lipoid-kosmetik\/\" title=\"Posts by marketing.lipoid-kosmetik\" rel=\"author\">marketing.lipoid-kosmetik<\/a><\/span><\/span><span class=\"updated\" style=\"display:none;\">2026-01-26T10:37:10+01:00<\/span><span>29.01.2026<\/span><span class=\"fusion-inline-sep\">|<\/span><\/p><div class=\"fusion-content-sep sep-single sep-solid\"><\/div><div class=\"fusion-post-content-container\"><p>     Fermentation-based skin care appeals to modern consumers by combining natural origin with biotechnology. Fermentation enhances the bioavailability of active compounds, generates new beneficial metabolites, and boosts nutrient density while supporting [...]<\/p><\/div><\/div><div class=\"fusion-meta-info\"><div class=\"fusion-alignleft\"><a class=\"fusion-read-more\" href=\"https:\/\/www.lipoid-kosmetik.com\/de\/herbasol-ferment-harness-the-power-of-biotransformation\/\" aria-label=\"More on Herbasol\u00ae Ferment \u2013 Harness the Power of Biotransformation\">Read More<\/a><\/div><\/div><\/div><div class=\"fusion-clearfix\"><\/div><\/div>\n<\/article>\n<article id=\"blog-1-post-16873\" class=\"fusion-post-grid post-16873 post type-post status-publish format-standard has-post-thumbnail hentry category-news category-botanicals category-sustainability\">\n<div class=\"fusion-post-wrapper\" style=\"background-color:rgba(255,255,255,1);border:1px solid #e2e2e2;border-bottom-width:3px;\">\n\n\t\t\t<div class=\"fusion-flexslider flexslider fusion-flexslider-loading fusion-post-slideshow\" style=\"border-color:#e2e2e2;\">\n\t\t<ul class=\"slides\">\n\t\t\t\n\t\t\t\t\t\t\t\t\t\t\t\t\t\t<li><div  class=\"fusion-image-wrapper\" aria-haspopup=\"true\">\n\t\t\t\t\t\t\t<a href=\"https:\/\/www.lipoid-kosmetik.com\/de\/cashew-apple-the-hidden-superfruit-packed-with-vitamin-c\/\" aria-label=\"Cashew Apple: The Hidden Superfruit Packed with Vitamin C\">\n\t\t\t\t\t\t\t<img decoding=\"async\" width=\"1060\" height=\"560\" src=\"https:\/\/www.lipoid-kosmetik.com\/wp-content\/uploads\/2025\/09\/Akoua_Team.jpg\" class=\"attachment-full size-full wp-post-image\" alt=\"The Akoua team showcasing Cashew apple juice and lemonade in front of the beautiful cashew nut tree\" srcset=\"https:\/\/www.lipoid-kosmetik.com\/wp-content\/uploads\/2025\/09\/Akoua_Team-200x106.jpg 200w, https:\/\/www.lipoid-kosmetik.com\/wp-content\/uploads\/2025\/09\/Akoua_Team-400x211.jpg 400w, https:\/\/www.lipoid-kosmetik.com\/wp-content\/uploads\/2025\/09\/Akoua_Team-600x317.jpg 600w, https:\/\/www.lipoid-kosmetik.com\/wp-content\/uploads\/2025\/09\/Akoua_Team-800x423.jpg 800w, https:\/\/www.lipoid-kosmetik.com\/wp-content\/uploads\/2025\/09\/Akoua_Team.jpg 1060w\" sizes=\"(min-width: 2200px) 100vw, (min-width: 880px) 440px, (min-width: 760px) 660px, (min-width: 640px) 760px, \" \/>\t\t\t<\/a>\n\t\t\t\t\t\t\t<\/div>\n<\/li>\n\t\t\t\n\t\t\t\n\t\t\t\t\t\t\t\t\t\t\t\t\t\t\t\t\t\t\t\t\t\t\t\t\t\t\t\t\t\t\t\t\t\t\t\t\t\t\t\t\t\t\t\t\t\t\t\t\t\t\t\t\t\t\t\t\t\t\t\t\t\t\t\t\t\t\t\t<\/ul>\n\t<\/div>\n\t<div class=\"fusion-post-content-wrapper\" style=\"padding:30px 25px 25px 25px;\"><div class=\"fusion-post-content post-content\"><h2 class=\"blog-shortcode-post-title entry-title\"><a href=\"https:\/\/www.lipoid-kosmetik.com\/de\/cashew-apple-the-hidden-superfruit-packed-with-vitamin-c\/\">Cashew Apple: The Hidden Superfruit Packed with Vitamin C<\/a><\/h2><p class=\"fusion-single-line-meta\"><span class=\"vcard\" style=\"display: none;\"><span class=\"fn\"><a href=\"https:\/\/www.lipoid-kosmetik.com\/de\/author\/marketing-lipoid-kosmetik\/\" title=\"Posts by marketing.lipoid-kosmetik\" rel=\"author\">marketing.lipoid-kosmetik<\/a><\/span><\/span><span class=\"updated\" style=\"display:none;\">2025-09-24T14:08:48+02:00<\/span><span>01.10.2025<\/span><span class=\"fusion-inline-sep\">|<\/span><\/p><div class=\"fusion-content-sep sep-single sep-solid\"><\/div><div class=\"fusion-post-content-container\"><p> When we think of cashews, we usually picture the crunchy kernels\u2014healthy, versatile and popular. But what many people don\u2019t know: every single cashew nut grows on a fruit\u2014the cashew apple. This vibrant yellow-to-red fruit, [...]<\/p><\/div><\/div><div class=\"fusion-meta-info\"><div class=\"fusion-alignleft\"><a class=\"fusion-read-more\" href=\"https:\/\/www.lipoid-kosmetik.com\/de\/cashew-apple-the-hidden-superfruit-packed-with-vitamin-c\/\" aria-label=\"More on Cashew Apple: The Hidden Superfruit Packed with Vitamin C\">Read More<\/a><\/div><\/div><\/div><div class=\"fusion-clearfix\"><\/div><\/div>\n<\/article>\n<article id=\"blog-1-post-16426\" class=\"fusion-post-grid post-16426 post type-post status-publish format-standard has-post-thumbnail hentry category-news category-botanicals category-trends-topics category-innovations\">\n<div class=\"fusion-post-wrapper\" style=\"background-color:rgba(255,255,255,1);border:1px solid #e2e2e2;border-bottom-width:3px;\">\n\n\t\t\t<div class=\"fusion-flexslider flexslider fusion-flexslider-loading fusion-post-slideshow\" style=\"border-color:#e2e2e2;\">\n\t\t<ul class=\"slides\">\n\t\t\t\n\t\t\t\t\t\t\t\t\t\t\t\t\t\t<li><div  class=\"fusion-image-wrapper\" aria-haspopup=\"true\">\n\t\t\t\t\t\t\t<a href=\"https:\/\/www.lipoid-kosmetik.com\/de\/herbasol-fresh-plant-juice-pure-plant-power-for-the-skin\/\" aria-label=\"Herbasol\u00ae Fresh Plant Juice \u2013 Pure Plant Power for the Skin\">\n\t\t\t\t\t\t\t<img decoding=\"async\" width=\"1060\" height=\"560\" src=\"https:\/\/www.lipoid-kosmetik.com\/wp-content\/uploads\/2025\/03\/Trends_Topics_Herbasol-Fresh-Plant-Juice_Titel.jpg\" class=\"attachment-full size-full wp-post-image\" alt=\"Herbasol\u00ae Fresh Plant Juice product range providing the pure plant power for the skin from fresh plant juices\" srcset=\"https:\/\/www.lipoid-kosmetik.com\/wp-content\/uploads\/2025\/03\/Trends_Topics_Herbasol-Fresh-Plant-Juice_Titel-200x106.jpg 200w, https:\/\/www.lipoid-kosmetik.com\/wp-content\/uploads\/2025\/03\/Trends_Topics_Herbasol-Fresh-Plant-Juice_Titel-400x211.jpg 400w, https:\/\/www.lipoid-kosmetik.com\/wp-content\/uploads\/2025\/03\/Trends_Topics_Herbasol-Fresh-Plant-Juice_Titel-600x317.jpg 600w, https:\/\/www.lipoid-kosmetik.com\/wp-content\/uploads\/2025\/03\/Trends_Topics_Herbasol-Fresh-Plant-Juice_Titel-800x423.jpg 800w, https:\/\/www.lipoid-kosmetik.com\/wp-content\/uploads\/2025\/03\/Trends_Topics_Herbasol-Fresh-Plant-Juice_Titel.jpg 1060w\" sizes=\"(min-width: 2200px) 100vw, (min-width: 880px) 440px, (min-width: 760px) 660px, (min-width: 640px) 760px, \" \/>\t\t\t<\/a>\n\t\t\t\t\t\t\t<\/div>\n<\/li>\n\t\t\t\n\t\t\t\n\t\t\t\t\t\t\t\t\t\t\t\t\t\t\t\t\t\t\t\t\t\t\t\t\t\t\t\t\t\t\t\t\t\t\t\t\t\t\t\t\t\t\t\t\t\t\t\t\t\t\t\t\t\t\t\t\t\t\t\t\t\t\t\t\t\t\t\t<\/ul>\n\t<\/div>\n\t<div class=\"fusion-post-content-wrapper\" style=\"padding:30px 25px 25px 25px;\"><div class=\"fusion-post-content post-content\"><h2 class=\"blog-shortcode-post-title entry-title\"><a href=\"https:\/\/www.lipoid-kosmetik.com\/de\/herbasol-fresh-plant-juice-pure-plant-power-for-the-skin\/\">Herbasol\u00ae Fresh Plant Juice \u2013 Pure Plant Power for the Skin<\/a><\/h2><p class=\"fusion-single-line-meta\"><span class=\"vcard\" style=\"display: none;\"><span class=\"fn\"><a href=\"https:\/\/www.lipoid-kosmetik.com\/de\/author\/marketing-lipoid-kosmetik\/\" title=\"Posts by marketing.lipoid-kosmetik\" rel=\"author\">marketing.lipoid-kosmetik<\/a><\/span><\/span><span class=\"updated\" style=\"display:none;\">2025-04-02T09:02:34+02:00<\/span><span>02.04.2025<\/span><span class=\"fusion-inline-sep\">|<\/span><\/p><div class=\"fusion-content-sep sep-single sep-solid\"><\/div><div class=\"fusion-post-content-container\"><p>     Straight from the plant \u2013 no loss of freshness! While traditional botanical extracts rely on drying before extraction, fresh plant juices preserve the plant\u2019s full vitality, delivering a potent, nutrient-rich [...]<\/p><\/div><\/div><div class=\"fusion-meta-info\"><div class=\"fusion-alignleft\"><a class=\"fusion-read-more\" href=\"https:\/\/www.lipoid-kosmetik.com\/de\/herbasol-fresh-plant-juice-pure-plant-power-for-the-skin\/\" aria-label=\"More on Herbasol\u00ae Fresh Plant Juice \u2013 Pure Plant Power for the Skin\">Read More<\/a><\/div><\/div><\/div><div class=\"fusion-clearfix\"><\/div><\/div>\n<\/article>\n<div class=\"fusion-clearfix\"><\/div><\/div><div class=\"fusion-infinite-scroll-trigger\"><\/div><div class=\"pagination infinite-scroll clearfix\" style=\"display:none;\"><span class=\"current\">1<\/span><a href=\"https:\/\/www.lipoid-kosmetik.com\/de\/wp-json\/wp\/v2\/pages\/13439\/page\/2\/\" class=\"inactive\">2<\/a><a class=\"pagination-next\" rel=\"next\" href=\"https:\/\/www.lipoid-kosmetik.com\/de\/wp-json\/wp\/v2\/pages\/13439\/page\/2\/\"><span class=\"page-text\">Next<\/span><span class=\"page-next\"><\/span><\/a><\/div><div class=\"fusion-clearfix\"><\/div><button class=\"fusion-load-more-button fusion-blog-button fusion-clearfix\">Load More Posts<\/button><\/div><div class=\"fusion-clearfix\"><\/div><\/div><\/div><\/div><\/div><div class=\"fusion-fullwidth fullwidth-box fusion-builder-row-5 nonhundred-percent-fullwidth non-hundred-percent-height-scrolling\" style=\"--awb-border-radius-top-left:0px;--awb-border-radius-top-right:0px;--awb-border-radius-bottom-right:0px;--awb-border-radius-bottom-left:0px;--awb-margin-top:35px;--awb-flex-wrap:wrap;\" ><div class=\"fusion-builder-row fusion-row\"><div class=\"fusion-layout-column fusion_builder_column fusion-builder-column-10 fusion_builder_column_1_1 1_1 fusion-one-full fusion-column-first fusion-column-last\" style=\"--awb-padding-right:150px;--awb-padding-left:150px;--awb-bg-size:cover;\"><div class=\"fusion-column-wrapper fusion-column-has-shadow fusion-flex-column-wrapper-legacy\"><div class=\"fusion-text fusion-text-7\">\n<\/div><div class=\"fusion-clearfix\"><\/div><\/div><\/div><\/div><\/div><\/p>\n","protected":false},"excerpt":{"rendered":"","protected":false},"author":2,"featured_media":0,"parent":5519,"menu_order":2,"comment_status":"closed","ping_status":"closed","template":"","meta":{"_acf_changed":false,"footnotes":""},"class_list":["post-13439","page","type-page","status-publish","hentry"],"acf":[],"_links":{"self":[{"href":"https:\/\/www.lipoid-kosmetik.com\/de\/wp-json\/wp\/v2\/pages\/13439","targetHints":{"allow":["GET"]}}],"collection":[{"href":"https:\/\/www.lipoid-kosmetik.com\/de\/wp-json\/wp\/v2\/pages"}],"about":[{"href":"https:\/\/www.lipoid-kosmetik.com\/de\/wp-json\/wp\/v2\/types\/page"}],"author":[{"embeddable":true,"href":"https:\/\/www.lipoid-kosmetik.com\/de\/wp-json\/wp\/v2\/users\/2"}],"replies":[{"embeddable":true,"href":"https:\/\/www.lipoid-kosmetik.com\/de\/wp-json\/wp\/v2\/comments?post=13439"}],"version-history":[{"count":12,"href":"https:\/\/www.lipoid-kosmetik.com\/de\/wp-json\/wp\/v2\/pages\/13439\/revisions"}],"predecessor-version":[{"id":16696,"href":"https:\/\/www.lipoid-kosmetik.com\/de\/wp-json\/wp\/v2\/pages\/13439\/revisions\/16696"}],"up":[{"embeddable":true,"href":"https:\/\/www.lipoid-kosmetik.com\/de\/wp-json\/wp\/v2\/pages\/5519"}],"wp:attachment":[{"href":"https:\/\/www.lipoid-kosmetik.com\/de\/wp-json\/wp\/v2\/media?parent=13439"}],"curies":[{"name":"wp","href":"https:\/\/api.w.org\/{rel}","templated":true}]}}