{"id":15564,"date":"2024-07-23T15:28:37","date_gmt":"2024-07-23T13:28:37","guid":{"rendered":"https:\/\/www.lipoid-kosmetik.com\/?page_id=15564"},"modified":"2026-03-20T11:29:36","modified_gmt":"2026-03-20T10:29:36","slug":"wirkstoffe","status":"publish","type":"page","link":"https:\/\/www.lipoid-kosmetik.com\/de\/phospholipide\/wirkstoffe\/","title":{"rendered":"Wirkstoffe"},"content":{"rendered":"<p><div class=\"fusion-fullwidth fullwidth-box fusion-builder-row-1 nonhundred-percent-fullwidth non-hundred-percent-height-scrolling fusion-equal-height-columns head-banner\" style=\"--awb-border-radius-top-left:0px;--awb-border-radius-top-right:0px;--awb-border-radius-bottom-right:0px;--awb-border-radius-bottom-left:0px;--awb-margin-bottom:60px;--awb-flex-wrap:wrap;\" ><div class=\"fusion-builder-row fusion-row\"><div class=\"fusion-layout-column fusion_builder_column fusion-builder-column-0 fusion_builder_column_2_3 2_3 fusion-two-third fusion-column-first fusion-column-inner-bg-wrapper\" style=\"--awb-padding-top:250px;--awb-inner-bg-image:url(&#039;https:\/\/www.lipoid-kosmetik.com\/wp-content\/uploads\/2024\/07\/Lipoid-Kosmetik_slm_eco_actives.jpg&#039;);--awb-inner-bg-position:center center;--awb-inner-bg-size:cover;width:66.666666666667%;width:calc(66.666666666667% - ( ( 0px ) * 0.66666666666667 ) );margin-right: 0px;\" data-scroll-devices=\"small-visibility,medium-visibility,large-visibility\"><span class=\"fusion-column-inner-bg hover-type-zoomin\"><span class=\"fusion-column-anchor\"><span class=\"fusion-column-inner-bg-image\"><\/span><\/span><\/span><div class=\"fusion-column-wrapper fusion-column-has-shadow fusion-flex-column-wrapper-legacy fusion-empty-column-bg-image fusion-column-has-bg-image\" data-bg-url=\"https:\/\/www.lipoid-kosmetik.com\/wp-content\/uploads\/2024\/07\/Lipoid-Kosmetik_slm_eco_actives.jpg\"><img decoding=\"async\" class=\"fusion-empty-dims-img-placeholder fusion-no-large-visibility\" alt=\"Phospholipids serve as actives for skin protection and skin rejuvenation\" aria-label=\"Lipoid-Kosmetik_slm_eco_actives\" src=\"data:image\/svg+xml,%3Csvg%20xmlns%3D%27http%3A%2F%2Fwww.w3.org%2F2000%2Fsvg%27%20width%3D%27933%27%20height%3D%27250%27%20viewBox%3D%270%200%20933%20250%27%3E%3Crect%20width%3D%27933%27%20height%3D%27250%27%20fill-opacity%3D%220%22%2F%3E%3C%2Fsvg%3E\"><div class=\"fusion-clearfix\"><\/div><\/div><\/div><div class=\"fusion-layout-column fusion_builder_column fusion-builder-column-1 fusion_builder_column_1_3 1_3 fusion-one-third fusion-column-last banner-row\" style=\"--awb-bg-color:#718849;--awb-bg-color-hover:#718849;--awb-bg-size:cover;width:33.333333333333%;width:calc(33.333333333333% - ( ( 0px ) * 0.33333333333333 ) );\"><div class=\"fusion-column-wrapper fusion-column-has-shadow fusion-flex-column-wrapper-legacy\"><div class=\"fusion-column-content-centered\"><div class=\"fusion-column-content\"><div class=\"fusion-text fusion-text-1 banner-text\"><p><span class=\"banner-slogan\">Formulierungen mit nat\u00fcrlichen Phospholipiden: Premium-Hautpflege kann so einfach sein.<\/span><\/p>\n<\/div><\/div><\/div><div class=\"fusion-clearfix\"><\/div><\/div><\/div><\/div><\/div><div class=\"fusion-fullwidth fullwidth-box fusion-builder-row-2 nonhundred-percent-fullwidth non-hundred-percent-height-scrolling\" style=\"--awb-border-radius-top-left:0px;--awb-border-radius-top-right:0px;--awb-border-radius-bottom-right:0px;--awb-border-radius-bottom-left:0px;--awb-margin-top:0px;--awb-flex-wrap:wrap;\" ><div class=\"fusion-builder-row fusion-row\"><div class=\"fusion-layout-column fusion_builder_column fusion-builder-column-2 fusion_builder_column_1_1 1_1 fusion-one-full fusion-column-first fusion-column-last\" style=\"--awb-padding-right:150px;--awb-padding-left:150px;--awb-bg-size:cover;\"><div class=\"fusion-column-wrapper fusion-column-has-shadow fusion-flex-column-wrapper-legacy\"><div class=\"fusion-text fusion-text-2\">\n    <div class=\"lip-breadcrumbs\" style=\"padding: 0;\">\n        <ul>\n            <li>\n                <a href=\"\/\">Lipoid Kosmetik<\/a>\n            <\/li>\n            <li>\n                <a href=\"https:\/\/www.lipoid-kosmetik.com\/de\/phospholipide\/\">Phospholipide<\/a>\n            <\/li>\n            <li>\n                Wirkstoffe\n            <\/li>\n        <\/ul>\n        <\/div>\n<\/div><div class=\"fusion-clearfix\"><\/div><\/div><\/div><div class=\"fusion-layout-column fusion_builder_column fusion-builder-column-3 fusion_builder_column_1_1 1_1 fusion-one-full fusion-column-first fusion-column-last\" style=\"--awb-padding-right:150px;--awb-padding-left:150px;--awb-bg-size:cover;\"><div class=\"fusion-column-wrapper fusion-column-has-shadow fusion-flex-column-wrapper-legacy\"><div class=\"fusion-title title fusion-title-1 fusion-sep-none fusion-title-text fusion-title-size-one\" style=\"--awb-text-color:#718849;--awb-margin-bottom:35px;--awb-margin-top-small:10px;--awb-margin-right-small:0px;--awb-margin-bottom-small:10px;--awb-margin-left-small:0px;\"><h1 class=\"fusion-title-heading title-heading-left\" style=\"margin:0;\">Phospholipide als Wirkstoffe<\/h1><\/div><div class=\"fusion-text fusion-text-3\"><p>Aufgrund ihres amphiphilen Charakters und ihrer F\u00e4higkeit, mit der menschlichen Haut zu interagieren, k\u00f6nnen Phospholipide als Wirkstoffe f\u00fcr Hautschutz und Hautverj\u00fcngung dienen.<\/p>\n<p>Ges\u00e4ttigte Phospholipide unterst\u00fctzen die Reparatur und Wiederherstellung der nat\u00fcrlichen Schutzbarriere unserer Haut. Sie imitieren die lamellaren Strukturen der extrazellul\u00e4ren Matrix und bilden eine Schutzschicht, welche die Haut vor Feuchtigkeitsverlust sch\u00fctzt. Ges\u00e4ttigte Phospholipide eignen sich angesichts ihrer un\u00fcbertroffenen Vertr\u00e4glichkeit und Milde hervorragend als Inhaltsstoff in der Dermokosmetik, in Produkten f\u00fcr empfindliche oder gesch\u00e4digte Haut oder in Baby- und Intimpflegeprodukten.<\/p>\n<p>Unges\u00e4ttigte Phospholipide sind wichtige Molek\u00fcle, die am Prozess der Hautbildung und Hauterneuerung beteiligt sind. Als kosmetische Wirkstoffe k\u00f6nnen sie den sichtbaren Zeichen der Hautalterung auf zellul\u00e4rer Ebene deutlich entgegenwirken, indem sie die Bildung von Hyalurons\u00e4ure anregen und die Menge von aktivem MMP-1 verringern.<\/p>\n<p>Weitere Informationen erhalten Sie in unserem\u00a0<a href=\"https:\/\/www.lipoid-kosmetik.com\/phospholipids\/product-finder\/\">Product Finder<\/a>\u00a0und in unseren <a href=\"#blog\">Blogbeitr\u00e4gen<\/a>.<\/p>\n<\/div><div class=\"fusion-clearfix\"><\/div><\/div><\/div><div class=\"fusion-layout-column fusion_builder_column fusion-builder-column-4 fusion_builder_column_1_1 1_1 fusion-one-full fusion-column-first fusion-column-last\" style=\"--awb-padding-top:50px;--awb-padding-right:150px;--awb-padding-bottom:50px;--awb-padding-left:150px;--awb-bg-size:cover;\" data-scroll-devices=\"small-visibility,medium-visibility,large-visibility\"><div class=\"fusion-column-wrapper fusion-column-has-shadow fusion-flex-column-wrapper-legacy\"><div class=\"fusion-image-element fusion-image-align-center in-legacy-container\" style=\"text-align:center;--awb-max-width:800px;--awb-caption-title-font-family:var(--h2_typography-font-family);--awb-caption-title-font-weight:var(--h2_typography-font-weight);--awb-caption-title-font-style:var(--h2_typography-font-style);--awb-caption-title-size:var(--h2_typography-font-size);--awb-caption-title-transform:var(--h2_typography-text-transform);--awb-caption-title-line-height:var(--h2_typography-line-height);--awb-caption-title-letter-spacing:var(--h2_typography-letter-spacing);\"><div class=\"imageframe-align-center\"><span class=\" fusion-imageframe imageframe-none imageframe-1 hover-type-none\"><img decoding=\"async\" width=\"1100\" height=\"820\" alt=\"Product selector chart of our phospholipids actives\" title=\"LIPOID_KOSMETIK_selector_chart_actives\" src=\"https:\/\/www.lipoid-kosmetik.com\/wp-content\/uploads\/2024\/07\/LIPOID_KOSMETIK_selector_chart_actives.jpg\" class=\"img-responsive wp-image-15520\" srcset=\"https:\/\/www.lipoid-kosmetik.com\/wp-content\/uploads\/2024\/07\/LIPOID_KOSMETIK_selector_chart_actives-200x149.jpg 200w, https:\/\/www.lipoid-kosmetik.com\/wp-content\/uploads\/2024\/07\/LIPOID_KOSMETIK_selector_chart_actives-400x298.jpg 400w, https:\/\/www.lipoid-kosmetik.com\/wp-content\/uploads\/2024\/07\/LIPOID_KOSMETIK_selector_chart_actives-600x447.jpg 600w, https:\/\/www.lipoid-kosmetik.com\/wp-content\/uploads\/2024\/07\/LIPOID_KOSMETIK_selector_chart_actives-800x596.jpg 800w, https:\/\/www.lipoid-kosmetik.com\/wp-content\/uploads\/2024\/07\/LIPOID_KOSMETIK_selector_chart_actives.jpg 1100w\" sizes=\"(max-width: 800px) 100vw, 1100px\" \/><\/span><\/div><\/div><div class=\"fusion-menu-anchor\" id=\"blog\"><\/div><div class=\"fusion-clearfix\"><\/div><\/div><\/div><\/div><\/div><div class=\"fusion-fullwidth fullwidth-box fusion-builder-row-3 has-pattern-background has-mask-background nonhundred-percent-fullwidth non-hundred-percent-height-scrolling\" style=\"--awb-border-radius-top-left:0px;--awb-border-radius-top-right:0px;--awb-border-radius-bottom-right:0px;--awb-border-radius-bottom-left:0px;--awb-background-color:rgba(126,140,116,0.1);--awb-flex-wrap:wrap;\" ><div class=\"fusion-builder-row fusion-row\"><div class=\"fusion-layout-column fusion_builder_column fusion-builder-column-5 fusion_builder_column_1_1 1_1 fusion-one-full fusion-column-first fusion-column-last\" style=\"--awb-padding-right:150px;--awb-padding-left:150px;--awb-bg-size:cover;\"><div class=\"fusion-column-wrapper fusion-column-has-shadow fusion-flex-column-wrapper-legacy\"><div class=\"fusion-sep-clear\"><\/div><div class=\"fusion-separator fusion-full-width-sep\" style=\"margin-left: auto;margin-right: auto;margin-top:20px;width:100%;\"><\/div><div class=\"fusion-sep-clear\"><\/div><div class=\"fusion-text fusion-text-4\"><p><span style=\"color: #333333;\"><strong>Zugeh\u00f6rige Blogbeitr\u00e4ge:<\/strong><\/span><\/p>\n<\/div><div class=\"fusion-sep-clear\"><\/div><div class=\"fusion-separator fusion-full-width-sep\" style=\"margin-left: auto;margin-right: auto;margin-top:20px;width:100%;\"><\/div><div class=\"fusion-sep-clear\"><\/div><div class=\"fusion-blog-shortcode fusion-blog-shortcode-1 fusion-blog-archive fusion-blog-layout-grid-wrapper fusion-blog-infinite\"><style type=\"text\/css\">.fusion-blog-shortcode-1 .fusion-blog-layout-grid .fusion-post-grid{padding:20px;}.fusion-blog-shortcode-1 .fusion-posts-container{margin-left: -20px !important; margin-right:-20px !important;}<\/style><div class=\"fusion-posts-container fusion-posts-container-infinite fusion-posts-container-load-more fusion-blog-layout-grid fusion-blog-layout-grid-3 isotope fusion-blog-equal-heights\" data-pages=\"4\" data-grid-col-space=\"40\" style=\"margin: -20px -20px 0;min-height:500px;\"><article id=\"blog-1-post-17134\" class=\"fusion-post-grid post-17134 post type-post status-publish format-standard has-post-thumbnail hentry category-news category-phospholipids\">\n<div class=\"fusion-post-wrapper\" style=\"background-color:rgba(255,255,255,1);border:1px solid #e2e2e2;border-bottom-width:3px;\">\n\n\t\t\t<div class=\"fusion-flexslider flexslider fusion-flexslider-loading fusion-post-slideshow\" style=\"border-color:#e2e2e2;\">\n\t\t<ul class=\"slides\">\n\t\t\t\n\t\t\t\t\t\t\t\t\t\t\t\t\t\t<li><div  class=\"fusion-image-wrapper\" aria-haspopup=\"true\">\n\t\t\t\t\t\t\t<a href=\"https:\/\/www.lipoid-kosmetik.com\/de\/phospholipon-90-h-ip-biomimetic-barrier-boost-meets-superior-skin-sensation\/\" aria-label=\"PHOSPHOLIPON\u00ae 90 H IP \u2013 Biomimetic Barrier Boost Meets Superior Skin Sensation\">\n\t\t\t\t\t\t\t<img decoding=\"async\" width=\"1060\" height=\"560\" src=\"https:\/\/www.lipoid-kosmetik.com\/wp-content\/uploads\/2026\/01\/LK_PN-90-H-IP_Blogtitel.jpg\" class=\"attachment-full size-full wp-post-image\" alt=\"\" srcset=\"https:\/\/www.lipoid-kosmetik.com\/wp-content\/uploads\/2026\/01\/LK_PN-90-H-IP_Blogtitel-200x106.jpg 200w, https:\/\/www.lipoid-kosmetik.com\/wp-content\/uploads\/2026\/01\/LK_PN-90-H-IP_Blogtitel-400x211.jpg 400w, https:\/\/www.lipoid-kosmetik.com\/wp-content\/uploads\/2026\/01\/LK_PN-90-H-IP_Blogtitel-600x317.jpg 600w, https:\/\/www.lipoid-kosmetik.com\/wp-content\/uploads\/2026\/01\/LK_PN-90-H-IP_Blogtitel-800x423.jpg 800w, https:\/\/www.lipoid-kosmetik.com\/wp-content\/uploads\/2026\/01\/LK_PN-90-H-IP_Blogtitel.jpg 1060w\" sizes=\"(min-width: 2200px) 100vw, (min-width: 880px) 440px, (min-width: 760px) 660px, (min-width: 640px) 760px, \" \/>\t\t\t<\/a>\n\t\t\t\t\t\t\t<\/div>\n<\/li>\n\t\t\t\n\t\t\t\n\t\t\t\t\t\t\t\t\t\t\t\t\t\t\t\t\t\t\t\t\t\t\t\t\t\t\t\t\t\t\t\t\t\t\t\t\t\t\t\t\t\t\t\t\t\t\t\t\t\t\t\t\t\t\t\t\t\t\t\t\t\t\t\t\t\t\t\t<\/ul>\n\t<\/div>\n\t<div class=\"fusion-post-content-wrapper\" style=\"padding:30px 25px 25px 25px;\"><div class=\"fusion-post-content post-content\"><h2 class=\"blog-shortcode-post-title entry-title\"><a href=\"https:\/\/www.lipoid-kosmetik.com\/de\/phospholipon-90-h-ip-biomimetic-barrier-boost-meets-superior-skin-sensation\/\">PHOSPHOLIPON\u00ae 90 H IP \u2013 Biomimetic Barrier Boost Meets Superior Skin Sensation<\/a><\/h2><p class=\"fusion-single-line-meta\"><span class=\"vcard\" style=\"display: none;\"><span class=\"fn\"><a href=\"https:\/\/www.lipoid-kosmetik.com\/de\/author\/marketing-lipoid-kosmetik\/\" title=\"Posts by marketing.lipoid-kosmetik\" rel=\"author\">marketing.lipoid-kosmetik<\/a><\/span><\/span><span class=\"updated\" style=\"display:none;\">2026-04-09T16:24:30+02:00<\/span><span>09.04.2026<\/span><span class=\"fusion-inline-sep\">|<\/span><\/p><div class=\"fusion-content-sep sep-single sep-solid\"><\/div><div class=\"fusion-post-content-container\"><p>Consumers and formulators alike are increasingly drawn to formulations with thoughtfully curated ingredients. By focusing on fewer, but high-quality ingredients, these products reduce the risk of irritation while delivering maximum efficacy. Phospholipids perfectly fulfill the [...]<\/p><\/div><\/div><div class=\"fusion-meta-info\"><div class=\"fusion-alignleft\"><a class=\"fusion-read-more\" href=\"https:\/\/www.lipoid-kosmetik.com\/de\/phospholipon-90-h-ip-biomimetic-barrier-boost-meets-superior-skin-sensation\/\" aria-label=\"More on PHOSPHOLIPON\u00ae 90 H IP \u2013 Biomimetic Barrier Boost Meets Superior Skin Sensation\">Read More<\/a><\/div><\/div><\/div><div class=\"fusion-clearfix\"><\/div><\/div>\n<\/article>\n<article id=\"blog-1-post-16651\" class=\"fusion-post-grid post-16651 post type-post status-publish format-standard has-post-thumbnail hentry category-phospholipids category-publications\">\n<div class=\"fusion-post-wrapper\" style=\"background-color:rgba(255,255,255,1);border:1px solid #e2e2e2;border-bottom-width:3px;\">\n\n\t\t\t<div class=\"fusion-flexslider flexslider fusion-flexslider-loading fusion-post-slideshow\" style=\"border-color:#e2e2e2;\">\n\t\t<ul class=\"slides\">\n\t\t\t\n\t\t\t\t\t\t\t\t\t\t\t\t\t\t<li><div  class=\"fusion-image-wrapper\" aria-haspopup=\"true\">\n\t\t\t\t\t\t\t<a href=\"https:\/\/www.lipoid-kosmetik.com\/de\/the-smart-carrier-system-for-lipophilic-cosmetic-actives\/\" aria-label=\"The Smart Carrier System for Lipophilic Cosmetic Actives\">\n\t\t\t\t\t\t\t<img decoding=\"async\" width=\"1060\" height=\"560\" src=\"https:\/\/www.lipoid-kosmetik.com\/wp-content\/uploads\/2025\/05\/Blogbeitrag_Cover-June-LU.jpg\" class=\"attachment-full size-full wp-post-image\" alt=\"Personal Care cover article PhytoSolve Range 2025\" srcset=\"https:\/\/www.lipoid-kosmetik.com\/wp-content\/uploads\/2025\/05\/Blogbeitrag_Cover-June-LU-200x106.jpg 200w, https:\/\/www.lipoid-kosmetik.com\/wp-content\/uploads\/2025\/05\/Blogbeitrag_Cover-June-LU-400x211.jpg 400w, https:\/\/www.lipoid-kosmetik.com\/wp-content\/uploads\/2025\/05\/Blogbeitrag_Cover-June-LU-600x317.jpg 600w, https:\/\/www.lipoid-kosmetik.com\/wp-content\/uploads\/2025\/05\/Blogbeitrag_Cover-June-LU-800x423.jpg 800w, https:\/\/www.lipoid-kosmetik.com\/wp-content\/uploads\/2025\/05\/Blogbeitrag_Cover-June-LU.jpg 1060w\" sizes=\"(min-width: 2200px) 100vw, (min-width: 880px) 440px, (min-width: 760px) 660px, (min-width: 640px) 760px, \" \/>\t\t\t<\/a>\n\t\t\t\t\t\t\t<\/div>\n<\/li>\n\t\t\t\n\t\t\t\n\t\t\t\t\t\t\t\t\t\t\t\t\t\t\t\t\t\t\t\t\t\t\t\t\t\t\t\t\t\t\t\t\t\t\t\t\t\t\t\t\t\t\t\t\t\t\t\t\t\t\t\t\t\t\t\t\t\t\t\t\t\t\t\t\t\t\t\t<\/ul>\n\t<\/div>\n\t<div class=\"fusion-post-content-wrapper\" style=\"padding:30px 25px 25px 25px;\"><div class=\"fusion-post-content post-content\"><h2 class=\"blog-shortcode-post-title entry-title\"><a href=\"https:\/\/www.lipoid-kosmetik.com\/de\/the-smart-carrier-system-for-lipophilic-cosmetic-actives\/\">The Smart Carrier System for Lipophilic Cosmetic Actives<\/a><\/h2><p class=\"fusion-single-line-meta\"><span class=\"vcard\" style=\"display: none;\"><span class=\"fn\"><a href=\"https:\/\/www.lipoid-kosmetik.com\/de\/author\/marketing-lipoid-kosmetik\/\" title=\"Posts by marketing.lipoid-kosmetik\" rel=\"author\">marketing.lipoid-kosmetik<\/a><\/span><\/span><span class=\"updated\" style=\"display:none;\">2025-11-24T13:30:00+01:00<\/span><span>17.06.2025<\/span><span class=\"fusion-inline-sep\">|<\/span><\/p><div class=\"fusion-content-sep sep-single sep-solid\"><\/div><div class=\"fusion-post-content-container\"><p>Modern consumers demand more from skincare: powerful results from natural, skin-friendly ingredients. Lipophilic cosmetic actives\u2014such as coenzyme Q10, vitamins A and E, and astaxanthin\u2014are known for their efficacy, but their full potential can only be [...]<\/p><\/div><\/div><div class=\"fusion-meta-info\"><div class=\"fusion-alignleft\"><a class=\"fusion-read-more\" href=\"https:\/\/www.lipoid-kosmetik.com\/de\/the-smart-carrier-system-for-lipophilic-cosmetic-actives\/\" aria-label=\"More on The Smart Carrier System for Lipophilic Cosmetic Actives\">Read More<\/a><\/div><\/div><\/div><div class=\"fusion-clearfix\"><\/div><\/div>\n<\/article>\n<article id=\"blog-1-post-16369\" class=\"fusion-post-grid post-16369 post type-post status-publish format-standard has-post-thumbnail hentry category-news category-phospholipids\">\n<div class=\"fusion-post-wrapper\" style=\"background-color:rgba(255,255,255,1);border:1px solid #e2e2e2;border-bottom-width:3px;\">\n\n\t\t\t<div class=\"fusion-flexslider flexslider fusion-flexslider-loading fusion-post-slideshow\" style=\"border-color:#e2e2e2;\">\n\t\t<ul class=\"slides\">\n\t\t\t\n\t\t\t\t\t\t\t\t\t\t\t\t\t\t<li><div  class=\"fusion-image-wrapper\" aria-haspopup=\"true\">\n\t\t\t\t\t\t\t<a href=\"https:\/\/www.lipoid-kosmetik.com\/de\/phytosolve-amplifying-the-potency-of-encapsulated-lipophilic-actives\/\" aria-label=\"PhytoSolve\u00ae \u2013 Amplifying the Potency of Encapsulated Lipophilic Actives\">\n\t\t\t\t\t\t\t<img decoding=\"async\" width=\"1060\" height=\"560\" src=\"https:\/\/www.lipoid-kosmetik.com\/wp-content\/uploads\/2025\/04\/PhytoSolve-Keyvisual_Blogbeitrag_Titel.jpg\" class=\"attachment-full size-full wp-post-image\" alt=\"PhytoSolve pre-loaded carrier system of unsaturated phospholipids and lipophilic actives for enhanced skin penetration\" srcset=\"https:\/\/www.lipoid-kosmetik.com\/wp-content\/uploads\/2025\/04\/PhytoSolve-Keyvisual_Blogbeitrag_Titel-200x106.jpg 200w, https:\/\/www.lipoid-kosmetik.com\/wp-content\/uploads\/2025\/04\/PhytoSolve-Keyvisual_Blogbeitrag_Titel-400x211.jpg 400w, https:\/\/www.lipoid-kosmetik.com\/wp-content\/uploads\/2025\/04\/PhytoSolve-Keyvisual_Blogbeitrag_Titel-600x317.jpg 600w, https:\/\/www.lipoid-kosmetik.com\/wp-content\/uploads\/2025\/04\/PhytoSolve-Keyvisual_Blogbeitrag_Titel-800x423.jpg 800w, https:\/\/www.lipoid-kosmetik.com\/wp-content\/uploads\/2025\/04\/PhytoSolve-Keyvisual_Blogbeitrag_Titel.jpg 1060w\" sizes=\"(min-width: 2200px) 100vw, (min-width: 880px) 440px, (min-width: 760px) 660px, (min-width: 640px) 760px, \" \/>\t\t\t<\/a>\n\t\t\t\t\t\t\t<\/div>\n<\/li>\n\t\t\t\n\t\t\t\n\t\t\t\t\t\t\t\t\t\t\t\t\t\t\t\t\t\t\t\t\t\t\t\t\t\t\t\t\t\t\t\t\t\t\t\t\t\t\t\t\t\t\t\t\t\t\t\t\t\t\t\t\t\t\t\t\t\t\t\t\t\t\t\t\t\t\t\t<\/ul>\n\t<\/div>\n\t<div class=\"fusion-post-content-wrapper\" style=\"padding:30px 25px 25px 25px;\"><div class=\"fusion-post-content post-content\"><h2 class=\"blog-shortcode-post-title entry-title\"><a href=\"https:\/\/www.lipoid-kosmetik.com\/de\/phytosolve-amplifying-the-potency-of-encapsulated-lipophilic-actives\/\">PhytoSolve\u00ae \u2013 Amplifying the Potency of Encapsulated Lipophilic Actives<\/a><\/h2><p class=\"fusion-single-line-meta\"><span class=\"vcard\" style=\"display: none;\"><span class=\"fn\"><a href=\"https:\/\/www.lipoid-kosmetik.com\/de\/author\/marketing-lipoid-kosmetik\/\" title=\"Posts by marketing.lipoid-kosmetik\" rel=\"author\">marketing.lipoid-kosmetik<\/a><\/span><\/span><span class=\"updated\" style=\"display:none;\">2025-04-02T08:36:59+02:00<\/span><span>02.04.2025<\/span><span class=\"fusion-inline-sep\">|<\/span><\/p><div class=\"fusion-content-sep sep-single sep-solid\"><\/div><div class=\"fusion-post-content-container\"><p>The performance of lipophilic cosmetic actives can be significantly enhanced by a suitable carrier system. Such carrier systems deliver the co-formulated active in deeper skin layers, should provide easy processing and increase the solubility in [...]<\/p><\/div><\/div><div class=\"fusion-meta-info\"><div class=\"fusion-alignleft\"><a class=\"fusion-read-more\" href=\"https:\/\/www.lipoid-kosmetik.com\/de\/phytosolve-amplifying-the-potency-of-encapsulated-lipophilic-actives\/\" aria-label=\"More on PhytoSolve\u00ae \u2013 Amplifying the Potency of Encapsulated Lipophilic Actives\">Read More<\/a><\/div><\/div><\/div><div class=\"fusion-clearfix\"><\/div><\/div>\n<\/article>\n<div class=\"fusion-clearfix\"><\/div><\/div><div class=\"fusion-infinite-scroll-trigger\"><\/div><div class=\"pagination infinite-scroll clearfix\" style=\"display:none;\"><span class=\"current\">1<\/span><a href=\"https:\/\/www.lipoid-kosmetik.com\/de\/wp-json\/wp\/v2\/pages\/15564\/page\/2\/\" class=\"inactive\">2<\/a><a class=\"pagination-next\" rel=\"next\" href=\"https:\/\/www.lipoid-kosmetik.com\/de\/wp-json\/wp\/v2\/pages\/15564\/page\/2\/\"><span class=\"page-text\">Next<\/span><span class=\"page-next\"><\/span><\/a><\/div><div class=\"fusion-clearfix\"><\/div><button class=\"fusion-load-more-button fusion-blog-button fusion-clearfix\">Load More Posts<\/button><\/div><div class=\"fusion-clearfix\"><\/div><\/div><\/div><\/div><\/div><div class=\"fusion-fullwidth fullwidth-box fusion-builder-row-4 nonhundred-percent-fullwidth non-hundred-percent-height-scrolling\" style=\"--awb-border-radius-top-left:0px;--awb-border-radius-top-right:0px;--awb-border-radius-bottom-right:0px;--awb-border-radius-bottom-left:0px;--awb-margin-top:35px;--awb-flex-wrap:wrap;\" ><div class=\"fusion-builder-row fusion-row\"><div class=\"fusion-layout-column fusion_builder_column fusion-builder-column-6 fusion_builder_column_1_1 1_1 fusion-one-full fusion-column-first fusion-column-last\" style=\"--awb-padding-right:150px;--awb-padding-left:150px;--awb-bg-size:cover;\"><div class=\"fusion-column-wrapper fusion-column-has-shadow fusion-flex-column-wrapper-legacy\"><div class=\"fusion-text fusion-text-5\">\n<\/div><div class=\"fusion-clearfix\"><\/div><\/div><\/div><\/div><\/div><\/p>\n","protected":false},"excerpt":{"rendered":"","protected":false},"author":2,"featured_media":0,"parent":15543,"menu_order":2,"comment_status":"closed","ping_status":"closed","template":"","meta":{"_acf_changed":false,"footnotes":""},"class_list":["post-15564","page","type-page","status-publish","hentry"],"acf":[],"_links":{"self":[{"href":"https:\/\/www.lipoid-kosmetik.com\/de\/wp-json\/wp\/v2\/pages\/15564","targetHints":{"allow":["GET"]}}],"collection":[{"href":"https:\/\/www.lipoid-kosmetik.com\/de\/wp-json\/wp\/v2\/pages"}],"about":[{"href":"https:\/\/www.lipoid-kosmetik.com\/de\/wp-json\/wp\/v2\/types\/page"}],"author":[{"embeddable":true,"href":"https:\/\/www.lipoid-kosmetik.com\/de\/wp-json\/wp\/v2\/users\/2"}],"replies":[{"embeddable":true,"href":"https:\/\/www.lipoid-kosmetik.com\/de\/wp-json\/wp\/v2\/comments?post=15564"}],"version-history":[{"count":8,"href":"https:\/\/www.lipoid-kosmetik.com\/de\/wp-json\/wp\/v2\/pages\/15564\/revisions"}],"predecessor-version":[{"id":17163,"href":"https:\/\/www.lipoid-kosmetik.com\/de\/wp-json\/wp\/v2\/pages\/15564\/revisions\/17163"}],"up":[{"embeddable":true,"href":"https:\/\/www.lipoid-kosmetik.com\/de\/wp-json\/wp\/v2\/pages\/15543"}],"wp:attachment":[{"href":"https:\/\/www.lipoid-kosmetik.com\/de\/wp-json\/wp\/v2\/media?parent=15564"}],"curies":[{"name":"wp","href":"https:\/\/api.w.org\/{rel}","templated":true}]}}