{"id":3000,"date":"2020-03-24T19:48:53","date_gmt":"2020-03-24T18:48:53","guid":{"rendered":"https:\/\/lipoid-kosmetik.com\/startseite\/"},"modified":"2024-06-30T13:59:47","modified_gmt":"2024-06-30T11:59:47","slug":"startseite","status":"publish","type":"page","link":"https:\/\/www.lipoid-kosmetik.com\/de\/startseite\/","title":{"rendered":"Startseite"},"content":{"rendered":"<p><div class=\"fusion-fullwidth fullwidth-box fusion-builder-row-1 nonhundred-percent-fullwidth non-hundred-percent-height-scrolling\" style=\"--awb-border-radius-top-left:0px;--awb-border-radius-top-right:0px;--awb-border-radius-bottom-right:0px;--awb-border-radius-bottom-left:0px;--awb-padding-top:30px;--awb-padding-right:0px;--awb-padding-left:0px;--awb-flex-wrap:wrap;\" ><div class=\"fusion-builder-row fusion-row\"><div class=\"fusion-layout-column fusion_builder_column fusion-builder-column-0 fusion_builder_column_1_1 1_1 fusion-one-full fusion-column-first fusion-column-last\" style=\"--awb-padding-right:150px;--awb-padding-left:150px;--awb-bg-size:cover;\"><div class=\"fusion-column-wrapper fusion-column-has-shadow fusion-flex-column-wrapper-legacy\"><div class=\"fusion-title title fusion-title-1 fusion-sep-none fusion-title-text fusion-title-size-one\" style=\"--awb-text-color:#718849;--awb-margin-bottom:35px;--awb-margin-top-small:10px;--awb-margin-right-small:0px;--awb-margin-bottom-small:10px;--awb-margin-left-small:0px;\"><h1 class=\"fusion-title-heading title-heading-left\" style=\"margin:0;\">We make beauty natural.<\/h1><\/div><div class=\"fusion-text fusion-text-1\"><p class=\"p1\">Herzlich willkommen bei Lipoid Kosmetik, dem f\u00fchrenden Hersteller qualitativ hochwertiger Pflanzenextrakte und nat\u00fcrlicher Phospholipide f\u00fcr die Kosmetikindustrie.<br \/>\nAls Pionier in diesen Bereichen hat Lipoid Kosmetik in den letzten 50\u00a0Jahren einen ausgezeichneten Ruf in der weltweiten Kosmetikindustrie erworben. Diese langj\u00e4hrige Expertise, in Kombination mit der aussergew\u00f6hnlichen Qualit\u00e4t unseres Portfolios, erm\u00f6glicht es unseren Kunden, marktinnovative, funktionale und nat\u00fcrliche Kosmetikprodukte zu entwickeln, die h\u00f6chsten Anspr\u00fcchen gen\u00fcgen.<\/p>\n<\/div><div class=\"fusion-sep-clear\"><\/div><div class=\"fusion-separator fusion-full-width-sep\" style=\"margin-left: auto;margin-right: auto;margin-bottom:50px;width:100%;\"><\/div><div class=\"fusion-sep-clear\"><\/div><div class=\"fusion-clearfix\"><\/div><\/div><\/div><\/div><\/div><div class=\"fusion-fullwidth fullwidth-box fusion-builder-row-2 nonhundred-percent-fullwidth non-hundred-percent-height-scrolling\" style=\"--awb-border-radius-top-left:0px;--awb-border-radius-top-right:0px;--awb-border-radius-bottom-right:0px;--awb-border-radius-bottom-left:0px;--awb-flex-wrap:wrap;\" ><div class=\"fusion-builder-row fusion-row\"><div class=\"fusion-layout-column fusion_builder_column fusion-builder-column-1 fusion_builder_column_1_1 1_1 fusion-one-full fusion-column-first fusion-column-last\" style=\"--awb-padding-right:150px;--awb-padding-left:150px;--awb-bg-size:cover;\"><div class=\"fusion-column-wrapper fusion-column-has-shadow fusion-flex-column-wrapper-legacy\"><div class=\"fusion-text fusion-text-2\"><h2>News<\/h2>\n<\/div><div class=\"fusion-blog-shortcode fusion-blog-shortcode-1 fusion-blog-archive fusion-blog-layout-grid-wrapper fusion-blog-infinite\"><style type=\"text\/css\">.fusion-blog-shortcode-1 .fusion-blog-layout-grid .fusion-post-grid{padding:20px;}.fusion-blog-shortcode-1 .fusion-posts-container{margin-left: -20px !important; margin-right:-20px !important;}<\/style><div class=\"fusion-posts-container fusion-posts-container-infinite fusion-posts-container-load-more fusion-blog-layout-grid fusion-blog-layout-grid-3 isotope fusion-blog-equal-heights\" data-pages=\"33\" data-grid-col-space=\"40\" style=\"margin: -20px -20px 0;min-height:500px;\"><article id=\"blog-1-post-17076\" class=\"fusion-post-grid post-17076 post type-post status-publish format-standard has-post-thumbnail hentry category-news category-publications\">\n<div class=\"fusion-post-wrapper\" style=\"background-color:rgba(255,255,255,1);border:1px solid #e2e2e2;border-bottom-width:3px;\">\n\n\t\t\t<div class=\"fusion-flexslider flexslider fusion-flexslider-loading fusion-post-slideshow\" style=\"border-color:#e2e2e2;\">\n\t\t<ul class=\"slides\">\n\t\t\t\n\t\t\t\t\t\t\t\t\t\t\t\t\t\t<li><div  class=\"fusion-image-wrapper\" aria-haspopup=\"true\">\n\t\t\t\t\t\t\t<a href=\"https:\/\/www.lipoid-kosmetik.com\/de\/cashew-apple-pro-turning-an-overlooked-fruit-into-a-high-performance-skin-care-active\/\" aria-label=\"Cashew Apple Pro: Turning an Overlooked Fruit into a High-Performance Skin Care Active\">\n\t\t\t\t\t\t\t<img decoding=\"async\" width=\"1060\" height=\"560\" src=\"https:\/\/www.lipoid-kosmetik.com\/wp-content\/uploads\/2026\/02\/Blogbeitrag_Artikel_PC_CAP.jpg\" class=\"attachment-full size-full wp-post-image\" alt=\"Personal Care magazine article Cashew Apple Pro: Turning an Overlooked Fruit into a High-Performance Skin Care Active\" srcset=\"https:\/\/www.lipoid-kosmetik.com\/wp-content\/uploads\/2026\/02\/Blogbeitrag_Artikel_PC_CAP-200x106.jpg 200w, https:\/\/www.lipoid-kosmetik.com\/wp-content\/uploads\/2026\/02\/Blogbeitrag_Artikel_PC_CAP-400x211.jpg 400w, https:\/\/www.lipoid-kosmetik.com\/wp-content\/uploads\/2026\/02\/Blogbeitrag_Artikel_PC_CAP-600x317.jpg 600w, https:\/\/www.lipoid-kosmetik.com\/wp-content\/uploads\/2026\/02\/Blogbeitrag_Artikel_PC_CAP-800x423.jpg 800w, https:\/\/www.lipoid-kosmetik.com\/wp-content\/uploads\/2026\/02\/Blogbeitrag_Artikel_PC_CAP.jpg 1060w\" sizes=\"(min-width: 2200px) 100vw, (min-width: 880px) 440px, (min-width: 760px) 660px, (min-width: 640px) 760px, \" \/>\t\t\t<\/a>\n\t\t\t\t\t\t\t<\/div>\n<\/li>\n\t\t\t\n\t\t\t\n\t\t\t\t\t\t\t\t\t\t\t\t\t\t\t\t\t\t\t\t\t\t\t\t\t\t\t\t\t\t\t\t\t\t\t\t\t\t\t\t\t\t\t\t\t\t\t\t\t\t\t\t\t\t\t\t\t\t\t\t\t\t\t\t\t\t\t\t<\/ul>\n\t<\/div>\n\t<div class=\"fusion-post-content-wrapper\" style=\"padding:30px 25px 25px 25px;\"><div class=\"fusion-post-content post-content\"><h2 class=\"blog-shortcode-post-title entry-title\"><a href=\"https:\/\/www.lipoid-kosmetik.com\/de\/cashew-apple-pro-turning-an-overlooked-fruit-into-a-high-performance-skin-care-active\/\">Cashew Apple Pro: Turning an Overlooked Fruit into a High-Performance Skin Care Active<\/a><\/h2><p class=\"fusion-single-line-meta\"><span class=\"vcard\" style=\"display: none;\"><span class=\"fn\"><a href=\"https:\/\/www.lipoid-kosmetik.com\/de\/author\/marketing-lipoid-kosmetik\/\" title=\"Posts by marketing.lipoid-kosmetik\" rel=\"author\">marketing.lipoid-kosmetik<\/a><\/span><\/span><span class=\"updated\" style=\"display:none;\">2026-02-04T09:15:06+01:00<\/span><span>04.02.2026<\/span><span class=\"fusion-inline-sep\">|<\/span><\/p><div class=\"fusion-content-sep sep-single sep-solid\"><\/div><div class=\"fusion-post-content-container\"><p>Cashew nuts are enjoyed worldwide, yet the cashew apple, which makes up almost 90 % of the fruit, has long been overlooked and largely discarded. [...]<\/p><\/div><\/div><div class=\"fusion-meta-info\"><div class=\"fusion-alignleft\"><a class=\"fusion-read-more\" href=\"https:\/\/www.lipoid-kosmetik.com\/de\/cashew-apple-pro-turning-an-overlooked-fruit-into-a-high-performance-skin-care-active\/\" aria-label=\"More on Cashew Apple Pro: Turning an Overlooked Fruit into a High-Performance Skin Care Active\">Read More<\/a><\/div><\/div><\/div><div class=\"fusion-clearfix\"><\/div><\/div>\n<\/article>\n<article id=\"blog-1-post-16990\" class=\"fusion-post-grid post-16990 post type-post status-publish format-standard has-post-thumbnail hentry category-news category-botanicals category-trends-topics category-innovations\">\n<div class=\"fusion-post-wrapper\" style=\"background-color:rgba(255,255,255,1);border:1px solid #e2e2e2;border-bottom-width:3px;\">\n\n\t\t\t<div class=\"fusion-flexslider flexslider fusion-flexslider-loading fusion-post-slideshow\" style=\"border-color:#e2e2e2;\">\n\t\t<ul class=\"slides\">\n\t\t\t\n\t\t\t\t\t\t\t\t\t\t\t\t\t\t<li><div  class=\"fusion-image-wrapper\" aria-haspopup=\"true\">\n\t\t\t\t\t\t\t<a href=\"https:\/\/www.lipoid-kosmetik.com\/de\/herbasol-ferment-harness-the-power-of-biotransformation\/\" aria-label=\"Herbasol\u00ae Ferment \u2013 Harness the Power of Biotransformation\">\n\t\t\t\t\t\t\t<img decoding=\"async\" width=\"1060\" height=\"560\" src=\"https:\/\/www.lipoid-kosmetik.com\/wp-content\/uploads\/2026\/01\/Fermentation-Blogtitel.jpg\" class=\"attachment-full size-full wp-post-image\" alt=\"Herbasol\u00ae Ferment product range to harness the power of fermented plant extracts for cosmetics\" srcset=\"https:\/\/www.lipoid-kosmetik.com\/wp-content\/uploads\/2026\/01\/Fermentation-Blogtitel-200x106.jpg 200w, https:\/\/www.lipoid-kosmetik.com\/wp-content\/uploads\/2026\/01\/Fermentation-Blogtitel-400x211.jpg 400w, https:\/\/www.lipoid-kosmetik.com\/wp-content\/uploads\/2026\/01\/Fermentation-Blogtitel-600x317.jpg 600w, https:\/\/www.lipoid-kosmetik.com\/wp-content\/uploads\/2026\/01\/Fermentation-Blogtitel-800x423.jpg 800w, https:\/\/www.lipoid-kosmetik.com\/wp-content\/uploads\/2026\/01\/Fermentation-Blogtitel.jpg 1060w\" sizes=\"(min-width: 2200px) 100vw, (min-width: 880px) 440px, (min-width: 760px) 660px, (min-width: 640px) 760px, \" \/>\t\t\t<\/a>\n\t\t\t\t\t\t\t<\/div>\n<\/li>\n\t\t\t\n\t\t\t\n\t\t\t\t\t\t\t\t\t\t\t\t\t\t\t\t\t\t\t\t\t\t\t\t\t\t\t\t\t\t\t\t\t\t\t\t\t\t\t\t\t\t\t\t\t\t\t\t\t\t\t\t\t\t\t\t\t\t\t\t\t\t\t\t\t\t\t\t<\/ul>\n\t<\/div>\n\t<div class=\"fusion-post-content-wrapper\" style=\"padding:30px 25px 25px 25px;\"><div class=\"fusion-post-content post-content\"><h2 class=\"blog-shortcode-post-title entry-title\"><a href=\"https:\/\/www.lipoid-kosmetik.com\/de\/herbasol-ferment-harness-the-power-of-biotransformation\/\">Herbasol\u00ae Ferment \u2013 Harness the Power of Biotransformation<\/a><\/h2><p class=\"fusion-single-line-meta\"><span class=\"vcard\" style=\"display: none;\"><span class=\"fn\"><a href=\"https:\/\/www.lipoid-kosmetik.com\/de\/author\/marketing-lipoid-kosmetik\/\" title=\"Posts by marketing.lipoid-kosmetik\" rel=\"author\">marketing.lipoid-kosmetik<\/a><\/span><\/span><span class=\"updated\" style=\"display:none;\">2026-01-26T10:37:10+01:00<\/span><span>29.01.2026<\/span><span class=\"fusion-inline-sep\">|<\/span><\/p><div class=\"fusion-content-sep sep-single sep-solid\"><\/div><div class=\"fusion-post-content-container\"><p>     Fermentation-based skin care appeals to modern consumers by combining natural origin with biotechnology. Fermentation enhances the bioavailability of active compounds, [...]<\/p><\/div><\/div><div class=\"fusion-meta-info\"><div class=\"fusion-alignleft\"><a class=\"fusion-read-more\" href=\"https:\/\/www.lipoid-kosmetik.com\/de\/herbasol-ferment-harness-the-power-of-biotransformation\/\" aria-label=\"More on Herbasol\u00ae Ferment \u2013 Harness the Power of Biotransformation\">Read More<\/a><\/div><\/div><\/div><div class=\"fusion-clearfix\"><\/div><\/div>\n<\/article>\n<article id=\"blog-1-post-16955\" class=\"fusion-post-grid post-16955 post type-post status-publish format-standard has-post-thumbnail hentry category-news category-sustainability\">\n<div class=\"fusion-post-wrapper\" style=\"background-color:rgba(255,255,255,1);border:1px solid #e2e2e2;border-bottom-width:3px;\">\n\n\t\t\t<div class=\"fusion-flexslider flexslider fusion-flexslider-loading fusion-post-slideshow\" style=\"border-color:#e2e2e2;\">\n\t\t<ul class=\"slides\">\n\t\t\t\n\t\t\t\t\t\t\t\t\t\t\t\t\t\t<li><div  class=\"fusion-image-wrapper\" aria-haspopup=\"true\">\n\t\t\t\t\t\t\t<a href=\"https:\/\/www.lipoid-kosmetik.com\/de\/lipoid-kosmetik-is-now-halal-certified\/\" aria-label=\"Lipoid Kosmetik is now Halal-certified\">\n\t\t\t\t\t\t\t<img decoding=\"async\" width=\"1060\" height=\"560\" src=\"https:\/\/www.lipoid-kosmetik.com\/wp-content\/uploads\/2025\/11\/Halal_Certification-Announcement-2025.jpg\" class=\"attachment-full size-full wp-post-image\" alt=\"Lipoid Kosmetik is now Halal-certified\" srcset=\"https:\/\/www.lipoid-kosmetik.com\/wp-content\/uploads\/2025\/11\/Halal_Certification-Announcement-2025-200x106.jpg 200w, https:\/\/www.lipoid-kosmetik.com\/wp-content\/uploads\/2025\/11\/Halal_Certification-Announcement-2025-400x211.jpg 400w, https:\/\/www.lipoid-kosmetik.com\/wp-content\/uploads\/2025\/11\/Halal_Certification-Announcement-2025-600x317.jpg 600w, https:\/\/www.lipoid-kosmetik.com\/wp-content\/uploads\/2025\/11\/Halal_Certification-Announcement-2025-800x423.jpg 800w, https:\/\/www.lipoid-kosmetik.com\/wp-content\/uploads\/2025\/11\/Halal_Certification-Announcement-2025.jpg 1060w\" sizes=\"(min-width: 2200px) 100vw, (min-width: 880px) 440px, (min-width: 760px) 660px, (min-width: 640px) 760px, \" \/>\t\t\t<\/a>\n\t\t\t\t\t\t\t<\/div>\n<\/li>\n\t\t\t\n\t\t\t\n\t\t\t\t\t\t\t\t\t\t\t\t\t\t\t\t\t\t\t\t\t\t\t\t\t\t\t\t\t\t\t\t\t\t\t\t\t\t\t\t\t\t\t\t\t\t\t\t\t\t\t\t\t\t\t\t\t\t\t\t\t\t\t\t\t\t\t\t<\/ul>\n\t<\/div>\n\t<div class=\"fusion-post-content-wrapper\" style=\"padding:30px 25px 25px 25px;\"><div class=\"fusion-post-content post-content\"><h2 class=\"blog-shortcode-post-title entry-title\"><a href=\"https:\/\/www.lipoid-kosmetik.com\/de\/lipoid-kosmetik-is-now-halal-certified\/\">Lipoid Kosmetik is now Halal-certified<\/a><\/h2><p class=\"fusion-single-line-meta\"><span class=\"vcard\" style=\"display: none;\"><span class=\"fn\"><a href=\"https:\/\/www.lipoid-kosmetik.com\/de\/author\/marketing-lipoid-kosmetik\/\" title=\"Posts by marketing.lipoid-kosmetik\" rel=\"author\">marketing.lipoid-kosmetik<\/a><\/span><\/span><span class=\"updated\" style=\"display:none;\">2025-11-25T11:18:45+01:00<\/span><span>25.11.2025<\/span><span class=\"fusion-inline-sep\">|<\/span><\/p><div class=\"fusion-content-sep sep-single sep-solid\"><\/div><div class=\"fusion-post-content-container\"><p>We are proud to announce that we have received the Halal certification from the Halal Certification Services (HCS) in Switzerland \u2014 an internationally recognized institution [...]<\/p><\/div><\/div><div class=\"fusion-meta-info\"><div class=\"fusion-alignleft\"><a class=\"fusion-read-more\" href=\"https:\/\/www.lipoid-kosmetik.com\/de\/lipoid-kosmetik-is-now-halal-certified\/\" aria-label=\"More on Lipoid Kosmetik is now Halal-certified\">Read More<\/a><\/div><\/div><\/div><div class=\"fusion-clearfix\"><\/div><\/div>\n<\/article>\n<div class=\"fusion-clearfix\"><\/div><\/div><div class=\"fusion-infinite-scroll-trigger\"><\/div><div class=\"pagination infinite-scroll clearfix\" style=\"display:none;\"><span class=\"current\">1<\/span><a href=\"https:\/\/www.lipoid-kosmetik.com\/de\/wp-json\/wp\/v2\/pages\/3000\/page\/2\/\" class=\"inactive\">2<\/a><a class=\"pagination-next\" rel=\"next\" href=\"https:\/\/www.lipoid-kosmetik.com\/de\/wp-json\/wp\/v2\/pages\/3000\/page\/2\/\"><span class=\"page-text\">Next<\/span><span class=\"page-next\"><\/span><\/a><\/div><div class=\"fusion-clearfix\"><\/div><button class=\"fusion-load-more-button fusion-blog-button fusion-clearfix\">Load More Posts<\/button><\/div><div class=\"fusion-sep-clear\"><\/div><div class=\"fusion-separator fusion-full-width-sep\" style=\"margin-left: auto;margin-right: auto;margin-bottom:50px;width:100%;\"><\/div><div class=\"fusion-sep-clear\"><\/div><div class=\"fusion-clearfix\"><\/div><\/div><\/div><\/div><\/div><div class=\"fusion-fullwidth fullwidth-box fusion-builder-row-3 has-pattern-background has-mask-background fusion-parallax-fixed hundred-percent-fullwidth non-hundred-percent-height-scrolling lipkos-fullwidth-parallax\" style=\"--awb-border-radius-top-left:0px;--awb-border-radius-top-right:0px;--awb-border-radius-bottom-right:0px;--awb-border-radius-bottom-left:0px;--awb-padding-top:700px;--awb-padding-right:0px;--awb-padding-left:0px;--awb-margin-bottom:50px;--awb-background-image:url(&quot;https:\/\/lipoid-kosmetik.com\/wp-content\/uploads\/2021\/03\/Lipoid-Kosmetik_Startseite_Paralax_1.jpg&quot;);--awb-background-size:cover;--awb-flex-wrap:wrap;background-attachment:fixed;\" ><div class=\"fusion-builder-row fusion-row\"><div class=\"fusion-layout-column fusion_builder_column fusion-builder-column-2 fusion_builder_column_1_1 1_1 fusion-one-full fusion-column-first fusion-column-last\" style=\"--awb-bg-size:cover;\"><div class=\"fusion-column-wrapper fusion-column-has-shadow fusion-flex-column-wrapper-legacy\"><div class=\"fusion-clearfix\"><\/div><\/div><\/div><\/div><\/div><div class=\"fusion-fullwidth fullwidth-box fusion-builder-row-4 nonhundred-percent-fullwidth non-hundred-percent-height-scrolling fusion-equal-height-columns cta-wrapper\" style=\"--awb-border-radius-top-left:0px;--awb-border-radius-top-right:0px;--awb-border-radius-bottom-right:0px;--awb-border-radius-bottom-left:0px;--awb-margin-top:80px;--awb-margin-bottom:60px;--awb-flex-wrap:wrap;\" ><div class=\"fusion-builder-row fusion-row\"><div class=\"fusion-layout-column fusion_builder_column fusion-builder-column-3 fusion_builder_column_2_3 2_3 fusion-two-third fusion-column-first\" style=\"--awb-padding-top:15px;--awb-padding-bottom:2px;--awb-padding-left:25px;--awb-bg-size:cover;--awb-border-color:#6e7e50;--awb-border-top:1px;--awb-border-right:1px;--awb-border-bottom:1px;--awb-border-left:1px;--awb-border-style:solid;width:66.666666666667%;width:calc(66.666666666667% - ( ( 0px ) * 0.66666666666667 ) );margin-right: 0px;\"><div class=\"fusion-column-wrapper fusion-column-has-shadow fusion-flex-column-wrapper-legacy\"><div class=\"fusion-column-content-centered\"><div class=\"fusion-column-content\"><div class=\"fusion-text fusion-text-3\"><p style=\"font-size: 1.2em; text-align: center;\"><span style=\"color: #6e7e50;\">Besuchen Sie Lipoid, den weltweit f\u00fchrenden Anbieter von hochwertigen Phospholipiden.<\/span><\/p>\n<\/div><\/div><\/div><div class=\"fusion-clearfix\"><\/div><\/div><\/div><div class=\"fusion-layout-column fusion_builder_column fusion-builder-column-4 fusion_builder_column_1_3 1_3 fusion-one-third fusion-column-last fusion-column-inner-bg-wrapper\" style=\"--awb-padding-top:15px;--awb-padding-bottom:2px;--awb-inner-bg-color:#6e7e50;--awb-inner-bg-color-hover:#6e7e50;--awb-inner-bg-size:cover;width:33.333333333333%;width:calc(33.333333333333% - ( ( 0px ) * 0.33333333333333 ) );\"><span class=\"fusion-column-inner-bg hover-type-none\"><a class=\"fusion-column-anchor\" href=\"https:\/\/www.lipoid.com\" rel=\"noopener noreferrer\" target=\"_blank\"><span class=\"fusion-column-inner-bg-image\"><\/span><\/a><\/span><div class=\"fusion-column-wrapper fusion-column-has-shadow fusion-flex-column-wrapper-legacy\"><div class=\"fusion-column-content-centered\"><div class=\"fusion-column-content\"><div class=\"fusion-text fusion-text-4\"><p style=\"text-align: center;\"><span style=\"color: #ffffff; font-size: 1.2em;\"><i class=\"fas fa-angle-right\" style=\"position: relative; top: 2px;\"><\/i> www.lipoid.com<\/span><\/p>\n<\/div><\/div><\/div><div class=\"fusion-clearfix\"><\/div><\/div><\/div><\/div><\/div><\/p>\n","protected":false},"excerpt":{"rendered":"","protected":false},"author":1,"featured_media":0,"parent":0,"menu_order":0,"comment_status":"closed","ping_status":"closed","template":"","meta":{"_acf_changed":false,"footnotes":""},"class_list":["post-3000","page","type-page","status-publish","hentry"],"acf":[],"_links":{"self":[{"href":"https:\/\/www.lipoid-kosmetik.com\/de\/wp-json\/wp\/v2\/pages\/3000","targetHints":{"allow":["GET"]}}],"collection":[{"href":"https:\/\/www.lipoid-kosmetik.com\/de\/wp-json\/wp\/v2\/pages"}],"about":[{"href":"https:\/\/www.lipoid-kosmetik.com\/de\/wp-json\/wp\/v2\/types\/page"}],"author":[{"embeddable":true,"href":"https:\/\/www.lipoid-kosmetik.com\/de\/wp-json\/wp\/v2\/users\/1"}],"replies":[{"embeddable":true,"href":"https:\/\/www.lipoid-kosmetik.com\/de\/wp-json\/wp\/v2\/comments?post=3000"}],"version-history":[{"count":9,"href":"https:\/\/www.lipoid-kosmetik.com\/de\/wp-json\/wp\/v2\/pages\/3000\/revisions"}],"predecessor-version":[{"id":15424,"href":"https:\/\/www.lipoid-kosmetik.com\/de\/wp-json\/wp\/v2\/pages\/3000\/revisions\/15424"}],"wp:attachment":[{"href":"https:\/\/www.lipoid-kosmetik.com\/de\/wp-json\/wp\/v2\/media?parent=3000"}],"curies":[{"name":"wp","href":"https:\/\/api.w.org\/{rel}","templated":true}]}}