{"id":5519,"date":"2020-04-24T13:30:41","date_gmt":"2020-04-24T11:30:41","guid":{"rendered":"https:\/\/lipoid-kosmetik.com\/botanical-extracts\/"},"modified":"2024-07-28T12:15:15","modified_gmt":"2024-07-28T10:15:15","slug":"pflanzliche-extrakte","status":"publish","type":"page","link":"https:\/\/www.lipoid-kosmetik.com\/de\/pflanzliche-extrakte\/","title":{"rendered":"Pflanzliche Extrakte"},"content":{"rendered":"<p><div class=\"fusion-fullwidth fullwidth-box fusion-builder-row-1 nonhundred-percent-fullwidth non-hundred-percent-height-scrolling fusion-equal-height-columns head-banner\" style=\"--awb-border-radius-top-left:0px;--awb-border-radius-top-right:0px;--awb-border-radius-bottom-right:0px;--awb-border-radius-bottom-left:0px;--awb-margin-bottom:20px;--awb-flex-wrap:wrap;\" ><div class=\"fusion-builder-row fusion-row\"><div class=\"fusion-layout-column fusion_builder_column fusion-builder-column-0 fusion_builder_column_2_3 2_3 fusion-two-third fusion-column-first fusion-column-inner-bg-wrapper\" style=\"--awb-padding-top:250px;--awb-inner-bg-image:url(&#039;https:\/\/lipoid-kosmetik.com\/wp-content\/uploads\/2021\/03\/Lipoid-Kosmetik_Product-and-Applications_Botanical-Extracts_1.jpg&#039;);--awb-inner-bg-position:center center;--awb-inner-bg-size:cover;width:66.666666666667%;width:calc(66.666666666667% - ( ( 0px ) * 0.66666666666667 ) );margin-right: 0px;\"><span class=\"fusion-column-inner-bg hover-type-zoomin\"><span class=\"fusion-column-anchor\"><span class=\"fusion-column-inner-bg-image\"><\/span><\/span><\/span><div class=\"fusion-column-wrapper fusion-column-has-shadow fusion-flex-column-wrapper-legacy fusion-empty-column-bg-image fusion-column-has-bg-image\" data-bg-url=\"https:\/\/lipoid-kosmetik.com\/wp-content\/uploads\/2021\/03\/Lipoid-Kosmetik_Product-and-Applications_Botanical-Extracts_1.jpg\"><img decoding=\"async\" class=\"fusion-empty-dims-img-placeholder fusion-no-large-visibility\" src=\"data:image\/gif;base64,R0lGODlhAQABAAAAACH5BAEKAAEALAAAAAABAAEAAAICTAEAOw==\"><div class=\"fusion-clearfix\"><\/div><\/div><\/div><div class=\"fusion-layout-column fusion_builder_column fusion-builder-column-1 fusion_builder_column_1_3 1_3 fusion-one-third fusion-column-last banner-row\" style=\"--awb-bg-color:#718849;--awb-bg-color-hover:#718849;--awb-bg-size:cover;width:33.333333333333%;width:calc(33.333333333333% - ( ( 0px ) * 0.33333333333333 ) );\"><div class=\"fusion-column-wrapper fusion-column-has-shadow fusion-flex-column-wrapper-legacy\"><div class=\"fusion-text fusion-text-1 banner-text\"><p><span class=\"banner-slogan\">Die Natur bietet eine F\u00fclle von Pflanzen, die f\u00fcr die kosmetische Anwendung geeignet sind.<\/span><\/p>\n<\/div><div class=\"fusion-clearfix\"><\/div><\/div><\/div><\/div><\/div><div class=\"fusion-fullwidth fullwidth-box fusion-builder-row-2 nonhundred-percent-fullwidth non-hundred-percent-height-scrolling\" style=\"--awb-border-radius-top-left:0px;--awb-border-radius-top-right:0px;--awb-border-radius-bottom-right:0px;--awb-border-radius-bottom-left:0px;--awb-flex-wrap:wrap;\" ><div class=\"fusion-builder-row fusion-row\"><div class=\"fusion-layout-column fusion_builder_column fusion-builder-column-2 fusion_builder_column_1_1 1_1 fusion-one-full fusion-column-first fusion-column-last\" style=\"--awb-padding-right:150px;--awb-padding-left:150px;--awb-bg-size:cover;\"><div class=\"fusion-column-wrapper fusion-column-has-shadow fusion-flex-column-wrapper-legacy\"><div class=\"fusion-text fusion-text-2\">\n   <div class=\"lip-breadcrumbs\" style=\"padding: 0;\">\n    <ul>\n        <li>\n            <a href=\"\/\">Lipoid Kosmetik<\/a>\n        <\/li>\n        <li>\n            Products & Applications\n        <\/li>\n        <li>\n            Pflanzliche Extrakte\n        <\/li>\n    <\/ul>\n    <\/div>\n   \n<\/div><div class=\"fusion-title title fusion-title-1 fusion-sep-none fusion-title-text fusion-title-size-one pt-20\" style=\"--awb-margin-bottom:35px;--awb-margin-top-small:10px;--awb-margin-right-small:0px;--awb-margin-bottom-small:10px;--awb-margin-left-small:0px;\"><h1 class=\"fusion-title-heading title-heading-left\" style=\"margin:0;\">Pflanzliche Extrakte und Nat\u00fcrliche Zusatzstoffe<\/h1><\/div><div class=\"fusion-text fusion-text-3\"><p>Pflanzliche Extrakte gewinnen in der Kosmetik- und Gesundheitsbranche zunehmend an Bedeutung. Die Pflanzen- und Kr\u00e4uterheilkunde ist sehr alt und wird seit Jahrhunderten in verschiedenen Kulturen auf der ganzen Welt angewendet. Das Pflanzenreich bietet ein gigantisches Spektrum an potenten Wirkstoffen, die nicht nur medizinische, sondern auch dermatologische Vorteile haben. Dabei enth\u00e4lt jede Pflanzenart und jeder Pflanzenteil ein spezifisches Profil an sekund\u00e4ren Pflanzenstoffen (Phytochemikalien). In Synergie sch\u00fctzen, n\u00e4hren und st\u00e4rken diese Stoffe die Pflanze.<\/p>\n<p>Lipoid Kosmetik bietet ein breit gef\u00e4chertes Sortiment an pflanzlichen Extrakten aus der Schatzkammer der Natur, die f\u00fcr ihre hervorragende Qualit\u00e4t bekannt sind. Mit unserer &#8220;Full-Spectrum Mild Extraction Technologie&#8221; gewinnen wir eine Vielzahl hochwertiger Phytochemikalien, welche f\u00fcr kosmetische Anwendungen genutzt werden k\u00f6nnen. F\u00fcr unsere pflanzlichen Extrakte verwenden wir sowohl wild gewachsene als auch kultivierte Pflanzen, die einen nat\u00fcrlichen Lebenszyklus durchlaufen haben. Dabei sorgen Umweltfaktoren f\u00fcr die Produktion einer breiten nat\u00fcrlichen, phytochemischen Vielfalt.<\/p>\n<p>Zus\u00e4tzlich zu unserem Spektrum an Trocken- und Fl\u00fcssigextrakten bieten wir auch Nat\u00fcrliche Zusatzstoffe wie Milchprodukte, pflanzliche Milchalternativen, Honig und Peelingprodukte an.<\/p>\n<\/div><div class=\"fusion-clearfix\"><\/div><\/div><\/div><\/div><\/div><div class=\"fusion-fullwidth fullwidth-box fusion-builder-row-3 fusion-flex-container has-pattern-background has-mask-background nonhundred-percent-fullwidth non-hundred-percent-height-scrolling\" style=\"--awb-border-radius-top-left:0px;--awb-border-radius-top-right:0px;--awb-border-radius-bottom-right:0px;--awb-border-radius-bottom-left:0px;--awb-flex-wrap:wrap;\" ><div class=\"fusion-builder-row fusion-row fusion-flex-align-items-flex-start fusion-flex-content-wrap\" style=\"max-width:1456px;margin-left: calc(-4% \/ 2 );margin-right: calc(-4% \/ 2 );\"><div class=\"fusion-layout-column fusion_builder_column fusion-builder-column-3 fusion_builder_column_1_1 1_1 fusion-flex-column\" style=\"--awb-padding-right:150px;--awb-padding-left:150px;--awb-bg-size:cover;--awb-width-large:100%;--awb-margin-top-large:0px;--awb-spacing-right-large:1.92%;--awb-margin-bottom-large:20px;--awb-spacing-left-large:1.92%;--awb-width-medium:100%;--awb-order-medium:0;--awb-spacing-right-medium:1.92%;--awb-spacing-left-medium:1.92%;--awb-width-small:100%;--awb-order-small:0;--awb-spacing-right-small:1.92%;--awb-spacing-left-small:1.92%;\" data-scroll-devices=\"small-visibility,medium-visibility,large-visibility\"><div class=\"fusion-column-wrapper fusion-column-has-shadow fusion-flex-justify-content-flex-start fusion-content-layout-column\"><div class=\"fusion-text fusion-text-4\"><div class=\"fusion-text\" style=\"margin-bottom: 130px; margin-top: 85px;\"><p><ul class=\"grouplist\"><li><strong style='font-weight: 200;'>Pflanzliche Extrakte<\/strong><\/li><li style=''><a href='https:\/\/www.lipoid-kosmetik.com\/de\/pflanzliche-extrakte\/trends-topics\/'>Trends & Topics<\/a><\/li><li style=''><a href='https:\/\/www.lipoid-kosmetik.com\/de\/pflanzliche-extrakte\/fluessig-trockenextrakte\/'>Fl\u00fcssig- & Trockenextrakte<\/a><\/li><li style=''><a href='https:\/\/www.lipoid-kosmetik.com\/de\/pflanzliche-extrakte\/natuerliche-funktionale-zusatzstoffe\/'>Nat\u00fcrliche & Funktionale Zusatzstoffe<\/a><\/li><\/ul><\/p><\/div>\n<\/div><\/div><\/div><\/div><\/div><\/p>\n","protected":false},"excerpt":{"rendered":"","protected":false},"author":1,"featured_media":0,"parent":0,"menu_order":0,"comment_status":"closed","ping_status":"closed","template":"","meta":{"_acf_changed":false,"footnotes":""},"class_list":["post-5519","page","type-page","status-publish","hentry"],"acf":[],"_links":{"self":[{"href":"https:\/\/www.lipoid-kosmetik.com\/de\/wp-json\/wp\/v2\/pages\/5519","targetHints":{"allow":["GET"]}}],"collection":[{"href":"https:\/\/www.lipoid-kosmetik.com\/de\/wp-json\/wp\/v2\/pages"}],"about":[{"href":"https:\/\/www.lipoid-kosmetik.com\/de\/wp-json\/wp\/v2\/types\/page"}],"author":[{"embeddable":true,"href":"https:\/\/www.lipoid-kosmetik.com\/de\/wp-json\/wp\/v2\/users\/1"}],"replies":[{"embeddable":true,"href":"https:\/\/www.lipoid-kosmetik.com\/de\/wp-json\/wp\/v2\/comments?post=5519"}],"version-history":[{"count":10,"href":"https:\/\/www.lipoid-kosmetik.com\/de\/wp-json\/wp\/v2\/pages\/5519\/revisions"}],"predecessor-version":[{"id":15658,"href":"https:\/\/www.lipoid-kosmetik.com\/de\/wp-json\/wp\/v2\/pages\/5519\/revisions\/15658"}],"wp:attachment":[{"href":"https:\/\/www.lipoid-kosmetik.com\/de\/wp-json\/wp\/v2\/media?parent=5519"}],"curies":[{"name":"wp","href":"https:\/\/api.w.org\/{rel}","templated":true}]}}