{"id":5531,"date":"2021-01-17T14:12:59","date_gmt":"2021-01-17T13:12:59","guid":{"rendered":"https:\/\/lipoid-kosmetik.com\/our-company\/company-structure\/about-lipoid-kosmetik-ag\/"},"modified":"2021-07-08T15:27:10","modified_gmt":"2021-07-08T13:27:10","slug":"ueber-die-lipoid-kosmetik-ag","status":"publish","type":"page","link":"https:\/\/www.lipoid-kosmetik.com\/de\/our-company\/firmenstruktur\/ueber-die-lipoid-kosmetik-ag\/","title":{"rendered":"\u00dcber die Lipoid Kosmetik AG"},"content":{"rendered":"<p><div class=\"fusion-fullwidth fullwidth-box fusion-builder-row-1 nonhundred-percent-fullwidth non-hundred-percent-height-scrolling fusion-equal-height-columns head-banner\" style=\"--awb-border-radius-top-left:0px;--awb-border-radius-top-right:0px;--awb-border-radius-bottom-right:0px;--awb-border-radius-bottom-left:0px;--awb-margin-bottom:60px;--awb-flex-wrap:wrap;\" ><div class=\"fusion-builder-row fusion-row\"><div class=\"fusion-layout-column fusion_builder_column fusion-builder-column-0 fusion_builder_column_2_3 2_3 fusion-two-third fusion-column-first fusion-column-inner-bg-wrapper\" style=\"--awb-padding-top:250px;--awb-inner-bg-image:url(&#039;https:\/\/lipoid-kosmetik.com\/wp-content\/uploads\/2021\/05\/Lipoid-Kosmetik_Our-Company_Company-Structure_About-Lipoid-Kosmetik-AG_Type.jpg&#039;);--awb-inner-bg-position:center center;--awb-inner-bg-size:cover;width:66.666666666667%;width:calc(66.666666666667% - ( ( 0px ) * 0.66666666666667 ) );margin-right: 0px;\"><span class=\"fusion-column-inner-bg hover-type-zoomin\"><span class=\"fusion-column-anchor\"><span class=\"fusion-column-inner-bg-image\"><\/span><\/span><\/span><div class=\"fusion-column-wrapper fusion-column-has-shadow fusion-flex-column-wrapper-legacy fusion-empty-column-bg-image fusion-column-has-bg-image\" data-bg-url=\"https:\/\/lipoid-kosmetik.com\/wp-content\/uploads\/2021\/05\/Lipoid-Kosmetik_Our-Company_Company-Structure_About-Lipoid-Kosmetik-AG_Type.jpg\"><img decoding=\"async\" class=\"fusion-empty-dims-img-placeholder fusion-no-large-visibility\" src=\"data:image\/gif;base64,R0lGODlhAQABAAAAACH5BAEKAAEALAAAAAABAAEAAAICTAEAOw==\"><div class=\"fusion-clearfix\"><\/div><\/div><\/div><div class=\"fusion-layout-column fusion_builder_column fusion-builder-column-1 fusion_builder_column_1_3 1_3 fusion-one-third fusion-column-last banner-row\" style=\"--awb-bg-color:#718849;--awb-bg-color-hover:#718849;--awb-bg-size:cover;width:33.333333333333%;width:calc(33.333333333333% - ( ( 0px ) * 0.33333333333333 ) );\"><div class=\"fusion-column-wrapper fusion-column-has-shadow fusion-flex-column-wrapper-legacy\"><div class=\"fusion-text fusion-text-1 banner-text\"><p><span class=\"banner-slogan\">Die Lipoid Kosmetik AG hat ihren Hauptsitz in der Schweiz und ist Teil der Lipoid Gruppe.<\/span><\/p>\n<\/div><div class=\"fusion-clearfix\"><\/div><\/div><\/div><\/div><\/div><div class=\"fusion-fullwidth fullwidth-box fusion-builder-row-2 nonhundred-percent-fullwidth non-hundred-percent-height-scrolling\" style=\"--awb-border-radius-top-left:0px;--awb-border-radius-top-right:0px;--awb-border-radius-bottom-right:0px;--awb-border-radius-bottom-left:0px;--awb-margin-top:0px;--awb-flex-wrap:wrap;\" ><div class=\"fusion-builder-row fusion-row\"><div class=\"fusion-layout-column fusion_builder_column fusion-builder-column-2 fusion_builder_column_1_1 1_1 fusion-one-full fusion-column-first fusion-column-last\" style=\"--awb-padding-right:150px;--awb-padding-left:150px;--awb-bg-size:cover;\"><div class=\"fusion-column-wrapper fusion-column-has-shadow fusion-flex-column-wrapper-legacy\"><div class=\"fusion-text fusion-text-2\">\n    <div class=\"lip-breadcrumbs\" style=\"padding: 0;\">\n        <ul>\n            <li>\n                <a href=\"\/\">Lipoid Kosmetik<\/a>\n            <\/li><li>\n                Unsere Firma\n            <\/li>\n            <li>\n                <a href=\"https:\/\/www.lipoid-kosmetik.com\/de\/our-company\/firmenstruktur\/\">Firmenstruktur<\/a>\n            <\/li>\n            <li>\n                \u00dcber die Lipoid Kosmetik AG\n            <\/li>\n        <\/ul>\n        <\/div>\n<\/div><div class=\"fusion-clearfix\"><\/div><\/div><\/div><div class=\"fusion-layout-column fusion_builder_column fusion-builder-column-3 fusion_builder_column_1_1 1_1 fusion-one-full fusion-column-first fusion-column-last\" style=\"--awb-padding-right:150px;--awb-padding-left:150px;--awb-bg-size:cover;\"><div class=\"fusion-column-wrapper fusion-column-has-shadow fusion-flex-column-wrapper-legacy\"><div class=\"fusion-title title fusion-title-1 fusion-sep-none fusion-title-text fusion-title-size-one\" style=\"--awb-text-color:#718849;--awb-margin-bottom:35px;--awb-margin-top-small:10px;--awb-margin-right-small:0px;--awb-margin-bottom-small:10px;--awb-margin-left-small:0px;\"><h1 class=\"fusion-title-heading title-heading-left\" style=\"margin:0;\">Lipoid Kosmetik &#8211; We make beauty natural.<\/h1><\/div><div class=\"fusion-text fusion-text-3\"><p>Lipoid Kosmetik ist ein f\u00fchrender Hersteller von nat\u00fcrlichen Rohstoffen f\u00fcr die Kosmetikindustrie. Unser anspruchsvolles Portfolio umfasst hochwertige pflanzliche Wirkstoffe und Extrakte (Lipoid Kosmetik AG, Schweiz), sowie nat\u00fcrliche Lecithine und Phospholipide in Pharmaqualit\u00e4t (Lipoid GmbH, Deutschland).<\/p>\n<p>Als Pionier in diesen Bereichen hat Lipoid Kosmetik in den letzten 50 Jahren einen ausgezeichneten Ruf in der weltweiten Kosmetikindustrie erworben. Diese langj\u00e4hrige Expertise in Kombination mit der aussergew\u00f6hnlichen Qualit\u00e4t unseres Portfolios erm\u00f6glicht es unseren Kunden marktinnovative, funktionale und nat\u00fcrliche Kosmetikprodukte zu entwickeln, die h\u00f6chsten Standards gen\u00fcgen.<\/p>\n<\/div><div class=\"fusion-sep-clear\"><\/div><div class=\"fusion-separator fusion-full-width-sep\" style=\"margin-left: auto;margin-right: auto;margin-bottom:50px;width:100%;\"><\/div><div class=\"fusion-sep-clear\"><\/div><div class=\"fusion-clearfix\"><\/div><\/div><\/div><div class=\"fusion-layout-column fusion_builder_column fusion-builder-column-4 fusion_builder_column_1_1 1_1 fusion-one-full fusion-column-first fusion-column-last\" style=\"--awb-padding-right:150px;--awb-padding-left:150px;--awb-bg-size:cover;\"><div class=\"fusion-column-wrapper fusion-column-has-shadow fusion-flex-column-wrapper-legacy\"><div class=\"fusion-title title fusion-title-2 fusion-sep-none fusion-title-text fusion-title-size-two\" style=\"--awb-text-color:#718849;--awb-margin-bottom:35px;--awb-margin-top-small:10px;--awb-margin-right-small:0px;--awb-margin-bottom-small:10px;--awb-margin-left-small:0px;\"><h2 class=\"fusion-title-heading title-heading-left\" style=\"margin:0;\">Ethisches und rechtskonformes Handeln ist der Garant f\u00fcr unseren langfristigen Erfolg<\/h2><\/div><div class=\"fusion-text fusion-text-4\"><p>Compliance bedeutet f\u00fcr Lipoid Kosmetik die Einhaltung von externen und internen Regeln. Diese Regeln sind durch externe Gesetze und Vorschriften vorgegeben, aber auch durch interne Programme, Verfahren und Kontrollen definiert. Verantwortungsbewusstes, ethisch korrektes und rechtskonformes Handeln ist grundlegend f\u00fcr den Erfolg von Lipoid Kosmetik, ebenso wie eine konsequente Kundenorientierung und h\u00f6chste Produktqualit\u00e4t.<\/p>\n<\/div><div class=\"fusion-clearfix\"><\/div><\/div><\/div><div class=\"fusion-layout-column fusion_builder_column fusion-builder-column-5 fusion_builder_column_1_1 1_1 fusion-one-full fusion-column-first fusion-column-last\" style=\"--awb-padding-top:50px;--awb-padding-right:150px;--awb-padding-left:150px;--awb-bg-size:cover;\"><div class=\"fusion-column-wrapper fusion-column-has-shadow fusion-flex-column-wrapper-legacy\"><div class=\"fusion-video fusion-selfhosted-video\" style=\"max-width:100%;\"><div class=\"video-wrapper\"><video playsinline=\"true\" width=\"100%\" style=\"object-fit: cover;\" autoplay=\"true\" muted=\"true\" preload=\"auto\" controls=\"1\"><source src=\"https:\/\/lipoid-kosmetik.com\/fullspektrum\/Full-Spektrum-Mild-Extraction-Technology_Lipoid-Kosmetik-AG.mp4\" type=\"video\/mp4\">Sorry, your browser doesn&#039;t support embedded videos.<\/video><\/div><\/div><div class=\"fusion-clearfix\"><\/div><\/div><\/div><\/div><\/div><div class=\"fusion-fullwidth fullwidth-box fusion-builder-row-3 nonhundred-percent-fullwidth non-hundred-percent-height-scrolling\" style=\"--awb-border-radius-top-left:0px;--awb-border-radius-top-right:0px;--awb-border-radius-bottom-right:0px;--awb-border-radius-bottom-left:0px;--awb-flex-wrap:wrap;\" ><div class=\"fusion-builder-row fusion-row\"><div class=\"fusion-layout-column fusion_builder_column fusion-builder-column-6 fusion_builder_column_1_1 1_1 fusion-one-full fusion-column-first fusion-column-last\" style=\"--awb-padding-right:150px;--awb-padding-left:150px;--awb-bg-size:cover;\"><div class=\"fusion-column-wrapper fusion-column-has-shadow fusion-flex-column-wrapper-legacy\"><div class=\"fusion-text fusion-text-5\"><div class=\"fusion-text\" style=\"margin-bottom: 130px; margin-top: 85px;\"><p><ul class=\"grouplist\"><li><strong style='font-weight: 200;'>Firmenstruktur<\/strong><\/li><li style=' color: rgb(153, 153, 153);'>\u00dcber die Lipoid Kosmetik AG<\/li><li style=''><a href='https:\/\/www.lipoid-kosmetik.com\/de\/our-company\/firmenstruktur\/ueber-die-lipoid-gruppe\/'>\u00dcber die Lipoid Gruppe<\/a><\/li><\/ul><\/p><\/div>\n<\/div><div class=\"fusion-clearfix\"><\/div><\/div><\/div><\/div><\/div><\/p>\n","protected":false},"excerpt":{"rendered":"","protected":false},"author":1,"featured_media":0,"parent":5529,"menu_order":1,"comment_status":"closed","ping_status":"closed","template":"100-width.php","meta":{"_acf_changed":false,"footnotes":""},"class_list":["post-5531","page","type-page","status-publish","hentry"],"acf":[],"_links":{"self":[{"href":"https:\/\/www.lipoid-kosmetik.com\/de\/wp-json\/wp\/v2\/pages\/5531","targetHints":{"allow":["GET"]}}],"collection":[{"href":"https:\/\/www.lipoid-kosmetik.com\/de\/wp-json\/wp\/v2\/pages"}],"about":[{"href":"https:\/\/www.lipoid-kosmetik.com\/de\/wp-json\/wp\/v2\/types\/page"}],"author":[{"embeddable":true,"href":"https:\/\/www.lipoid-kosmetik.com\/de\/wp-json\/wp\/v2\/users\/1"}],"replies":[{"embeddable":true,"href":"https:\/\/www.lipoid-kosmetik.com\/de\/wp-json\/wp\/v2\/comments?post=5531"}],"version-history":[{"count":5,"href":"https:\/\/www.lipoid-kosmetik.com\/de\/wp-json\/wp\/v2\/pages\/5531\/revisions"}],"predecessor-version":[{"id":6111,"href":"https:\/\/www.lipoid-kosmetik.com\/de\/wp-json\/wp\/v2\/pages\/5531\/revisions\/6111"}],"up":[{"embeddable":true,"href":"https:\/\/www.lipoid-kosmetik.com\/de\/wp-json\/wp\/v2\/pages\/5529"}],"wp:attachment":[{"href":"https:\/\/www.lipoid-kosmetik.com\/de\/wp-json\/wp\/v2\/media?parent=5531"}],"curies":[{"name":"wp","href":"https:\/\/api.w.org\/{rel}","templated":true}]}}