{"id":5535,"date":"2021-01-17T14:07:25","date_gmt":"2021-01-17T13:07:25","guid":{"rendered":"https:\/\/lipoid-kosmetik.com\/our-company\/innovation\/"},"modified":"2021-07-08T15:13:09","modified_gmt":"2021-07-08T13:13:09","slug":"innovation","status":"publish","type":"page","link":"https:\/\/www.lipoid-kosmetik.com\/de\/our-company\/innovation\/","title":{"rendered":"Innovation"},"content":{"rendered":"<p><div class=\"fusion-fullwidth fullwidth-box fusion-builder-row-1 nonhundred-percent-fullwidth non-hundred-percent-height-scrolling fusion-equal-height-columns head-banner\" style=\"--awb-border-radius-top-left:0px;--awb-border-radius-top-right:0px;--awb-border-radius-bottom-right:0px;--awb-border-radius-bottom-left:0px;--awb-margin-bottom:60px;--awb-flex-wrap:wrap;\" ><div class=\"fusion-builder-row fusion-row\"><div class=\"fusion-layout-column fusion_builder_column fusion-builder-column-0 fusion_builder_column_2_3 2_3 fusion-two-third fusion-column-first fusion-column-inner-bg-wrapper\" style=\"--awb-padding-top:250px;--awb-inner-bg-image:url(&#039;https:\/\/lipoid-kosmetik.com\/wp-content\/uploads\/2021\/02\/Lipoid-Kosmetik_Our-Company_Innovation-1.jpg&#039;);--awb-inner-bg-position:center center;--awb-inner-bg-size:cover;width:66.666666666667%;width:calc(66.666666666667% - ( ( 0px ) * 0.66666666666667 ) );margin-right: 0px;\"><span class=\"fusion-column-inner-bg hover-type-zoomin\"><span class=\"fusion-column-anchor\"><span class=\"fusion-column-inner-bg-image\"><\/span><\/span><\/span><div class=\"fusion-column-wrapper fusion-column-has-shadow fusion-flex-column-wrapper-legacy fusion-empty-column-bg-image fusion-column-has-bg-image\" data-bg-url=\"https:\/\/lipoid-kosmetik.com\/wp-content\/uploads\/2021\/02\/Lipoid-Kosmetik_Our-Company_Innovation-1.jpg\"><img decoding=\"async\" class=\"fusion-empty-dims-img-placeholder fusion-no-large-visibility\" src=\"data:image\/gif;base64,R0lGODlhAQABAAAAACH5BAEKAAEALAAAAAABAAEAAAICTAEAOw==\"><div class=\"fusion-clearfix\"><\/div><\/div><\/div><div class=\"fusion-layout-column fusion_builder_column fusion-builder-column-1 fusion_builder_column_1_3 1_3 fusion-one-third fusion-column-last banner-row\" style=\"--awb-bg-color:#718849;--awb-bg-color-hover:#718849;--awb-bg-size:cover;width:33.333333333333%;width:calc(33.333333333333% - ( ( 0px ) * 0.33333333333333 ) );\"><div class=\"fusion-column-wrapper fusion-column-has-shadow fusion-flex-column-wrapper-legacy\"><div class=\"fusion-text fusion-text-1 banner-text\"><p><span class=\"banner-slogan\">Innovationen sind in der Kosmetikindustrie von zentraler Bedeutung.<\/span><\/p>\n<\/div><div class=\"fusion-clearfix\"><\/div><\/div><\/div><\/div><\/div><div class=\"fusion-fullwidth fullwidth-box fusion-builder-row-2 nonhundred-percent-fullwidth non-hundred-percent-height-scrolling\" style=\"--awb-border-radius-top-left:0px;--awb-border-radius-top-right:0px;--awb-border-radius-bottom-right:0px;--awb-border-radius-bottom-left:0px;--awb-margin-top:0px;--awb-flex-wrap:wrap;\" ><div class=\"fusion-builder-row fusion-row\"><div class=\"fusion-layout-column fusion_builder_column fusion-builder-column-2 fusion_builder_column_1_1 1_1 fusion-one-full fusion-column-first fusion-column-last\" style=\"--awb-padding-right:150px;--awb-padding-left:150px;--awb-bg-size:cover;\"><div class=\"fusion-column-wrapper fusion-column-has-shadow fusion-flex-column-wrapper-legacy\"><div class=\"fusion-text fusion-text-2\">\n    <div class=\"lip-breadcrumbs\" style=\"padding: 0;\">\n        <ul>\n            <li>\n                <a href=\"\/\">Lipoid Kosmetik<\/a>\n            <\/li>\n            <li>\n                <a href=\"https:\/\/www.lipoid-kosmetik.com\/de\/our-company\/\">Unsere Firma<\/a>\n            <\/li>\n            <li>\n                Innovation\n            <\/li>\n        <\/ul>\n        <\/div>\n<\/div><div class=\"fusion-clearfix\"><\/div><\/div><\/div><div class=\"fusion-layout-column fusion_builder_column fusion-builder-column-3 fusion_builder_column_1_1 1_1 fusion-one-full fusion-column-first fusion-column-last\" style=\"--awb-padding-right:150px;--awb-padding-left:150px;--awb-bg-size:cover;\"><div class=\"fusion-column-wrapper fusion-column-has-shadow fusion-flex-column-wrapper-legacy\"><div class=\"fusion-title title fusion-title-1 fusion-sep-none fusion-title-text fusion-title-size-one\" style=\"--awb-text-color:#718849;--awb-margin-bottom:35px;--awb-margin-top-small:10px;--awb-margin-right-small:0px;--awb-margin-bottom-small:10px;--awb-margin-left-small:0px;\"><h1 class=\"fusion-title-heading title-heading-left\" style=\"margin:0;\">Unsere Innovationsstrategie<\/h1><\/div><div class=\"fusion-text fusion-text-3\"><p>Die Natur weiss es am besten. Mit dieser \u00dcberzeugung w\u00e4hlen wir unser pflanzliches Material sorgf\u00e4ltig aus und entwickeln auf Grundlage von dessen phytochemischer Zusammensetzung funktionelle kosmetische Inhaltsstoffe. Dieses Konzept wird dann mit fundierter wissenschaftlicher Expertise in biochemische Mechanismen umgesetzt \u2013 mit einem tiefen Verst\u00e4ndnis der grundlegenden physiologischen Prozesse, die f\u00fcr kosmetische Anwendungen relevant sind. Im Zentrum unserer Wirkstoffentwicklung stehen nicht nur die umfassende Analyse von Wirkmechanismen und der physiologischen Relevanz, sondern auch <em>in vitro<\/em> Untersuchungen und umfangreiche <em>in vivo<\/em> Studien.<\/p>\n<p>Aber das ist noch nicht alles.<\/p>\n<p>Es gibt einen Grund, weshalb Pflanzen eine F\u00fclle von sekund\u00e4ren Pflanzenstoffen produzieren: zum Schutz vor Umwelteinfl\u00fcssen, vor Hitze, K\u00e4lte, Trockenheit, \u00dcberschwemmung, Wind, UV-Strahlung, Insekten und vielem mehr. F\u00fcr eine bestimmte Wirkung ist nicht ein sekund\u00e4rer Pflanzenstoff allein verantwortlich. Es ist das Zusammenspiel verschiedener Stoffe, welches einen synergistischen Effekt erzeugt und letztlich f\u00fcr eine kosmetische Wirkung sorgt.<\/p>\n<p>Und nicht zuletzt steht w\u00e4hrend des gesamten Innovationsprozesses \u2013 von der Konzeptentwicklung \u00fcber die Beschaffung und Pr\u00fcfung bis hin zur Herstellung \u2013 die Nachhaltigkeit im Mittelpunkt.<\/p>\n<\/div><div class=\"fusion-clearfix\"><\/div><\/div><\/div><\/div><\/div><div class=\"fusion-fullwidth fullwidth-box fusion-builder-row-3 nonhundred-percent-fullwidth non-hundred-percent-height-scrolling\" style=\"--awb-border-radius-top-left:0px;--awb-border-radius-top-right:0px;--awb-border-radius-bottom-right:0px;--awb-border-radius-bottom-left:0px;--awb-flex-wrap:wrap;\" ><div class=\"fusion-builder-row fusion-row\"><div class=\"fusion-layout-column fusion_builder_column fusion-builder-column-4 fusion_builder_column_1_1 1_1 fusion-one-full fusion-column-first fusion-column-last\" style=\"--awb-padding-right:150px;--awb-padding-left:150px;--awb-bg-size:cover;\"><div class=\"fusion-column-wrapper fusion-column-has-shadow fusion-flex-column-wrapper-legacy\"><div class=\"fusion-text fusion-text-4\"><div class=\"fusion-text\" style=\"margin-bottom: 130px; margin-top: 85px;\"><p><ul class=\"grouplist\"><li><strong style='font-weight: 200;'>Innovation<\/strong><\/li><li style=''><a href='https:\/\/www.lipoid-kosmetik.com\/de\/our-company\/innovation\/full-spectrum-mild-extraction-technologie\/'>Full-Spectrum Mild Extraction Technologie<\/a><\/li><li style=''><a href='https:\/\/www.lipoid-kosmetik.com\/de\/our-company\/innovation\/kundenspezifische-entwicklungen\/'>Kundenspezifische Entwicklungen<\/a><\/li><\/ul><\/p><\/div>\n<\/div><div class=\"fusion-clearfix\"><\/div><\/div><\/div><\/div><\/div><\/p>\n","protected":false},"excerpt":{"rendered":"","protected":false},"author":1,"featured_media":0,"parent":5527,"menu_order":0,"comment_status":"closed","ping_status":"closed","template":"100-width.php","meta":{"_acf_changed":false,"footnotes":""},"class_list":["post-5535","page","type-page","status-publish","hentry"],"acf":[],"_links":{"self":[{"href":"https:\/\/www.lipoid-kosmetik.com\/de\/wp-json\/wp\/v2\/pages\/5535","targetHints":{"allow":["GET"]}}],"collection":[{"href":"https:\/\/www.lipoid-kosmetik.com\/de\/wp-json\/wp\/v2\/pages"}],"about":[{"href":"https:\/\/www.lipoid-kosmetik.com\/de\/wp-json\/wp\/v2\/types\/page"}],"author":[{"embeddable":true,"href":"https:\/\/www.lipoid-kosmetik.com\/de\/wp-json\/wp\/v2\/users\/1"}],"replies":[{"embeddable":true,"href":"https:\/\/www.lipoid-kosmetik.com\/de\/wp-json\/wp\/v2\/comments?post=5535"}],"version-history":[{"count":3,"href":"https:\/\/www.lipoid-kosmetik.com\/de\/wp-json\/wp\/v2\/pages\/5535\/revisions"}],"predecessor-version":[{"id":6104,"href":"https:\/\/www.lipoid-kosmetik.com\/de\/wp-json\/wp\/v2\/pages\/5535\/revisions\/6104"}],"up":[{"embeddable":true,"href":"https:\/\/www.lipoid-kosmetik.com\/de\/wp-json\/wp\/v2\/pages\/5527"}],"wp:attachment":[{"href":"https:\/\/www.lipoid-kosmetik.com\/de\/wp-json\/wp\/v2\/media?parent=5535"}],"curies":[{"name":"wp","href":"https:\/\/api.w.org\/{rel}","templated":true}]}}