{"id":5537,"date":"2021-01-17T14:13:30","date_gmt":"2021-01-17T13:13:30","guid":{"rendered":"https:\/\/lipoid-kosmetik.com\/our-company\/innovation\/full-spectrum-mild-extraction-technology\/"},"modified":"2023-09-21T13:13:49","modified_gmt":"2023-09-21T11:13:49","slug":"full-spectrum-mild-extraction-technologie","status":"publish","type":"page","link":"https:\/\/www.lipoid-kosmetik.com\/de\/our-company\/innovation\/full-spectrum-mild-extraction-technologie\/","title":{"rendered":"Full-Spectrum Mild Extraction Technologie"},"content":{"rendered":"<p><div class=\"fusion-fullwidth fullwidth-box fusion-builder-row-1 nonhundred-percent-fullwidth non-hundred-percent-height-scrolling fusion-equal-height-columns head-banner\" style=\"--awb-border-radius-top-left:0px;--awb-border-radius-top-right:0px;--awb-border-radius-bottom-right:0px;--awb-border-radius-bottom-left:0px;--awb-margin-bottom:60px;--awb-flex-wrap:wrap;\" ><div class=\"fusion-builder-row fusion-row\"><div class=\"fusion-layout-column fusion_builder_column fusion-builder-column-0 fusion_builder_column_2_3 2_3 fusion-two-third fusion-column-first fusion-column-inner-bg-wrapper\" style=\"--awb-padding-top:250px;--awb-inner-bg-image:url(&#039;https:\/\/lipoid-kosmetik.com\/wp-content\/uploads\/2021\/02\/Lipoid-Kosmetik_Our-Company_Innovation_Full-Spectrum-Mild-Extraction-Technolgy_1.jpg&#039;);--awb-inner-bg-position:center center;--awb-inner-bg-size:cover;width:66.666666666667%;width:calc(66.666666666667% - ( ( 0px ) * 0.66666666666667 ) );margin-right: 0px;\"><span class=\"fusion-column-inner-bg hover-type-zoomin\"><span class=\"fusion-column-anchor\"><span class=\"fusion-column-inner-bg-image\"><\/span><\/span><\/span><div class=\"fusion-column-wrapper fusion-column-has-shadow fusion-flex-column-wrapper-legacy fusion-empty-column-bg-image fusion-column-has-bg-image\" data-bg-url=\"https:\/\/lipoid-kosmetik.com\/wp-content\/uploads\/2021\/02\/Lipoid-Kosmetik_Our-Company_Innovation_Full-Spectrum-Mild-Extraction-Technolgy_1.jpg\"><img decoding=\"async\" class=\"fusion-empty-dims-img-placeholder fusion-no-large-visibility\" src=\"data:image\/gif;base64,R0lGODlhAQABAAAAACH5BAEKAAEALAAAAAABAAEAAAICTAEAOw==\"><div class=\"fusion-clearfix\"><\/div><\/div><\/div><div class=\"fusion-layout-column fusion_builder_column fusion-builder-column-1 fusion_builder_column_1_3 1_3 fusion-one-third fusion-column-last banner-row\" style=\"--awb-bg-color:#718849;--awb-bg-color-hover:#718849;--awb-bg-size:cover;width:33.333333333333%;width:calc(33.333333333333% - ( ( 0px ) * 0.33333333333333 ) );\"><div class=\"fusion-column-wrapper fusion-column-has-shadow fusion-flex-column-wrapper-legacy\"><div class=\"fusion-text fusion-text-1 banner-text\"><p><span class=\"banner-slogan\">Wir bieten &#8220;Vollspektrum-Extrakte&#8221; von h\u00f6chster Qualit\u00e4t, in welchen die phytochemische Zusammensetzung jedes einzelnen pflanzlichen Rohstoffs erhalten bleibt.<\/span><\/p>\n<\/div><div class=\"fusion-clearfix\"><\/div><\/div><\/div><\/div><\/div><div class=\"fusion-fullwidth fullwidth-box fusion-builder-row-2 nonhundred-percent-fullwidth non-hundred-percent-height-scrolling\" style=\"--awb-border-radius-top-left:0px;--awb-border-radius-top-right:0px;--awb-border-radius-bottom-right:0px;--awb-border-radius-bottom-left:0px;--awb-margin-top:0px;--awb-flex-wrap:wrap;\" ><div class=\"fusion-builder-row fusion-row\"><div class=\"fusion-layout-column fusion_builder_column fusion-builder-column-2 fusion_builder_column_1_1 1_1 fusion-one-full fusion-column-first fusion-column-last\" style=\"--awb-padding-right:150px;--awb-padding-left:150px;--awb-bg-size:cover;\"><div class=\"fusion-column-wrapper fusion-column-has-shadow fusion-flex-column-wrapper-legacy\"><div class=\"fusion-text fusion-text-2\">\n    <div class=\"lip-breadcrumbs\" style=\"padding: 0;\">\n        <ul>\n            <li>\n                <a href=\"\/\">Lipoid Kosmetik<\/a>\n            <\/li><li>\n                Unsere Firma\n            <\/li>\n            <li>\n                <a href=\"https:\/\/www.lipoid-kosmetik.com\/de\/our-company\/innovation\/\">Innovation<\/a>\n            <\/li>\n            <li>\n                Full-Spectrum Mild Extraction Technologie\n            <\/li>\n        <\/ul>\n        <\/div>\n<\/div><div class=\"fusion-clearfix\"><\/div><\/div><\/div><div class=\"fusion-layout-column fusion_builder_column fusion-builder-column-3 fusion_builder_column_1_1 1_1 fusion-one-full fusion-column-first fusion-column-last\" style=\"--awb-padding-right:150px;--awb-padding-left:150px;--awb-bg-size:cover;\"><div class=\"fusion-column-wrapper fusion-column-has-shadow fusion-flex-column-wrapper-legacy\"><div class=\"fusion-title title fusion-title-1 fusion-sep-none fusion-title-text fusion-title-size-one\" style=\"--awb-text-color:#718849;--awb-margin-bottom:35px;--awb-margin-top-small:10px;--awb-margin-right-small:0px;--awb-margin-bottom-small:10px;--awb-margin-left-small:0px;\"><h1 class=\"fusion-title-heading title-heading-left\" style=\"margin:0;\">Phytochemische Expertise<\/h1><\/div><div class=\"fusion-text fusion-text-3\"><p>Angesichts unserer langj\u00e4hrigen Erfahrung mit einer Vielzahl von pflanzlichen Extrakten und Wirkstoffen sind wir fest davon \u00fcberzeugt, dass wertvolle kosmetische Wirkungen vor allem das Ergebnis einer kombinierten Wirkung mehrerer pflanzlicher Substanzen sind. Wir bieten daher &#8220;Vollspektrum-Extrakte&#8221;, die darauf abzielen, alle l\u00f6sungsmittell\u00f6slichen Molek\u00fcle und nicht nur ein paar bestimmte Metaboliten zu konzentrieren. Bei unseren Extraktionsverfahren wird die Bedeutung der phytochemischen Diversit\u00e4t respektiert und darauf geachtet, die phytochemische Zusammensetzung in ihrer ganzen Vielfalt zu erhalten.<\/p>\n<\/div><div class=\"fusion-clearfix\"><\/div><\/div><\/div><\/div><\/div><div class=\"fusion-fullwidth fullwidth-box fusion-builder-row-3 nonhundred-percent-fullwidth non-hundred-percent-height-scrolling\" style=\"--awb-border-radius-top-left:0px;--awb-border-radius-top-right:0px;--awb-border-radius-bottom-right:0px;--awb-border-radius-bottom-left:0px;--awb-padding-top:50px;--awb-padding-right:150px;--awb-padding-bottom:100px;--awb-padding-left:150px;--awb-flex-wrap:wrap;\" ><div class=\"fusion-builder-row fusion-row\"><div class=\"fusion-layout-column fusion_builder_column fusion-builder-column-4 fusion_builder_column_1_1 1_1 fusion-one-full fusion-column-first fusion-column-last\" style=\"--awb-padding-right:150px;--awb-padding-left:150px;--awb-bg-size:cover;\"><div class=\"fusion-column-wrapper fusion-column-has-shadow fusion-flex-column-wrapper-legacy\"><div class=\"fusion-video fusion-selfhosted-video\" style=\"max-width:100%;\"><div class=\"video-wrapper\"><video playsinline=\"true\" width=\"100%\" style=\"object-fit: cover;\" autoplay=\"true\" muted=\"true\" loop=\"true\" preload=\"auto\" controls=\"1\"><source src=\"https:\/\/lipoid-kosmetik.com\/fullspektrum\/Full-Spektrum-Mild-Extraction-Technology_Lipoid-Kosmetik-AG.mp4\" type=\"video\/mp4\">Sorry, your browser doesn&#039;t support embedded videos.<\/video><\/div><\/div><div class=\"fusion-clearfix\"><\/div><\/div><\/div><\/div><\/div><div class=\"fusion-fullwidth fullwidth-box fusion-builder-row-4 nonhundred-percent-fullwidth non-hundred-percent-height-scrolling\" style=\"--awb-border-radius-top-left:0px;--awb-border-radius-top-right:0px;--awb-border-radius-bottom-right:0px;--awb-border-radius-bottom-left:0px;--awb-flex-wrap:wrap;\" ><div class=\"fusion-builder-row fusion-row\"><div class=\"fusion-layout-column fusion_builder_column fusion-builder-column-5 fusion_builder_column_1_1 1_1 fusion-one-full fusion-column-first fusion-column-last\" style=\"--awb-padding-right:150px;--awb-padding-left:150px;--awb-bg-size:cover;\"><div class=\"fusion-column-wrapper fusion-column-has-shadow fusion-flex-column-wrapper-legacy\"><div class=\"fusion-title title fusion-title-2 fusion-sep-none fusion-title-text fusion-title-size-two\" style=\"--awb-text-color:#718849;--awb-margin-bottom:35px;--awb-margin-top-small:10px;--awb-margin-right-small:0px;--awb-margin-bottom-small:10px;--awb-margin-left-small:0px;\"><h2 class=\"fusion-title-heading title-heading-left\" style=\"margin:0;\">Schonender und umweltfreundlicher Herstellungsprozess<\/h2><\/div><div class=\"fusion-text fusion-text-4\"><p>In Einklang mit modernen Trends beruht unsere Extraktionstechnologie auf einer einzigartigen Kombination von Kaltmazerations- und Perkolationsverfahren, die energieeffizient und umweltfreundlich sind. Die Extraktion erfolgt bei Raumtemperatur, um eine m\u00f6glichst schonende Verarbeitung der Rohstoffe zu gew\u00e4hrleisten und dabei wertvolle Inhaltsstoffe zu sch\u00fctzen und eine Anreicherung von unerw\u00fcnschten Nebenprodukten wie z.\u00a0B. Farbstoffen zu vermeiden. Das Ergebnis sind stabile Extrakte, optimal abgestimmt auf Extraktionsausbeute und Akzeptanz in der Rezeptur. Unsere Extrakte sind so konzentriert wie nat\u00fcrlich m\u00f6glich, da wir ein hohes Wirkstoff-zu-L\u00f6sungsmittel-Verh\u00e4ltnis verwenden. Damit enth\u00e4lt 1\u00a0kg Extrakt etwa so viele wertvolle Inhaltsstoffe wie 1\u00a0kg frisches Pflanzenmaterial.<\/p>\n<p>Unsere Herstellungsverfahren unterliegen der kosmetischen GMP ISO 22716 Norm. Strenge Rohstoffspezifikationen und ein elektronisch gesteuertes Extraktionssystem erm\u00f6glichen es uns, gleichbleibende Extrakte mit sehr geringen Chargenschwankungen herzustellen.<\/p>\n<\/div><div class=\"fusion-sep-clear\"><\/div><div class=\"fusion-separator fusion-full-width-sep\" style=\"margin-left: auto;margin-right: auto;margin-bottom:50px;width:100%;\"><\/div><div class=\"fusion-sep-clear\"><\/div><div class=\"fusion-clearfix\"><\/div><\/div><\/div><\/div><\/div><div class=\"fusion-fullwidth fullwidth-box fusion-builder-row-5 fusion-parallax-fixed nonhundred-percent-fullwidth non-hundred-percent-height-scrolling\" style=\"--awb-border-radius-top-left:0px;--awb-border-radius-top-right:0px;--awb-border-radius-bottom-right:0px;--awb-border-radius-bottom-left:0px;--awb-background-color:rgba(113,136,73,0.11);--awb-background-image:linear-gradient(180deg, rgba(113,136,73,0.11) 0%,rgba(255,255,255,0) 40%),url(https:\/\/lipoid-kosmetik.com\/wp-content\/uploads\/2021\/06\/lipoid-kosmetik-mild-spectrum-background-scaled.jpg);;--awb-background-size:cover;--awb-flex-wrap:wrap;background-attachment:fixed;\" ><div class=\"fusion-builder-row fusion-row\"><div class=\"fusion-layout-column fusion_builder_column fusion-builder-column-6 fusion_builder_column_1_1 1_1 fusion-one-full fusion-column-first fusion-column-last\" style=\"--awb-bg-size:cover;\"><div class=\"fusion-column-wrapper fusion-column-has-shadow fusion-flex-column-wrapper-legacy\"><div class=\"fusion-sep-clear\"><\/div><div class=\"fusion-separator fusion-full-width-sep\" style=\"margin-left: auto;margin-right: auto;margin-bottom:50px;width:100%;\"><\/div><div class=\"fusion-sep-clear\"><\/div><div class=\"fusion-clearfix\"><\/div><\/div><\/div><div class=\"fusion-layout-column fusion_builder_column fusion-builder-column-7 fusion_builder_column_1_2 1_2 fusion-one-half fusion-column-first\" style=\"--awb-padding-left:150px;--awb-bg-size:cover;width:50%;width:calc(50% - ( ( 4% ) * 0.5 ) );margin-right: 4%;\"><div class=\"fusion-column-wrapper fusion-column-has-shadow fusion-flex-column-wrapper-legacy\"><div class=\"fusion-image-element in-legacy-container\" style=\"--awb-max-width:550px;--awb-caption-title-font-family:var(--h2_typography-font-family);--awb-caption-title-font-weight:var(--h2_typography-font-weight);--awb-caption-title-font-style:var(--h2_typography-font-style);--awb-caption-title-size:var(--h2_typography-font-size);--awb-caption-title-transform:var(--h2_typography-text-transform);--awb-caption-title-line-height:var(--h2_typography-line-height);--awb-caption-title-letter-spacing:var(--h2_typography-letter-spacing);\"><span class=\" fusion-imageframe imageframe-none imageframe-1 hover-type-none\"><img decoding=\"async\" width=\"550\" height=\"464\" title=\"lipoid-kosmetik-spectrum-edelweiss\" src=\"https:\/\/www.lipoid-kosmetik.com\/wp-content\/uploads\/2021\/06\/lipoid-kosmetik-spectrum-edelweiss.png\" alt class=\"img-responsive wp-image-5796\" srcset=\"https:\/\/www.lipoid-kosmetik.com\/wp-content\/uploads\/2021\/06\/lipoid-kosmetik-spectrum-edelweiss-200x169.png 200w, https:\/\/www.lipoid-kosmetik.com\/wp-content\/uploads\/2021\/06\/lipoid-kosmetik-spectrum-edelweiss-400x337.png 400w, https:\/\/www.lipoid-kosmetik.com\/wp-content\/uploads\/2021\/06\/lipoid-kosmetik-spectrum-edelweiss.png 550w\" sizes=\"(max-width: 800px) 100vw, 550px\" \/><\/span><\/div><div class=\"fusion-clearfix\"><\/div><\/div><\/div><div class=\"fusion-layout-column fusion_builder_column fusion-builder-column-8 fusion_builder_column_1_2 1_2 fusion-one-half fusion-column-last\" style=\"--awb-bg-size:cover;width:50%;width:calc(50% - ( ( 4% ) * 0.5 ) );\"><div class=\"fusion-column-wrapper fusion-column-has-shadow fusion-flex-column-wrapper-legacy\"><div class=\"fusion-image-element in-legacy-container\" style=\"--awb-max-width:522px;--awb-caption-title-font-family:var(--h2_typography-font-family);--awb-caption-title-font-weight:var(--h2_typography-font-weight);--awb-caption-title-font-style:var(--h2_typography-font-style);--awb-caption-title-size:var(--h2_typography-font-size);--awb-caption-title-transform:var(--h2_typography-text-transform);--awb-caption-title-line-height:var(--h2_typography-line-height);--awb-caption-title-letter-spacing:var(--h2_typography-letter-spacing);\"><span class=\" fusion-imageframe imageframe-none imageframe-2 hover-type-none\"><img decoding=\"async\" width=\"550\" height=\"464\" alt=\"Edelweiss flower contains a plethora of value phytochemicals for cosmetics\" title=\"lipoid-kosmetik-spectrum-cranberry\" src=\"https:\/\/www.lipoid-kosmetik.com\/wp-content\/uploads\/2021\/06\/lipoid-kosmetik-spectrum-cranberry.png\" class=\"img-responsive wp-image-5802\" srcset=\"https:\/\/www.lipoid-kosmetik.com\/wp-content\/uploads\/2021\/06\/lipoid-kosmetik-spectrum-cranberry-200x169.png 200w, https:\/\/www.lipoid-kosmetik.com\/wp-content\/uploads\/2021\/06\/lipoid-kosmetik-spectrum-cranberry-400x337.png 400w, https:\/\/www.lipoid-kosmetik.com\/wp-content\/uploads\/2021\/06\/lipoid-kosmetik-spectrum-cranberry.png 550w\" sizes=\"(max-width: 800px) 100vw, 550px\" \/><\/span><\/div><div class=\"fusion-clearfix\"><\/div><\/div><\/div><div class=\"fusion-layout-column fusion_builder_column fusion-builder-column-9 fusion_builder_column_1_2 1_2 fusion-one-half fusion-column-first\" style=\"--awb-padding-right:40px;--awb-padding-left:150px;--awb-bg-size:cover;width:50%;width:calc(50% - ( ( 4% ) * 0.5 ) );margin-right: 4%;\"><div class=\"fusion-column-wrapper fusion-column-has-shadow fusion-flex-column-wrapper-legacy\"><div class=\"fusion-text fusion-text-5\"><p><span class=\"custom-small\"><em>Getrocknetes Edelweiss Kraut enth\u00e4lt eine Vielzahl an wertvollen Metaboliten wie hier anhand der High-Performance Thin-Layer Chromatography (HPTLC)-Analyse gezeigt wird.<\/em><\/span><\/p>\n<p><em><span class=\"custom-smaller\">1: Vollst\u00e4ndige Extraktion mit Ethanol\/Methanol\/Wasser<\/span><\/em><br \/>\n<em><span class=\"custom-smaller\">4: Optimierte Full-Spectrum Mild Extraction<\/span><\/em><\/p>\n<\/div><div class=\"fusion-sep-clear\"><\/div><div class=\"fusion-separator fusion-full-width-sep\" style=\"margin-left: auto;margin-right: auto;margin-bottom:50px;width:100%;\"><\/div><div class=\"fusion-sep-clear\"><\/div><div class=\"fusion-clearfix\"><\/div><\/div><\/div><div class=\"fusion-layout-column fusion_builder_column fusion-builder-column-10 fusion_builder_column_1_2 1_2 fusion-one-half fusion-column-last\" style=\"--awb-padding-right:150px;--awb-bg-size:cover;width:50%;width:calc(50% - ( ( 4% ) * 0.5 ) );\"><div class=\"fusion-column-wrapper fusion-column-has-shadow fusion-flex-column-wrapper-legacy\"><div class=\"fusion-text fusion-text-6\"><p><span class=\"custom-small\"><em>Optimierte Extraktion von Cranberry Fr\u00fcchten mittels der Full-Spectrum Mild Extraction Technologie von Lipoid Kosmetik (gezeigt durch eine HPTLC-Analyse).<\/em><\/span><\/p>\n<p><em><span class=\"custom-smaller\">Links: Extraktion mit Methanol<\/span><\/em><br \/>\n<em><span class=\"custom-smaller\">Mitte: Extraktion mit Isopropanol\/Wasser<\/span><\/em><br \/>\n<em><span class=\"custom-smaller\">Rechts: Optimierte Full-Spectrum Mild Extraction (Cranberry Pro)<\/span><\/em><\/p>\n<\/div><div class=\"fusion-clearfix\"><\/div><\/div><\/div><\/div><\/div><div class=\"fusion-fullwidth fullwidth-box fusion-builder-row-6 nonhundred-percent-fullwidth non-hundred-percent-height-scrolling\" style=\"--awb-border-radius-top-left:0px;--awb-border-radius-top-right:0px;--awb-border-radius-bottom-right:0px;--awb-border-radius-bottom-left:0px;--awb-padding-top:100px;--awb-flex-wrap:wrap;\" ><div class=\"fusion-builder-row fusion-row\"><div class=\"fusion-layout-column fusion_builder_column fusion-builder-column-11 fusion_builder_column_1_1 1_1 fusion-one-full fusion-column-first fusion-column-last\" style=\"--awb-padding-right:150px;--awb-padding-left:150px;--awb-bg-size:cover;\"><div class=\"fusion-column-wrapper fusion-column-has-shadow fusion-flex-column-wrapper-legacy\"><div class=\"fusion-title title fusion-title-3 fusion-sep-none fusion-title-text fusion-title-size-three\" style=\"--awb-text-color:#718849;--awb-margin-bottom:35px;--awb-margin-top-small:10px;--awb-margin-right-small:0px;--awb-margin-bottom-small:10px;--awb-margin-left-small:0px;\"><h3 class=\"fusion-title-heading title-heading-left\" style=\"margin:0;\">Moderne L\u00f6sungsmittel- und Tr\u00e4gersysteme<\/h3><\/div><div class=\"fusion-text fusion-text-7\"><p>Wir legen grossen Wert auf die Nat\u00fcrlichkeit und Nachhaltigkeit unserer Hilfsstoffe. Beispielsweise wird unser L\u00f6sungsmittel Glycerin aus in Europa angebauten Pflanzen gewonnen. Es ist zu 100\u00a0% nat\u00fcrlichen Ursprungs, zu 100\u00a0% gentechnikfrei, zu 100\u00a0% palm\u00f6lfrei und erf\u00fcllt die h\u00f6chsten Standards der Corporate Social Responsibility (CSR). Zudem bieten wir Glycerin in Bioqualit\u00e4t.<\/p>\n<p>Neben unseren Fl\u00fcssigextrakten bieten wir auch Trockenextrakte an, die in eine Matrix aus 100\u00a0% pflanzlichem, gentechnikfreiem Maltodextrin eingebettet sind.<\/p>\n<p><u>\u00dcberblick \u00fcber verf\u00fcgbare L\u00f6sungsmittel- und Tr\u00e4gersysteme: <\/u><\/p>\n<\/div><div class=\"fusion-sep-clear\"><\/div><div class=\"fusion-separator fusion-full-width-sep\" style=\"margin-left: auto;margin-right: auto;margin-bottom:20px;width:100%;\"><\/div><div class=\"fusion-sep-clear\"><\/div><div class=\"fusion-image-element in-legacy-container\" style=\"--awb-max-width:1200px;--awb-caption-title-font-family:var(--h2_typography-font-family);--awb-caption-title-font-weight:var(--h2_typography-font-weight);--awb-caption-title-font-style:var(--h2_typography-font-style);--awb-caption-title-size:var(--h2_typography-font-size);--awb-caption-title-transform:var(--h2_typography-text-transform);--awb-caption-title-line-height:var(--h2_typography-line-height);--awb-caption-title-letter-spacing:var(--h2_typography-letter-spacing);\"><span class=\" fusion-imageframe imageframe-none imageframe-3 hover-type-none svg\"><img decoding=\"async\" width=\"1907\" height=\"862\" alt=\"Solvent and carrier systems offered by Lipoid Kosmetik\" title=\"LK_Solvent and Carrier System\" src=\"https:\/\/www.lipoid-kosmetik.com\/wp-content\/uploads\/2023\/09\/LK_Solvent-and-Carrier-System.svg\" class=\"img-responsive wp-image-13131\"\/><\/span><\/div><div class=\"fusion-clearfix\"><\/div><\/div><\/div><\/div><\/div><div class=\"fusion-fullwidth fullwidth-box fusion-builder-row-7 nonhundred-percent-fullwidth non-hundred-percent-height-scrolling\" style=\"--awb-border-radius-top-left:0px;--awb-border-radius-top-right:0px;--awb-border-radius-bottom-right:0px;--awb-border-radius-bottom-left:0px;--awb-flex-wrap:wrap;\" ><div class=\"fusion-builder-row fusion-row\"><div class=\"fusion-layout-column fusion_builder_column fusion-builder-column-12 fusion_builder_column_1_1 1_1 fusion-one-full fusion-column-first fusion-column-last\" style=\"--awb-padding-right:150px;--awb-padding-left:150px;--awb-bg-size:cover;\"><div class=\"fusion-column-wrapper fusion-column-has-shadow fusion-flex-column-wrapper-legacy\"><div class=\"fusion-text fusion-text-8\"><div class=\"fusion-text\" style=\"margin-bottom: 130px; margin-top: 85px;\"><p><ul class=\"grouplist\"><li><strong style='font-weight: 200;'>Innovation<\/strong><\/li><li style=' color: rgb(153, 153, 153);'>Full-Spectrum Mild Extraction Technologie<\/li><li style=''><a href='https:\/\/www.lipoid-kosmetik.com\/de\/our-company\/innovation\/kundenspezifische-entwicklungen\/'>Kundenspezifische Entwicklungen<\/a><\/li><\/ul><\/p><\/div>\n<\/div><div class=\"fusion-clearfix\"><\/div><\/div><\/div><\/div><\/div><\/p>\n","protected":false},"excerpt":{"rendered":"","protected":false},"author":1,"featured_media":0,"parent":5535,"menu_order":1,"comment_status":"closed","ping_status":"closed","template":"","meta":{"_acf_changed":false,"footnotes":""},"class_list":["post-5537","page","type-page","status-publish","hentry"],"acf":[],"_links":{"self":[{"href":"https:\/\/www.lipoid-kosmetik.com\/de\/wp-json\/wp\/v2\/pages\/5537","targetHints":{"allow":["GET"]}}],"collection":[{"href":"https:\/\/www.lipoid-kosmetik.com\/de\/wp-json\/wp\/v2\/pages"}],"about":[{"href":"https:\/\/www.lipoid-kosmetik.com\/de\/wp-json\/wp\/v2\/types\/page"}],"author":[{"embeddable":true,"href":"https:\/\/www.lipoid-kosmetik.com\/de\/wp-json\/wp\/v2\/users\/1"}],"replies":[{"embeddable":true,"href":"https:\/\/www.lipoid-kosmetik.com\/de\/wp-json\/wp\/v2\/comments?post=5537"}],"version-history":[{"count":36,"href":"https:\/\/www.lipoid-kosmetik.com\/de\/wp-json\/wp\/v2\/pages\/5537\/revisions"}],"predecessor-version":[{"id":13134,"href":"https:\/\/www.lipoid-kosmetik.com\/de\/wp-json\/wp\/v2\/pages\/5537\/revisions\/13134"}],"up":[{"embeddable":true,"href":"https:\/\/www.lipoid-kosmetik.com\/de\/wp-json\/wp\/v2\/pages\/5535"}],"wp:attachment":[{"href":"https:\/\/www.lipoid-kosmetik.com\/de\/wp-json\/wp\/v2\/media?parent=5537"}],"curies":[{"name":"wp","href":"https:\/\/api.w.org\/{rel}","templated":true}]}}