{"id":5543,"date":"2021-01-17T14:15:07","date_gmt":"2021-01-17T13:15:07","guid":{"rendered":"https:\/\/lipoid-kosmetik.com\/our-company\/quality-management\/quality-policy\/"},"modified":"2025-08-25T15:34:19","modified_gmt":"2025-08-25T13:34:19","slug":"qualitaetspolitik","status":"publish","type":"page","link":"https:\/\/www.lipoid-kosmetik.com\/de\/our-company\/quality-management\/qualitaetspolitik\/","title":{"rendered":"Qualit\u00e4tspolitik"},"content":{"rendered":"<p><div class=\"fusion-fullwidth fullwidth-box fusion-builder-row-1 nonhundred-percent-fullwidth non-hundred-percent-height-scrolling fusion-equal-height-columns head-banner\" style=\"--awb-border-radius-top-left:0px;--awb-border-radius-top-right:0px;--awb-border-radius-bottom-right:0px;--awb-border-radius-bottom-left:0px;--awb-margin-bottom:60px;--awb-flex-wrap:wrap;\" ><div class=\"fusion-builder-row fusion-row\"><div class=\"fusion-layout-column fusion_builder_column fusion-builder-column-0 fusion_builder_column_2_3 2_3 fusion-two-third fusion-column-first fusion-column-inner-bg-wrapper\" style=\"--awb-padding-top:250px;--awb-inner-bg-image:url(&#039;https:\/\/lipoid-kosmetik.com\/wp-content\/uploads\/2021\/03\/Lipoid-Kosmetik_Our-Company_Quality-Management_Quality-Policy_2.jpg&#039;);--awb-inner-bg-position:center center;--awb-inner-bg-size:cover;width:66.666666666667%;width:calc(66.666666666667% - ( ( 0px ) * 0.66666666666667 ) );margin-right: 0px;\"><span class=\"fusion-column-inner-bg hover-type-zoomin\"><span class=\"fusion-column-anchor\"><span class=\"fusion-column-inner-bg-image\"><\/span><\/span><\/span><div class=\"fusion-column-wrapper fusion-column-has-shadow fusion-flex-column-wrapper-legacy fusion-empty-column-bg-image fusion-column-has-bg-image\" data-bg-url=\"https:\/\/lipoid-kosmetik.com\/wp-content\/uploads\/2021\/03\/Lipoid-Kosmetik_Our-Company_Quality-Management_Quality-Policy_2.jpg\"><img decoding=\"async\" class=\"fusion-empty-dims-img-placeholder fusion-no-large-visibility\" src=\"data:image\/gif;base64,R0lGODlhAQABAAAAACH5BAEKAAEALAAAAAABAAEAAAICTAEAOw==\"><div class=\"fusion-clearfix\"><\/div><\/div><\/div><div class=\"fusion-layout-column fusion_builder_column fusion-builder-column-1 fusion_builder_column_1_3 1_3 fusion-one-third fusion-column-last banner-row\" style=\"--awb-bg-color:#718849;--awb-bg-color-hover:#718849;--awb-bg-size:cover;width:33.333333333333%;width:calc(33.333333333333% - ( ( 0px ) * 0.33333333333333 ) );\"><div class=\"fusion-column-wrapper fusion-column-has-shadow fusion-flex-column-wrapper-legacy\"><div class=\"fusion-text fusion-text-1 banner-text\"><p><span class=\"banner-slogan\">Unsere Qualit\u00e4tspolitik ist die Grundlage der angestrebten, exzellenten Qualit\u00e4t. <\/span><\/p>\n<\/div><div class=\"fusion-clearfix\"><\/div><\/div><\/div><\/div><\/div><div class=\"fusion-fullwidth fullwidth-box fusion-builder-row-2 nonhundred-percent-fullwidth non-hundred-percent-height-scrolling\" style=\"--awb-border-radius-top-left:0px;--awb-border-radius-top-right:0px;--awb-border-radius-bottom-right:0px;--awb-border-radius-bottom-left:0px;--awb-margin-top:0px;--awb-flex-wrap:wrap;\" ><div class=\"fusion-builder-row fusion-row\"><div class=\"fusion-layout-column fusion_builder_column fusion-builder-column-2 fusion_builder_column_1_1 1_1 fusion-one-full fusion-column-first fusion-column-last\" style=\"--awb-padding-right:150px;--awb-padding-left:150px;--awb-bg-size:cover;\"><div class=\"fusion-column-wrapper fusion-column-has-shadow fusion-flex-column-wrapper-legacy\"><div class=\"fusion-text fusion-text-2\">\n    <div class=\"lip-breadcrumbs\" style=\"padding: 0;\">\n        <ul>\n            <li>\n                <a href=\"\/\">Lipoid Kosmetik<\/a>\n            <\/li><li>\n                Unsere Firma\n            <\/li>\n            <li>\n                <a href=\"https:\/\/www.lipoid-kosmetik.com\/de\/our-company\/quality-management\/\">Qualit\u00e4tsmanagement<\/a>\n            <\/li>\n            <li>\n                Qualit\u00e4tspolitik\n            <\/li>\n        <\/ul>\n        <\/div>\n<\/div><div class=\"fusion-clearfix\"><\/div><\/div><\/div><div class=\"fusion-layout-column fusion_builder_column fusion-builder-column-3 fusion_builder_column_1_1 1_1 fusion-one-full fusion-column-first fusion-column-last\" style=\"--awb-padding-right:150px;--awb-padding-left:150px;--awb-bg-size:cover;\"><div class=\"fusion-column-wrapper fusion-column-has-shadow fusion-flex-column-wrapper-legacy\"><div class=\"fusion-title title fusion-title-1 fusion-sep-none fusion-title-text fusion-title-size-one\" style=\"--awb-text-color:#718849;--awb-margin-bottom:35px;--awb-margin-top-small:10px;--awb-margin-right-small:0px;--awb-margin-bottom-small:10px;--awb-margin-left-small:0px;\"><h1 class=\"fusion-title-heading title-heading-left\" style=\"margin:0;\">Unsere Qualit\u00e4tspolitik<\/h1><\/div><div class=\"fusion-text fusion-text-3\"><p>Unsere Qualit\u00e4tspolitik beruht auf den folgenden Grunds\u00e4tzen:<\/p>\n<ul>\n<li>Eine transparente und offene Kommunikation ist die Basis f\u00fcr eine langfristige Zusammenarbeit mit unseren Kunden, Partnern und Lieferanten.<\/li>\n<li>Wir wachsen, gemeinsam mit unseren Kunden und Lieferanten, mit Herausforderungen und Erfolgen, um die Zukunft unserer Firma zu sichern. Wir bem\u00fchen uns st\u00e4ndig, den aktuellen Marktanforderungen gerecht zu werden.<\/li>\n<li>Unsere Produkte werden in h\u00f6chster Qualit\u00e4t hergestellt und entsprechen den regulatorischen und gesetzlichen Vorgaben.<\/li>\n<li>F\u00f6rdern und Fordern der Menschen in unserem Team; wir sorgen f\u00fcr eine kontinuierliche Verbesserung der Arbeitsqualit\u00e4t und Kreativit\u00e4t.<\/li>\n<li>Wir sind uns unserer sozialen Verantwortung bewusst, verbessern unsere Massnahmen zum Schutz der Umwelt und streben nach gr\u00f6sstm\u00f6glicher Nachhaltigkeit.<\/li>\n<li>Die st\u00e4ndige Verbesserung unserer Prozesse und Dienstleistungen ist ein wesentliches Ziel unserer Firma.<\/li>\n<li>Die Eigenschaften und Integrit\u00e4t der beschafften Rohmaterialien sind Schl\u00fcsselfaktoren f\u00fcr die Qualit\u00e4t unserer Produkte. Gemeinsam mit unseren Lieferanten investieren wir daher erhebliche Ressourcen in die Weiterentwicklung der Lieferkette.<\/li>\n<\/ul>\n<p>Diese Prinzipien werden st\u00e4ndig auf den Pr\u00fcfstand gestellt, um unsere Qualit\u00e4tsleistung zu verbessern.<\/p>\n<p class=\"p1\">Qualit\u00e4tsmanagementsystem Zertifikat <a href=\"https:\/\/www.lipoid-kosmetik.com\/wp-content\/uploads\/2024\/02\/ISO_9001_DE_2024-2027.pdf\" target=\"_blank\" rel=\"noopener noreferrer\"><span class=\"s1\">ISO 9001<\/span><\/a>.<\/p>\n<p class=\"p1\">Gute Herstellungspraxis (GMP) Zertifikat <a href=\"https:\/\/www.lipoid-kosmetik.com\/wp-content\/uploads\/2024\/02\/ISO_22716_DE_2024-2027.pdf\" target=\"_blank\" rel=\"noopener noreferrer\"><span class=\"s1\">ISO 22716<\/span><\/a>.<\/p>\n<\/div><div class=\"fusion-sep-clear\"><\/div><div class=\"fusion-separator fusion-full-width-sep\" style=\"margin-left: auto;margin-right: auto;margin-top:50px;width:100%;\"><\/div><div class=\"fusion-sep-clear\"><\/div><div class=\"fusion-clearfix\"><\/div><\/div><\/div><\/div><\/div><div class=\"fusion-fullwidth fullwidth-box fusion-builder-row-3 nonhundred-percent-fullwidth non-hundred-percent-height-scrolling\" style=\"--awb-border-radius-top-left:0px;--awb-border-radius-top-right:0px;--awb-border-radius-bottom-right:0px;--awb-border-radius-bottom-left:0px;--awb-padding-top:50px;--awb-padding-bottom:50px;--awb-background-color:rgba(113,136,73,0.1);--awb-flex-wrap:wrap;\" ><div class=\"fusion-builder-row fusion-row\"><div class=\"fusion-layout-column fusion_builder_column fusion-builder-column-4 fusion_builder_column_1_3 1_3 fusion-one-third fusion-column-first\" style=\"--awb-padding-top:10px;--awb-padding-left:150px;--awb-bg-size:cover;width:33.333333333333%;width:calc(33.333333333333% - ( ( 4% + 4% ) * 0.33333333333333 ) );margin-right: 4%;\"><div class=\"fusion-column-wrapper fusion-column-has-shadow fusion-flex-column-wrapper-legacy\"><div class=\"fusion-image-element fusion-image-align-left in-legacy-container\" style=\"text-align:left;--awb-max-width:220px;--awb-caption-title-font-family:var(--h2_typography-font-family);--awb-caption-title-font-weight:var(--h2_typography-font-weight);--awb-caption-title-font-style:var(--h2_typography-font-style);--awb-caption-title-size:var(--h2_typography-font-size);--awb-caption-title-transform:var(--h2_typography-text-transform);--awb-caption-title-line-height:var(--h2_typography-line-height);--awb-caption-title-letter-spacing:var(--h2_typography-letter-spacing);\"><span class=\" fusion-imageframe imageframe-none imageframe-1 hover-type-none\" style=\"margin-right:25px;float:left;\"><img decoding=\"async\" width=\"400\" height=\"429\" alt=\"Logo ISO 16128\" title=\"Lipoid-Kosmetik_-ISO_16128_Logo_Type-Quality-Policy\" src=\"https:\/\/www.lipoid-kosmetik.com\/wp-content\/uploads\/2021\/05\/Lipoid-Kosmetik_-ISO_16128_Logo_Type-Quality-Policy.png\" class=\"img-responsive wp-image-5040\" srcset=\"https:\/\/www.lipoid-kosmetik.com\/wp-content\/uploads\/2021\/05\/Lipoid-Kosmetik_-ISO_16128_Logo_Type-Quality-Policy-200x215.png 200w, https:\/\/www.lipoid-kosmetik.com\/wp-content\/uploads\/2021\/05\/Lipoid-Kosmetik_-ISO_16128_Logo_Type-Quality-Policy.png 400w\" sizes=\"(max-width: 800px) 100vw, 400px\" \/><\/span><\/div><div class=\"fusion-clearfix\"><\/div><\/div><\/div><div class=\"fusion-layout-column fusion_builder_column fusion-builder-column-5 fusion_builder_column_1_3 1_3 fusion-one-third\" style=\"--awb-bg-size:cover;width:33.333333333333%;width:calc(33.333333333333% - ( ( 4% + 4% ) * 0.33333333333333 ) );margin-right: 4%;\"><div class=\"fusion-column-wrapper fusion-column-has-shadow fusion-flex-column-wrapper-legacy\"><div class=\"fusion-image-element fusion-image-align-center in-legacy-container\" style=\"text-align:center;--awb-max-width:250px;--awb-caption-title-font-family:var(--h2_typography-font-family);--awb-caption-title-font-weight:var(--h2_typography-font-weight);--awb-caption-title-font-style:var(--h2_typography-font-style);--awb-caption-title-size:var(--h2_typography-font-size);--awb-caption-title-transform:var(--h2_typography-text-transform);--awb-caption-title-line-height:var(--h2_typography-line-height);--awb-caption-title-letter-spacing:var(--h2_typography-letter-spacing);\"><div class=\"imageframe-align-center\"><span class=\" fusion-imageframe imageframe-none imageframe-2 hover-type-none svg\"><img decoding=\"async\" width=\"212\" height=\"212\" alt=\"Logo ISO 22716\" title=\"22716_gm_en\" src=\"https:\/\/www.lipoid-kosmetik.com\/wp-content\/uploads\/2021\/05\/22716_gm_en.svg\" class=\"img-responsive wp-image-5033\"\/><\/span><\/div><\/div><div class=\"fusion-clearfix\"><\/div><\/div><\/div><div class=\"fusion-layout-column fusion_builder_column fusion-builder-column-6 fusion_builder_column_1_3 1_3 fusion-one-third fusion-column-last\" style=\"--awb-padding-right:150px;--awb-bg-size:cover;width:33.333333333333%;width:calc(33.333333333333% - ( ( 4% + 4% ) * 0.33333333333333 ) );\"><div class=\"fusion-column-wrapper fusion-column-has-shadow fusion-flex-column-wrapper-legacy\"><div class=\"fusion-image-element fusion-image-align-center in-legacy-container\" style=\"text-align:center;--awb-max-width:250px;--awb-caption-title-font-family:var(--h2_typography-font-family);--awb-caption-title-font-weight:var(--h2_typography-font-weight);--awb-caption-title-font-style:var(--h2_typography-font-style);--awb-caption-title-size:var(--h2_typography-font-size);--awb-caption-title-transform:var(--h2_typography-text-transform);--awb-caption-title-line-height:var(--h2_typography-line-height);--awb-caption-title-letter-spacing:var(--h2_typography-letter-spacing);\"><div class=\"imageframe-align-center\"><span class=\" fusion-imageframe imageframe-none imageframe-3 hover-type-none svg\"><img decoding=\"async\" width=\"212\" height=\"212\" alt=\"Logo ISO 9001\" title=\"9001_gm_en\" src=\"https:\/\/www.lipoid-kosmetik.com\/wp-content\/uploads\/2021\/05\/9001_gm_en.svg\" class=\"img-responsive wp-image-5030\"\/><\/span><\/div><\/div><div class=\"fusion-clearfix\"><\/div><\/div><\/div><div class=\"fusion-layout-column fusion_builder_column fusion-builder-column-7 fusion_builder_column_1_1 1_1 fusion-one-full fusion-column-first fusion-column-last fusion-no-small-visibility\" style=\"--awb-padding-left:150px;--awb-bg-size:cover;\"><div class=\"fusion-column-wrapper fusion-column-has-shadow fusion-flex-column-wrapper-legacy\"><div class=\"fusion-sep-clear\"><\/div><div class=\"fusion-separator fusion-full-width-sep\" style=\"margin-left: auto;margin-right: auto;margin-top:50px;width:100%;\"><\/div><div class=\"fusion-sep-clear\"><\/div><div class=\"fusion-clearfix\"><\/div><\/div><\/div><div class=\"fusion-layout-column fusion_builder_column fusion-builder-column-8 fusion_builder_column_1_3 1_3 fusion-one-third fusion-column-first\" style=\"--awb-padding-left:150px;--awb-bg-size:cover;width:33.333333333333%;width:calc(33.333333333333% - ( ( 4% + 4% ) * 0.33333333333333 ) );margin-right: 4%;\"><div class=\"fusion-column-wrapper fusion-column-has-shadow fusion-flex-column-wrapper-legacy\"><div class=\"fusion-image-element fusion-image-align-left in-legacy-container\" style=\"text-align:left;--awb-max-width:220px;--awb-caption-title-font-family:var(--h2_typography-font-family);--awb-caption-title-font-weight:var(--h2_typography-font-weight);--awb-caption-title-font-style:var(--h2_typography-font-style);--awb-caption-title-size:var(--h2_typography-font-size);--awb-caption-title-transform:var(--h2_typography-text-transform);--awb-caption-title-line-height:var(--h2_typography-line-height);--awb-caption-title-letter-spacing:var(--h2_typography-letter-spacing);\"><span class=\" fusion-imageframe imageframe-none imageframe-4 hover-type-none\" style=\"margin-right:25px;float:left;\"><img decoding=\"async\" width=\"1667\" height=\"1667\" alt=\"Logo EcoVadis Platinum Rating 2025\" title=\"EcoVadis medal_2025\" src=\"https:\/\/www.lipoid-kosmetik.com\/wp-content\/uploads\/2025\/08\/EcoVadis-medal_2025.png\" class=\"img-responsive wp-image-16758\" srcset=\"https:\/\/www.lipoid-kosmetik.com\/wp-content\/uploads\/2025\/08\/EcoVadis-medal_2025-200x200.png 200w, https:\/\/www.lipoid-kosmetik.com\/wp-content\/uploads\/2025\/08\/EcoVadis-medal_2025-400x400.png 400w, https:\/\/www.lipoid-kosmetik.com\/wp-content\/uploads\/2025\/08\/EcoVadis-medal_2025-600x600.png 600w, https:\/\/www.lipoid-kosmetik.com\/wp-content\/uploads\/2025\/08\/EcoVadis-medal_2025-800x800.png 800w, https:\/\/www.lipoid-kosmetik.com\/wp-content\/uploads\/2025\/08\/EcoVadis-medal_2025-1200x1200.png 1200w, https:\/\/www.lipoid-kosmetik.com\/wp-content\/uploads\/2025\/08\/EcoVadis-medal_2025.png 1667w\" sizes=\"(max-width: 800px) 100vw, 400px\" \/><\/span><\/div><div class=\"fusion-clearfix\"><\/div><\/div><\/div><div class=\"fusion-layout-column fusion_builder_column fusion-builder-column-9 fusion_builder_column_1_3 1_3 fusion-one-third\" style=\"--awb-bg-size:cover;width:33.333333333333%;width:calc(33.333333333333% - ( ( 4% + 4% ) * 0.33333333333333 ) );margin-right: 4%;\"><div class=\"fusion-column-wrapper fusion-column-has-shadow fusion-flex-column-wrapper-legacy\"><div class=\"fusion-image-element fusion-image-align-center in-legacy-container\" style=\"text-align:center;--awb-max-width:210px;--awb-caption-title-font-family:var(--h2_typography-font-family);--awb-caption-title-font-weight:var(--h2_typography-font-weight);--awb-caption-title-font-style:var(--h2_typography-font-style);--awb-caption-title-size:var(--h2_typography-font-size);--awb-caption-title-transform:var(--h2_typography-text-transform);--awb-caption-title-line-height:var(--h2_typography-line-height);--awb-caption-title-letter-spacing:var(--h2_typography-letter-spacing);\"><div class=\"imageframe-align-center\"><span class=\" fusion-imageframe imageframe-none imageframe-5 hover-type-none\"><img decoding=\"async\" width=\"350\" height=\"350\" alt=\"Logo CFI.co Award 2020 for Outstanding Contribution to Natural Cosmetics\" title=\"Lipoid-Kosmetik_EcoVadis_Award_Logo_Type-Quality-Policy\" src=\"https:\/\/www.lipoid-kosmetik.com\/wp-content\/uploads\/2021\/05\/Lipoid-Kosmetik_EcoVadis_Award_Logo_Type-Quality-Policy.png\" class=\"img-responsive wp-image-5043\" srcset=\"https:\/\/www.lipoid-kosmetik.com\/wp-content\/uploads\/2021\/05\/Lipoid-Kosmetik_EcoVadis_Award_Logo_Type-Quality-Policy-200x200.png 200w, https:\/\/www.lipoid-kosmetik.com\/wp-content\/uploads\/2021\/05\/Lipoid-Kosmetik_EcoVadis_Award_Logo_Type-Quality-Policy.png 350w\" sizes=\"(max-width: 800px) 100vw, 350px\" \/><\/span><\/div><\/div><div class=\"fusion-clearfix\"><\/div><\/div><\/div><div class=\"fusion-layout-column fusion_builder_column fusion-builder-column-10 fusion_builder_column_1_3 1_3 fusion-one-third fusion-column-last\" style=\"--awb-padding-top:20px;--awb-bg-size:cover;width:33.333333333333%;width:calc(33.333333333333% - ( ( 4% + 4% ) * 0.33333333333333 ) );\"><div class=\"fusion-column-wrapper fusion-column-has-shadow fusion-flex-column-wrapper-legacy\"><div class=\"fusion-image-element fusion-image-align-center in-legacy-container\" style=\"text-align:center;--awb-max-width:400px;--awb-caption-title-font-family:var(--h2_typography-font-family);--awb-caption-title-font-weight:var(--h2_typography-font-weight);--awb-caption-title-font-style:var(--h2_typography-font-style);--awb-caption-title-size:var(--h2_typography-font-size);--awb-caption-title-transform:var(--h2_typography-text-transform);--awb-caption-title-line-height:var(--h2_typography-line-height);--awb-caption-title-letter-spacing:var(--h2_typography-letter-spacing);\"><div class=\"imageframe-align-center\"><span class=\" fusion-imageframe imageframe-none imageframe-6 hover-type-none\"><img decoding=\"async\" width=\"600\" height=\"260\" alt=\"Logo CFI.co Award 2020 for Outstanding Contribution to Natural Cosmetics\" title=\"Lipoid-Kosmetik_CFI_Award_Type-Quality-Policy\" src=\"https:\/\/www.lipoid-kosmetik.com\/wp-content\/uploads\/2021\/05\/Lipoid-Kosmetik_CFI_Award_Type-Quality-Policy.png\" class=\"img-responsive wp-image-5058\" srcset=\"https:\/\/www.lipoid-kosmetik.com\/wp-content\/uploads\/2021\/05\/Lipoid-Kosmetik_CFI_Award_Type-Quality-Policy-200x87.png 200w, https:\/\/www.lipoid-kosmetik.com\/wp-content\/uploads\/2021\/05\/Lipoid-Kosmetik_CFI_Award_Type-Quality-Policy-400x173.png 400w, https:\/\/www.lipoid-kosmetik.com\/wp-content\/uploads\/2021\/05\/Lipoid-Kosmetik_CFI_Award_Type-Quality-Policy.png 600w\" sizes=\"(max-width: 800px) 100vw, 600px\" \/><\/span><\/div><\/div><div class=\"fusion-clearfix\"><\/div><\/div><\/div><\/div><\/div><div class=\"fusion-fullwidth fullwidth-box fusion-builder-row-4 nonhundred-percent-fullwidth non-hundred-percent-height-scrolling\" style=\"--awb-border-radius-top-left:0px;--awb-border-radius-top-right:0px;--awb-border-radius-bottom-right:0px;--awb-border-radius-bottom-left:0px;--awb-flex-wrap:wrap;\" ><div class=\"fusion-builder-row fusion-row\"><div class=\"fusion-layout-column fusion_builder_column fusion-builder-column-11 fusion_builder_column_1_1 1_1 fusion-one-full fusion-column-first fusion-column-last\" style=\"--awb-padding-right:150px;--awb-padding-left:150px;--awb-bg-size:cover;\"><div class=\"fusion-column-wrapper fusion-column-has-shadow fusion-flex-column-wrapper-legacy\"><div class=\"fusion-text fusion-text-4\"><div class=\"fusion-text\" style=\"margin-bottom: 130px; margin-top: 85px;\"><p><ul class=\"grouplist\"><li><strong style='font-weight: 200;'>Qualit\u00e4tsmanagement<\/strong><\/li><li style=' color: rgb(153, 153, 153);'>Qualit\u00e4tspolitik<\/li><li style=''><a href='https:\/\/www.lipoid-kosmetik.com\/de\/our-company\/quality-management\/qualitaetskontrolle\/'>Qualit\u00e4tskontrolle<\/a><\/li><li style=''><a href='https:\/\/www.lipoid-kosmetik.com\/de\/our-company\/quality-management\/regulatory-affairs\/'>Regulatory Affairs<\/a><\/li><\/ul><\/p><\/div>\n<\/div><div class=\"fusion-clearfix\"><\/div><\/div><\/div><\/div><\/div><\/p>\n","protected":false},"excerpt":{"rendered":"","protected":false},"author":1,"featured_media":0,"parent":5541,"menu_order":1,"comment_status":"closed","ping_status":"closed","template":"","meta":{"_acf_changed":false,"footnotes":""},"class_list":["post-5543","page","type-page","status-publish","hentry"],"acf":[],"_links":{"self":[{"href":"https:\/\/www.lipoid-kosmetik.com\/de\/wp-json\/wp\/v2\/pages\/5543","targetHints":{"allow":["GET"]}}],"collection":[{"href":"https:\/\/www.lipoid-kosmetik.com\/de\/wp-json\/wp\/v2\/pages"}],"about":[{"href":"https:\/\/www.lipoid-kosmetik.com\/de\/wp-json\/wp\/v2\/types\/page"}],"author":[{"embeddable":true,"href":"https:\/\/www.lipoid-kosmetik.com\/de\/wp-json\/wp\/v2\/users\/1"}],"replies":[{"embeddable":true,"href":"https:\/\/www.lipoid-kosmetik.com\/de\/wp-json\/wp\/v2\/comments?post=5543"}],"version-history":[{"count":19,"href":"https:\/\/www.lipoid-kosmetik.com\/de\/wp-json\/wp\/v2\/pages\/5543\/revisions"}],"predecessor-version":[{"id":16777,"href":"https:\/\/www.lipoid-kosmetik.com\/de\/wp-json\/wp\/v2\/pages\/5543\/revisions\/16777"}],"up":[{"embeddable":true,"href":"https:\/\/www.lipoid-kosmetik.com\/de\/wp-json\/wp\/v2\/pages\/5541"}],"wp:attachment":[{"href":"https:\/\/www.lipoid-kosmetik.com\/de\/wp-json\/wp\/v2\/media?parent=5543"}],"curies":[{"name":"wp","href":"https:\/\/api.w.org\/{rel}","templated":true}]}}