{"id":5545,"date":"2021-01-17T14:15:32","date_gmt":"2021-01-17T13:15:32","guid":{"rendered":"https:\/\/lipoid-kosmetik.com\/our-company\/quality-management\/quality-control\/"},"modified":"2021-08-27T10:17:44","modified_gmt":"2021-08-27T08:17:44","slug":"qualitaetskontrolle","status":"publish","type":"page","link":"https:\/\/www.lipoid-kosmetik.com\/de\/our-company\/quality-management\/qualitaetskontrolle\/","title":{"rendered":"Qualit\u00e4tskontrolle"},"content":{"rendered":"<p><div class=\"fusion-fullwidth fullwidth-box fusion-builder-row-1 nonhundred-percent-fullwidth non-hundred-percent-height-scrolling fusion-equal-height-columns head-banner\" style=\"--awb-border-radius-top-left:0px;--awb-border-radius-top-right:0px;--awb-border-radius-bottom-right:0px;--awb-border-radius-bottom-left:0px;--awb-margin-bottom:60px;--awb-flex-wrap:wrap;\" ><div class=\"fusion-builder-row fusion-row\"><div class=\"fusion-layout-column fusion_builder_column fusion-builder-column-0 fusion_builder_column_2_3 2_3 fusion-two-third fusion-column-first fusion-column-inner-bg-wrapper\" style=\"--awb-padding-top:250px;--awb-inner-bg-image:url(&#039;https:\/\/lipoid-kosmetik.com\/wp-content\/uploads\/2021\/02\/Lipoid-Kosmetik_Our-Company_Quality-Management_Quality-Control_1.jpg&#039;);--awb-inner-bg-position:center center;--awb-inner-bg-size:cover;width:66.666666666667%;width:calc(66.666666666667% - ( ( 0px ) * 0.66666666666667 ) );margin-right: 0px;\"><span class=\"fusion-column-inner-bg hover-type-zoomin\"><span class=\"fusion-column-anchor\"><span class=\"fusion-column-inner-bg-image\"><\/span><\/span><\/span><div class=\"fusion-column-wrapper fusion-column-has-shadow fusion-flex-column-wrapper-legacy fusion-empty-column-bg-image fusion-column-has-bg-image\" data-bg-url=\"https:\/\/lipoid-kosmetik.com\/wp-content\/uploads\/2021\/02\/Lipoid-Kosmetik_Our-Company_Quality-Management_Quality-Control_1.jpg\"><img decoding=\"async\" class=\"fusion-empty-dims-img-placeholder fusion-no-large-visibility\" src=\"data:image\/gif;base64,R0lGODlhAQABAAAAACH5BAEKAAEALAAAAAABAAEAAAICTAEAOw==\"><div class=\"fusion-clearfix\"><\/div><\/div><\/div><div class=\"fusion-layout-column fusion_builder_column fusion-builder-column-1 fusion_builder_column_1_3 1_3 fusion-one-third fusion-column-last banner-row\" style=\"--awb-bg-color:#718849;--awb-bg-color-hover:#718849;--awb-bg-size:cover;width:33.333333333333%;width:calc(33.333333333333% - ( ( 0px ) * 0.33333333333333 ) );\"><div class=\"fusion-column-wrapper fusion-column-has-shadow fusion-flex-column-wrapper-legacy\"><div class=\"fusion-text fusion-text-1 banner-text\"><p><span class=\"banner-slogan\">Qualit\u00e4t ist unsere Leidenschaft und oberste Priorit\u00e4t.<\/span><\/p>\n<\/div><div class=\"fusion-clearfix\"><\/div><\/div><\/div><\/div><\/div><div class=\"fusion-fullwidth fullwidth-box fusion-builder-row-2 nonhundred-percent-fullwidth non-hundred-percent-height-scrolling\" style=\"--awb-border-radius-top-left:0px;--awb-border-radius-top-right:0px;--awb-border-radius-bottom-right:0px;--awb-border-radius-bottom-left:0px;--awb-margin-top:0px;--awb-margin-bottom:20px;--awb-flex-wrap:wrap;\" ><div class=\"fusion-builder-row fusion-row\"><div class=\"fusion-layout-column fusion_builder_column fusion-builder-column-2 fusion_builder_column_1_1 1_1 fusion-one-full fusion-column-first fusion-column-last\" style=\"--awb-padding-right:150px;--awb-padding-left:150px;--awb-bg-size:cover;\"><div class=\"fusion-column-wrapper fusion-column-has-shadow fusion-flex-column-wrapper-legacy\"><div class=\"fusion-text fusion-text-2\">\n    <div class=\"lip-breadcrumbs\" style=\"padding: 0;\">\n        <ul>\n            <li>\n                <a href=\"\/\">Lipoid Kosmetik<\/a>\n            <\/li><li>\n                Unsere Firma\n            <\/li>\n            <li>\n                <a href=\"https:\/\/www.lipoid-kosmetik.com\/de\/our-company\/quality-management\/\">Qualit\u00e4tsmanagement<\/a>\n            <\/li>\n            <li>\n                Qualit\u00e4tskontrolle\n            <\/li>\n        <\/ul>\n        <\/div>\n<\/div><div class=\"fusion-clearfix\"><\/div><\/div><\/div><div class=\"fusion-layout-column fusion_builder_column fusion-builder-column-3 fusion_builder_column_1_1 1_1 fusion-one-full fusion-column-first fusion-column-last\" style=\"--awb-padding-right:150px;--awb-padding-left:150px;--awb-bg-size:cover;\"><div class=\"fusion-column-wrapper fusion-column-has-shadow fusion-flex-column-wrapper-legacy\"><div class=\"fusion-title title fusion-title-1 fusion-sep-none fusion-title-text fusion-title-size-one\" style=\"--awb-text-color:#718849;--awb-margin-bottom:35px;--awb-margin-top-small:10px;--awb-margin-right-small:0px;--awb-margin-bottom-small:10px;--awb-margin-left-small:0px;\"><h1 class=\"fusion-title-heading title-heading-left\" style=\"margin:0;\">Qualit\u00e4tskontrolle<\/h1><\/div><div class=\"fusion-text fusion-text-3\"><p>Wir legen gr\u00f6ssten Wert auf die Qualit\u00e4t unserer Produkte und Rohmaterialien. Die Qualit\u00e4tskontrolle garantiert die Einhaltung der Spezifikationen und die h\u00f6chste Produktqualit\u00e4t hinsichtlich organoleptischer, chemischer und mikrobiologischer Parameter. Alle unsere Produkte erhalten chargenspezifische Zertifikate, die sowohl die physikalischen und chemischen Eigenschaften als auch den mikrobiologischen Status enthalten.<\/p>\n<\/div><div class=\"fusion-sep-clear\"><\/div><div class=\"fusion-separator fusion-full-width-sep\" style=\"margin-left: auto;margin-right: auto;margin-top:50px;width:100%;\"><\/div><div class=\"fusion-sep-clear\"><\/div><div class=\"fusion-title title fusion-title-2 fusion-sep-none fusion-title-text fusion-title-size-two\" style=\"--awb-text-color:#718849;--awb-margin-bottom:26px;--awb-margin-top-small:10px;--awb-margin-right-small:0px;--awb-margin-bottom-small:10px;--awb-margin-left-small:0px;\"><h2 class=\"fusion-title-heading title-heading-left\" style=\"margin:0;\">Chemische und physikalische Analyse<\/h2><\/div><div class=\"fusion-text fusion-text-4\"><p>Unsere Rohstoffe und Verkaufsprodukte durchlaufen strenge Pr\u00fcfverfahren, um zu gew\u00e4hrleisten, dass nur Produkte von h\u00f6chster Qualit\u00e4t unser Haus verlassen. Deshalb wird f\u00fcr jede Charge die Einhaltung der vordefinierten Produktspezifikationen mit etablierten Analysemethoden \u00fcberpr\u00fcft.<\/p>\n<p>Die folgende Liste zeigt einige der Analysen, die wir in unserem Labor durchf\u00fchren:<\/p>\n<\/div><div class=\"fusion-clearfix\"><\/div><\/div><\/div><div class=\"fusion-layout-column fusion_builder_column fusion-builder-column-4 fusion_builder_column_2_5 2_5 fusion-two-fifth fusion-column-first\" style=\"--awb-padding-left:150px;--awb-bg-size:cover;--awb-margin-top:-20px;width:40%;width:calc(40% - ( ( 4% ) * 0.4 ) );margin-right: 4%;\"><div class=\"fusion-column-wrapper fusion-column-has-shadow fusion-flex-column-wrapper-legacy\"><div class=\"fusion-text fusion-text-5\"><ul>\n<li>Stickstoffbestimmung<\/li>\n<li>Wassergehalt<\/li>\n<li>UV\/VIS<\/li>\n<li>Polyphenolanalyse<\/li>\n<li>Farbskala<\/li>\n<li>HPTLC<\/li>\n<li>HPLC<\/li>\n<li>Siebanalyse<\/li>\n<li>Peroxidzahl<\/li>\n<li>Jodzahl<\/li>\n<li>S\u00e4urezahl<\/li>\n<\/ul>\n<\/div><div class=\"fusion-sep-clear\"><\/div><div class=\"fusion-separator fusion-full-width-sep\" style=\"margin-left: auto;margin-right: auto;margin-top:15px;width:100%;\"><\/div><div class=\"fusion-sep-clear\"><\/div><div class=\"fusion-clearfix\"><\/div><\/div><\/div><div class=\"fusion-layout-column fusion_builder_column fusion-builder-column-5 fusion_builder_column_3_5 3_5 fusion-three-fifth fusion-column-last\" style=\"--awb-padding-right:150px;--awb-bg-size:cover;width:60%;width:calc(60% - ( ( 4% ) * 0.6 ) );\"><div class=\"fusion-column-wrapper fusion-column-has-shadow fusion-flex-column-wrapper-legacy\"><div class=\"fusion-sep-clear\"><\/div><div class=\"fusion-separator fusion-full-width-sep\" style=\"margin-left: auto;margin-right: auto;margin-top:10px;width:100%;\"><\/div><div class=\"fusion-sep-clear\"><\/div><div class=\"fusion-image-element fusion-image-align-left in-legacy-container\" style=\"text-align:left;--awb-max-width:400px;--awb-caption-title-font-family:var(--h2_typography-font-family);--awb-caption-title-font-weight:var(--h2_typography-font-weight);--awb-caption-title-font-style:var(--h2_typography-font-style);--awb-caption-title-size:var(--h2_typography-font-size);--awb-caption-title-transform:var(--h2_typography-text-transform);--awb-caption-title-line-height:var(--h2_typography-line-height);--awb-caption-title-letter-spacing:var(--h2_typography-letter-spacing);\"><span class=\" fusion-imageframe imageframe-none imageframe-1 hover-type-none\" style=\"margin-right:25px;float:left;\"><img decoding=\"async\" width=\"544\" height=\"373\" alt=\"HPTLC fingerprint showcases the power of our full spectrum extracts\" title=\"Lipoid-Kosmetik_Our-Company_Quality-Management_Quality-Control_Text1\" src=\"https:\/\/lipoid-kosmetik.com\/wp-content\/uploads\/2021\/02\/Lipoid-Kosmetik_Our-Company_Quality-Management_Quality-Control_Text1.jpg\" class=\"img-responsive wp-image-3306\" srcset=\"https:\/\/www.lipoid-kosmetik.com\/wp-content\/uploads\/2021\/02\/Lipoid-Kosmetik_Our-Company_Quality-Management_Quality-Control_Text1-200x137.jpg 200w, https:\/\/www.lipoid-kosmetik.com\/wp-content\/uploads\/2021\/02\/Lipoid-Kosmetik_Our-Company_Quality-Management_Quality-Control_Text1-400x274.jpg 400w, https:\/\/www.lipoid-kosmetik.com\/wp-content\/uploads\/2021\/02\/Lipoid-Kosmetik_Our-Company_Quality-Management_Quality-Control_Text1.jpg 544w\" sizes=\"(max-width: 800px) 100vw, 544px\" \/><\/span><\/div><div class=\"fusion-sep-clear\"><\/div><div class=\"fusion-separator fusion-full-width-sep\" style=\"margin-left: auto;margin-right: auto;margin-top:15px;width:100%;\"><\/div><div class=\"fusion-sep-clear\"><\/div><div class=\"fusion-text fusion-text-6\"><p><span class=\"custom-small\"><em>HPTLC-Fingerabdruck von HerbaGlow\u00ae NRG. Unsere Full-Spectrum Mild Extraction Technologie erm\u00f6glicht die Extraktion aller l\u00f6sungsmittell\u00f6slichen Molek\u00fcle.<\/em><\/span><\/p>\n<\/div><div class=\"fusion-sep-clear\"><\/div><div class=\"fusion-separator fusion-full-width-sep\" style=\"margin-left: auto;margin-right: auto;margin-top:50px;width:100%;\"><\/div><div class=\"fusion-sep-clear\"><\/div><div class=\"fusion-clearfix\"><\/div><\/div><\/div><div class=\"fusion-layout-column fusion_builder_column fusion-builder-column-6 fusion_builder_column_1_1 1_1 fusion-one-full fusion-column-first fusion-column-last\" style=\"--awb-padding-right:150px;--awb-padding-left:150px;--awb-bg-size:cover;\"><div class=\"fusion-column-wrapper fusion-column-has-shadow fusion-flex-column-wrapper-legacy\"><div class=\"fusion-title title fusion-title-3 fusion-sep-none fusion-title-text fusion-title-size-three\" style=\"--awb-text-color:#718849;--awb-margin-bottom:35px;--awb-margin-top-small:10px;--awb-margin-right-small:0px;--awb-margin-bottom-small:10px;--awb-margin-left-small:0px;\"><h3 class=\"fusion-title-heading title-heading-left\" style=\"margin:0;\">Mikrobiologie und Hygiene<\/h3><\/div><div class=\"fusion-text fusion-text-7\"><p>Im Rahmen der mikrobiologischen Qualit\u00e4tskontrolle werden unsere Produkte auf Sicherheit im Sinne der Keimbelastung gepr\u00fcft. Die Bestimmung von aeroben Bakterien, Hefen und Schimmelpilzen, sowie der Ausschluss spezifischer pathogener Mikroorganismen, erfolgen mittels validierter mikrobiologischer Kulturen und Screeningverfahren. Die mikrobiologischen Methoden und Spezifikationen werden in Anlehnung an die empfohlenen Richtlinien der ISO 21149:2006 Norm und des Europ\u00e4ischen Arzneibuches (Pharm. Eur.) erstellt.<\/p>\n<\/div><div class=\"fusion-sep-clear\"><\/div><div class=\"fusion-separator fusion-full-width-sep\" style=\"margin-left: auto;margin-right: auto;margin-top:30px;width:100%;\"><\/div><div class=\"fusion-sep-clear\"><\/div><div class=\"fusion-clearfix\"><\/div><\/div><\/div><div class=\"fusion-layout-column fusion_builder_column fusion-builder-column-7 fusion_builder_column_2_5 2_5 fusion-two-fifth fusion-column-first\" style=\"--awb-padding-left:150px;--awb-bg-size:cover;width:40%;width:calc(40% - ( ( 4% ) * 0.4 ) );margin-right: 4%;\"><div class=\"fusion-column-wrapper fusion-column-has-shadow fusion-flex-column-wrapper-legacy\"><div class=\"fusion-image-element in-legacy-container\" style=\"--awb-max-width:400px;--awb-caption-title-font-family:var(--h2_typography-font-family);--awb-caption-title-font-weight:var(--h2_typography-font-weight);--awb-caption-title-font-style:var(--h2_typography-font-style);--awb-caption-title-size:var(--h2_typography-font-size);--awb-caption-title-transform:var(--h2_typography-text-transform);--awb-caption-title-line-height:var(--h2_typography-line-height);--awb-caption-title-letter-spacing:var(--h2_typography-letter-spacing);\"><span class=\" fusion-imageframe imageframe-none imageframe-2 hover-type-none\"><img decoding=\"async\" width=\"500\" height=\"256\" alt=\"Petri dishes to test microbiogy and hygiene \" title=\"Lipoid-Kosmetik_Our-Company_Quality-Management_Quality-Control_Text2\" src=\"https:\/\/lipoid-kosmetik.com\/wp-content\/uploads\/2021\/02\/Lipoid-Kosmetik_Our-Company_Quality-Management_Quality-Control_Text2.jpg\" class=\"img-responsive wp-image-3311\" srcset=\"https:\/\/www.lipoid-kosmetik.com\/wp-content\/uploads\/2021\/02\/Lipoid-Kosmetik_Our-Company_Quality-Management_Quality-Control_Text2-200x102.jpg 200w, https:\/\/www.lipoid-kosmetik.com\/wp-content\/uploads\/2021\/02\/Lipoid-Kosmetik_Our-Company_Quality-Management_Quality-Control_Text2-400x205.jpg 400w, https:\/\/www.lipoid-kosmetik.com\/wp-content\/uploads\/2021\/02\/Lipoid-Kosmetik_Our-Company_Quality-Management_Quality-Control_Text2.jpg 500w\" sizes=\"(max-width: 800px) 100vw, 400px\" \/><\/span><\/div><div class=\"fusion-clearfix\"><\/div><\/div><\/div><div class=\"fusion-layout-column fusion_builder_column fusion-builder-column-8 fusion_builder_column_3_5 3_5 fusion-three-fifth fusion-column-last\" style=\"--awb-padding-right:150px;--awb-bg-size:cover;width:60%;width:calc(60% - ( ( 4% ) * 0.6 ) );\"><div class=\"fusion-column-wrapper fusion-column-has-shadow fusion-flex-column-wrapper-legacy\"><div class=\"fusion-text fusion-text-8\"><p>Dar\u00fcber hinaus bilden Hygienemassnahmen und Prozesswasserkontrollen wesentliche Elemente unseres Produktionszyklus. Auf Basis von Standardarbeitsanweisungen (SOP) \u00fcberwachen wir diese Parameter sehr genau und reagieren auf etwaige Abweichungen. Die Anwendung einer guten Hygienepraxis und das Hygienebewusstsein werden intern durch regelm\u00e4ssige Schulungen gef\u00f6rdert.<\/p>\n<\/div><div class=\"fusion-clearfix\"><\/div><\/div><\/div><\/div><\/div><div class=\"fusion-fullwidth fullwidth-box fusion-builder-row-3 nonhundred-percent-fullwidth non-hundred-percent-height-scrolling\" style=\"--awb-border-radius-top-left:0px;--awb-border-radius-top-right:0px;--awb-border-radius-bottom-right:0px;--awb-border-radius-bottom-left:0px;--awb-flex-wrap:wrap;\" ><div class=\"fusion-builder-row fusion-row\"><div class=\"fusion-layout-column fusion_builder_column fusion-builder-column-9 fusion_builder_column_1_1 1_1 fusion-one-full fusion-column-first fusion-column-last\" style=\"--awb-padding-right:150px;--awb-padding-left:150px;--awb-bg-size:cover;\"><div class=\"fusion-column-wrapper fusion-column-has-shadow fusion-flex-column-wrapper-legacy\"><div class=\"fusion-text fusion-text-9\"><div class=\"fusion-text\" style=\"margin-bottom: 130px; margin-top: 85px;\"><p><ul class=\"grouplist\"><li><strong style='font-weight: 200;'>Qualit\u00e4tsmanagement<\/strong><\/li><li style=''><a href='https:\/\/www.lipoid-kosmetik.com\/de\/our-company\/quality-management\/qualitaetspolitik\/'>Qualit\u00e4tspolitik<\/a><\/li><li style=' color: rgb(153, 153, 153);'>Qualit\u00e4tskontrolle<\/li><li style=''><a href='https:\/\/www.lipoid-kosmetik.com\/de\/our-company\/quality-management\/regulatory-affairs\/'>Regulatory Affairs<\/a><\/li><\/ul><\/p><\/div>\n<\/div><div class=\"fusion-clearfix\"><\/div><\/div><\/div><\/div><\/div><\/p>\n","protected":false},"excerpt":{"rendered":"","protected":false},"author":1,"featured_media":0,"parent":5541,"menu_order":2,"comment_status":"closed","ping_status":"closed","template":"100-width.php","meta":{"_acf_changed":false,"footnotes":""},"class_list":["post-5545","page","type-page","status-publish","hentry"],"acf":[],"_links":{"self":[{"href":"https:\/\/www.lipoid-kosmetik.com\/de\/wp-json\/wp\/v2\/pages\/5545","targetHints":{"allow":["GET"]}}],"collection":[{"href":"https:\/\/www.lipoid-kosmetik.com\/de\/wp-json\/wp\/v2\/pages"}],"about":[{"href":"https:\/\/www.lipoid-kosmetik.com\/de\/wp-json\/wp\/v2\/types\/page"}],"author":[{"embeddable":true,"href":"https:\/\/www.lipoid-kosmetik.com\/de\/wp-json\/wp\/v2\/users\/1"}],"replies":[{"embeddable":true,"href":"https:\/\/www.lipoid-kosmetik.com\/de\/wp-json\/wp\/v2\/comments?post=5545"}],"version-history":[{"count":7,"href":"https:\/\/www.lipoid-kosmetik.com\/de\/wp-json\/wp\/v2\/pages\/5545\/revisions"}],"predecessor-version":[{"id":6807,"href":"https:\/\/www.lipoid-kosmetik.com\/de\/wp-json\/wp\/v2\/pages\/5545\/revisions\/6807"}],"up":[{"embeddable":true,"href":"https:\/\/www.lipoid-kosmetik.com\/de\/wp-json\/wp\/v2\/pages\/5541"}],"wp:attachment":[{"href":"https:\/\/www.lipoid-kosmetik.com\/de\/wp-json\/wp\/v2\/media?parent=5545"}],"curies":[{"name":"wp","href":"https:\/\/api.w.org\/{rel}","templated":true}]}}