{"id":5547,"date":"2021-01-17T14:15:57","date_gmt":"2021-01-17T13:15:57","guid":{"rendered":"https:\/\/lipoid-kosmetik.com\/our-company\/quality-management\/regulatory-affairs\/"},"modified":"2026-02-12T11:02:42","modified_gmt":"2026-02-12T10:02:42","slug":"regulatory-affairs","status":"publish","type":"page","link":"https:\/\/www.lipoid-kosmetik.com\/de\/our-company\/quality-management\/regulatory-affairs\/","title":{"rendered":"Regulatory Affairs"},"content":{"rendered":"<p><div class=\"fusion-fullwidth fullwidth-box fusion-builder-row-1 nonhundred-percent-fullwidth non-hundred-percent-height-scrolling fusion-equal-height-columns head-banner\" style=\"--awb-border-radius-top-left:0px;--awb-border-radius-top-right:0px;--awb-border-radius-bottom-right:0px;--awb-border-radius-bottom-left:0px;--awb-margin-bottom:60px;--awb-flex-wrap:wrap;\" ><div class=\"fusion-builder-row fusion-row\"><div class=\"fusion-layout-column fusion_builder_column fusion-builder-column-0 fusion_builder_column_2_3 2_3 fusion-two-third fusion-column-first fusion-column-inner-bg-wrapper\" style=\"--awb-padding-top:250px;--awb-inner-bg-image:url(&#039;https:\/\/lipoid-kosmetik.com\/wp-content\/uploads\/2021\/02\/Lipoid-Kosmetik_Our-Company_Quality-Management_Regulatory-Affairs_1.jpg&#039;);--awb-inner-bg-position:center center;--awb-inner-bg-size:cover;width:66.666666666667%;width:calc(66.666666666667% - ( ( 0px ) * 0.66666666666667 ) );margin-right: 0px;\"><span class=\"fusion-column-inner-bg hover-type-zoomin\"><span class=\"fusion-column-anchor\"><span class=\"fusion-column-inner-bg-image\"><\/span><\/span><\/span><div class=\"fusion-column-wrapper fusion-column-has-shadow fusion-flex-column-wrapper-legacy fusion-empty-column-bg-image fusion-column-has-bg-image\" data-bg-url=\"https:\/\/lipoid-kosmetik.com\/wp-content\/uploads\/2021\/02\/Lipoid-Kosmetik_Our-Company_Quality-Management_Regulatory-Affairs_1.jpg\"><img decoding=\"async\" class=\"fusion-empty-dims-img-placeholder fusion-no-large-visibility\" src=\"data:image\/gif;base64,R0lGODlhAQABAAAAACH5BAEKAAEALAAAAAABAAEAAAICTAEAOw==\"><div class=\"fusion-clearfix\"><\/div><\/div><\/div><div class=\"fusion-layout-column fusion_builder_column fusion-builder-column-1 fusion_builder_column_1_3 1_3 fusion-one-third fusion-column-last banner-row\" style=\"--awb-bg-color:#718849;--awb-bg-color-hover:#718849;--awb-bg-size:cover;width:33.333333333333%;width:calc(33.333333333333% - ( ( 0px ) * 0.33333333333333 ) );\"><div class=\"fusion-column-wrapper fusion-column-has-shadow fusion-flex-column-wrapper-legacy\"><div class=\"fusion-text fusion-text-1 banner-text\"><p><span class=\"banner-slogan\">Wir k\u00fcmmern uns um Ihre noch fehlenden Informationen.<\/span><\/p>\n<\/div><div class=\"fusion-clearfix\"><\/div><\/div><\/div><\/div><\/div><div class=\"fusion-fullwidth fullwidth-box fusion-builder-row-2 nonhundred-percent-fullwidth non-hundred-percent-height-scrolling\" style=\"--awb-border-radius-top-left:0px;--awb-border-radius-top-right:0px;--awb-border-radius-bottom-right:0px;--awb-border-radius-bottom-left:0px;--awb-margin-top:0px;--awb-flex-wrap:wrap;\" ><div class=\"fusion-builder-row fusion-row\"><div class=\"fusion-layout-column fusion_builder_column fusion-builder-column-2 fusion_builder_column_1_1 1_1 fusion-one-full fusion-column-first fusion-column-last\" style=\"--awb-padding-right:150px;--awb-padding-left:150px;--awb-bg-size:cover;\"><div class=\"fusion-column-wrapper fusion-column-has-shadow fusion-flex-column-wrapper-legacy\"><div class=\"fusion-text fusion-text-2\">\n    <div class=\"lip-breadcrumbs\" style=\"padding: 0;\">\n        <ul>\n            <li>\n                <a href=\"\/\">Lipoid Kosmetik<\/a>\n            <\/li><li>\n                Unsere Firma\n            <\/li>\n            <li>\n                <a href=\"https:\/\/www.lipoid-kosmetik.com\/de\/our-company\/quality-management\/\">Qualit\u00e4tsmanagement<\/a>\n            <\/li>\n            <li>\n                Regulatory Affairs\n            <\/li>\n        <\/ul>\n        <\/div>\n<\/div><div class=\"fusion-clearfix\"><\/div><\/div><\/div><div class=\"fusion-layout-column fusion_builder_column fusion-builder-column-3 fusion_builder_column_1_1 1_1 fusion-one-full fusion-column-first fusion-column-last\" style=\"--awb-padding-right:150px;--awb-padding-left:150px;--awb-bg-size:cover;\"><div class=\"fusion-column-wrapper fusion-column-has-shadow fusion-flex-column-wrapper-legacy\"><div class=\"fusion-title title fusion-title-1 fusion-sep-none fusion-title-text fusion-title-size-one\" style=\"--awb-text-color:#718849;--awb-margin-bottom:35px;--awb-margin-top-small:10px;--awb-margin-right-small:0px;--awb-margin-bottom-small:10px;--awb-margin-left-small:0px;\"><h1 class=\"fusion-title-heading title-heading-left\" style=\"margin:0;\">Unterst\u00fctzende Produktunterlagen<\/h1><\/div><div class=\"fusion-text fusion-text-3\"><p>Der Vertrieb eines Produkts setzt die Einhaltung aller geltenden Bestimmungen voraus. Zugleich wird das regulatorische Umfeld immer komplexer. Wir k\u00fcmmern uns um Kundenfragen und Datenanforderungen und liefern Unterlagen zur Abdeckung der Dokumentationspflichten. Um unsere Kunden bestm\u00f6glich zu unterst\u00fctzen, stellen wir ausserdem f\u00fcr jedes unserer Produkte spezifische Unterlagen zur Verf\u00fcgung.<\/p>\n<\/div><div class=\"fusion-sep-clear\"><\/div><div class=\"fusion-separator fusion-full-width-sep\" style=\"margin-left: auto;margin-right: auto;margin-top:50px;width:100%;\"><\/div><div class=\"fusion-sep-clear\"><\/div><div class=\"fusion-clearfix\"><\/div><\/div><\/div><div class=\"fusion-layout-column fusion_builder_column fusion-builder-column-4 fusion_builder_column_1_1 1_1 fusion-one-full fusion-column-first fusion-column-last\" style=\"--awb-padding-right:150px;--awb-padding-left:150px;--awb-bg-size:cover;\"><div class=\"fusion-column-wrapper fusion-column-has-shadow fusion-flex-column-wrapper-legacy\"><div class=\"fusion-title title fusion-title-2 fusion-sep-none fusion-title-text fusion-title-size-two\" style=\"--awb-text-color:#718849;--awb-margin-bottom:35px;--awb-margin-top-small:10px;--awb-margin-right-small:0px;--awb-margin-bottom-small:10px;--awb-margin-left-small:0px;\"><h2 class=\"fusion-title-heading title-heading-left\" style=\"margin:0;line-height:1.3;\">Einhaltung der EU REACH-Verordnung<\/h2><\/div><div class=\"fusion-text fusion-text-4\"><p>Die REACH-Verordnung (Registration, Evaluation, Autorisation and Restriction of Chemicals) hat das Ziel den Schutz der menschlichen Gesundheit und der Umwelt vor den Risiken, die von Chemikalien ausgehen k\u00f6nnen, zu verbessern.<\/p>\n<p>Alle unsere Produkte, d.\u00a0h. deren Inhaltsstoffe, entsprechen den Anforderungen der REACH-Verordnung (EG) Nr. 1907\/2006, einschliesslich deren \u00c4nderungen und Aktualisierungen.<\/p>\n<p>Lipoid Kosmetik AG ist ausserhalb der EU ans\u00e4ssig und kann deshalb die Rolle als Hersteller\/Importeur im Sinn von REACH nicht direkt \u00fcbernehmen. Um unseren Kunden einen optimalen Service zu bieten, haben wir deshalb einen Alleinvertreter benannt, der f\u00fcr uns die Pflichten entsprechend der REACH-Verordnung \u00fcbernimmt. Dies ist unsere Tochterfirma:<\/p>\n<p>Lipoid Kosmetik GmbH, Ritterstrasse 42, 47228 Duisburg, Deutschland<\/p>\n<p>Hier finden Sie REACH-relevante Informationen zu unseren Produkten:<\/p>\n<ul>\n<li>Die stoffspezifischen Informationen zum REACH-Status sind den Produktdatenbl\u00e4ttern zu entnehmen, die Teil unserer Standarddokumentation f\u00fcr jedes Produkt sind.<\/li>\n<li>Die Sicherheitsdatenbl\u00e4tter unserer Produkte werden regelm\u00e4ssig aktualisiert, um mindestens die geltenden Anforderungen der REACH-Verordnung (Art. 31 und 32) zu erf\u00fcllen. Daher enthalten unsere Sicherheitsdatenbl\u00e4tter die REACH-relevanten Informationen, wie sie anwendbar sind bzw. wie sie derzeit von unseren Rohstofflieferanten angegeben werden.<\/li>\n<\/ul>\n<\/div><div class=\"fusion-sep-clear\"><\/div><div class=\"fusion-separator fusion-full-width-sep\" style=\"margin-left: auto;margin-right: auto;margin-top:50px;width:100%;\"><\/div><div class=\"fusion-sep-clear\"><\/div><div class=\"fusion-clearfix\"><\/div><\/div><\/div><div class=\"fusion-layout-column fusion_builder_column fusion-builder-column-5 fusion_builder_column_1_1 1_1 fusion-one-full fusion-column-first fusion-column-last\" style=\"--awb-padding-right:150px;--awb-padding-left:150px;--awb-bg-size:cover;\"><div class=\"fusion-column-wrapper fusion-column-has-shadow fusion-flex-column-wrapper-legacy\"><div class=\"fusion-title title fusion-title-3 fusion-sep-none fusion-title-text fusion-title-size-two\" style=\"--awb-text-color:#718849;--awb-margin-bottom:35px;--awb-margin-top-small:10px;--awb-margin-right-small:0px;--awb-margin-bottom-small:10px;--awb-margin-left-small:0px;\"><h2 class=\"fusion-title-heading title-heading-left\" style=\"margin:0;line-height:1.3;\">Substances of Very High Concern (SVHC)<\/h2><\/div><div class=\"fusion-text fusion-text-5\" style=\"--awb-text-transform:none;\"><p>Besonders besorgniserregende Substanzen (Substances of Very High Concern (SVHC)) sind in der REACH-Verordnung definiert und umfassen Stoffe, die sehr schwerwiegende Auswirkungen auf die menschliche Gesundheit und die Umwelt haben. Diese Stoffe sind in der &#8220;Candidate List of Substances of Very High Concern for Authorisation&#8221; auf der ECHA-Website zu finden. Diese Liste wird regelm\u00e4ssig aktualisiert.<\/p>\n<p class=\"p1\">Unsere aktuelle <a href=\"https:\/\/www.lipoid-kosmetik.com\/wp-content\/uploads\/2026\/02\/Z-SVHC-General_28-1.pdf\" target=\"_blank\" rel=\"noopener noreferrer\"><span class=\"s1\">SVHC-Erkl\u00e4rung<\/span><\/a>.<\/p>\n<\/div><div class=\"fusion-sep-clear\"><\/div><div class=\"fusion-separator fusion-full-width-sep\" style=\"margin-left: auto;margin-right: auto;margin-top:50px;width:100%;\"><\/div><div class=\"fusion-sep-clear\"><\/div><div class=\"fusion-clearfix\"><\/div><\/div><\/div><div class=\"fusion-layout-column fusion_builder_column fusion-builder-column-6 fusion_builder_column_1_1 1_1 fusion-one-full fusion-column-first fusion-column-last\" style=\"--awb-padding-right:150px;--awb-padding-left:150px;--awb-bg-size:cover;\"><div class=\"fusion-column-wrapper fusion-column-has-shadow fusion-flex-column-wrapper-legacy\"><div class=\"fusion-title title fusion-title-4 fusion-sep-none fusion-title-text fusion-title-size-three\" style=\"--awb-text-color:#718849;--awb-margin-bottom:35px;--awb-margin-top-small:10px;--awb-margin-right-small:0px;--awb-margin-bottom-small:10px;--awb-margin-left-small:0px;\"><h3 class=\"fusion-title-heading title-heading-left\" style=\"margin:0;line-height:1.3;\">Einhaltung der GHS\/CLP-Verordnung<\/h3><\/div><div class=\"fusion-text fusion-text-6\"><p><a href=\"https:\/\/www.echa.europa.eu\/de\/home\">GHS<\/a> (Globally Harmonized System of Classification and Labelling of Chemicals) ist ein weltweites standardisiertes System zur Angabe der von Chemikalien ausgehenden Gefahren und wurde geschaffen, um den Schutz der menschlichen Gesundheit und der Umwelt zu verbessern. Die Umsetzung in der EU erfolgt durch die CLP-Verordnung (EG) Nr. 1272\/2008 (CLP = Classification, Labelling, and Packaging of Chemicals).<\/p>\n<p>Die Gefahren von Chemikalien sind innerhalb der gesamten Lieferkette im Sicherheitsdatenblatt (SDS) anzugeben. Auch wenn die \u00fcberwiegende Mehrheit unserer Produkte nicht entsprechend eingestuft ist, stellen wir Sicherheitsdatenbl\u00e4tter als Standarddokumente zur Verf\u00fcgung. Der Grund daf\u00fcr ist, dass Sicherheitsdatenbl\u00e4tter ein effizienter Weg sind nicht-obligatorische Informationen anzugeben.<\/p>\n<\/div><div class=\"fusion-sep-clear\"><\/div><div class=\"fusion-separator fusion-full-width-sep\" style=\"margin-left: auto;margin-right: auto;margin-top:50px;width:100%;\"><\/div><div class=\"fusion-sep-clear\"><\/div><div class=\"fusion-clearfix\"><\/div><\/div><\/div><div class=\"fusion-layout-column fusion_builder_column fusion-builder-column-7 fusion_builder_column_1_1 1_1 fusion-one-full fusion-column-first fusion-column-last\" style=\"--awb-padding-right:150px;--awb-padding-left:150px;--awb-bg-size:cover;\"><div class=\"fusion-column-wrapper fusion-column-has-shadow fusion-flex-column-wrapper-legacy\"><div class=\"fusion-title title fusion-title-5 fusion-sep-none fusion-title-text fusion-title-size-four\" style=\"--awb-text-color:#718849;--awb-margin-bottom:35px;--awb-margin-top-small:10px;--awb-margin-right-small:0px;--awb-margin-bottom-small:10px;--awb-margin-left-small:0px;\"><h4 class=\"fusion-title-heading title-heading-left\" style=\"margin:0;line-height:1.3;\">Einhaltung des Access and Benefit Sharing (ABS)<\/h4><\/div><div class=\"fusion-text fusion-text-7\"><p>Das Nagoya-Protokoll \u00fcber Access and Benefit Sharing (ABS) ist ein neuer internationaler Vertrag, der im Oktober 2010 in Nagoya, Japan, anl\u00e4sslich der UN-Biodiversit\u00e4tskonvention (CBD) angenommen wurde. Das Protokoll ist seit dem 12. Oktober 2014 in Kraft. Das Ziel ist die faire und gerechte Verteilung der Vorteile, die sich aus der Nutzung genetischer Ressourcen ergeben, um so zur Erhaltung und nachhaltigen Nutzung der biologischen Vielfalt beizutragen und die drei Ziele der CBD umzusetzen:<\/p>\n<ul>\n<li>Erhalt der biologischen Vielfalt<\/li>\n<li>Nachhaltige Nutzung ihrer Bestandteile<\/li>\n<li>Faire und gerechte Verteilung der Vorteile, die sich aus der Nutzung genetischer Ressourcen ergeben<\/li>\n<\/ul>\n<p>Unsere Produkte sind je nach Anspruch und verwendetem Pflanzenmaterial in unterschiedlichem Masse von den ABS-Vorschriften betroffen.<\/p>\n<p>Wir unterliegen nicht nur der ABS-Gesetzgebung, sondern sind auch davon \u00fcberzeugt, dass dies der richtige Weg ist, um auf eine gerechte Verteilung der Ressourcen rund um den Globus hinzuarbeiten. Wir arbeiten stetig daran, in allen relevanten Bereichen die gebotene Sorgfalt walten zu lassen.<\/p>\n<p>Weitere Informationen erhalten Sie im <a href=\"https:\/\/lipoid-kosmetik.com\/de\/sustainability\/csr-verpflichtungen\/csr-politik\/\">CSR Politik<\/a> Abschnitt.<\/p>\n<\/div><div class=\"fusion-sep-clear\"><\/div><div class=\"fusion-separator fusion-full-width-sep\" style=\"margin-left: auto;margin-right: auto;margin-top:50px;width:100%;\"><\/div><div class=\"fusion-sep-clear\"><\/div><div class=\"fusion-clearfix\"><\/div><\/div><\/div><div class=\"fusion-layout-column fusion_builder_column fusion-builder-column-8 fusion_builder_column_1_1 1_1 fusion-one-full fusion-column-first fusion-column-last\" style=\"--awb-padding-right:150px;--awb-padding-left:150px;--awb-bg-size:cover;\"><div class=\"fusion-column-wrapper fusion-column-has-shadow fusion-flex-column-wrapper-legacy\"><div class=\"fusion-title title fusion-title-6 fusion-sep-none fusion-title-text fusion-title-size-five\" style=\"--awb-text-color:#718849;--awb-margin-bottom:35px;--awb-margin-top-small:10px;--awb-margin-right-small:0px;--awb-margin-bottom-small:10px;--awb-margin-left-small:0px;\"><h5 class=\"fusion-title-heading title-heading-left\" style=\"margin:0;line-height:1.3;\">Weitere regulatorische Inhalte \u2013 Ihre Fragen sind unser Ansporn<\/h5><\/div><div class=\"fusion-text fusion-text-8\"><p>Um nur einige zu nennen:<\/p>\n<ul>\n<li>Nat\u00fcrlichkeit nach <a href=\"https:\/\/lipoid-kosmetik.com\/de\/sustainability\/oekologisches-produktportfolio\/natuerlichkeit-nach-iso-16128\/\">ISO 16128<\/a><\/li>\n<li><a href=\"https:\/\/lipoid-kosmetik.com\/de\/sustainability\/oekologisches-produktportfolio\/cosmos-natrue-standard\/\">COSMOS<\/a><\/li>\n<li><a href=\"https:\/\/lipoid-kosmetik.com\/de\/sustainability\/oekologisches-produktportfolio\/rspo\/\">RSPO<\/a><\/li>\n<li><a href=\"https:\/\/lipoid-kosmetik.com\/de\/sustainability\/oekologisches-produktportfolio\/nachhaltige-rohstoffe\/\">Nachhaltigkeit<\/a><\/li>\n<li><a href=\"https:\/\/lipoid-kosmetik.com\/de\/sustainability\/oekologisches-produktportfolio\/cosmos-natrue-standard\/\">NATRUE<\/a><\/li>\n<li>Vegan<\/li>\n<li>Herkunft<\/li>\n<li>Globale Chemikalienverzeichnisse<\/li>\n<\/ul>\n<p>F\u00fcr weitere Informationen <a href=\"#\" data-toggle=\"modal\" data-target=\".fusion-modal.menu-informationmodal\">kontaktieren Sie uns<\/a> bitte.<\/p>\n<\/div><div class=\"fusion-clearfix\"><\/div><\/div><\/div><\/div><\/div><div class=\"fusion-fullwidth fullwidth-box fusion-builder-row-3 nonhundred-percent-fullwidth non-hundred-percent-height-scrolling\" style=\"--awb-border-radius-top-left:0px;--awb-border-radius-top-right:0px;--awb-border-radius-bottom-right:0px;--awb-border-radius-bottom-left:0px;--awb-flex-wrap:wrap;\" ><div class=\"fusion-builder-row fusion-row\"><div class=\"fusion-layout-column fusion_builder_column fusion-builder-column-9 fusion_builder_column_1_1 1_1 fusion-one-full fusion-column-first fusion-column-last\" style=\"--awb-padding-right:150px;--awb-padding-left:150px;--awb-bg-size:cover;\"><div class=\"fusion-column-wrapper fusion-column-has-shadow fusion-flex-column-wrapper-legacy\"><div class=\"fusion-text fusion-text-9\"><div class=\"fusion-text\" style=\"margin-bottom: 130px; margin-top: 85px;\"><p><ul class=\"grouplist\"><li><strong style='font-weight: 200;'>Qualit\u00e4tsmanagement<\/strong><\/li><li style=''><a href='https:\/\/www.lipoid-kosmetik.com\/de\/our-company\/quality-management\/qualitaetspolitik\/'>Qualit\u00e4tspolitik<\/a><\/li><li style=''><a href='https:\/\/www.lipoid-kosmetik.com\/de\/our-company\/quality-management\/qualitaetskontrolle\/'>Qualit\u00e4tskontrolle<\/a><\/li><li style=' color: rgb(153, 153, 153);'>Regulatory Affairs<\/li><\/ul><\/p><\/div>\n<\/div><div class=\"fusion-clearfix\"><\/div><\/div><\/div><\/div><\/div><\/p>\n","protected":false},"excerpt":{"rendered":"","protected":false},"author":1,"featured_media":0,"parent":5541,"menu_order":3,"comment_status":"closed","ping_status":"closed","template":"","meta":{"_acf_changed":false,"footnotes":""},"class_list":["post-5547","page","type-page","status-publish","hentry"],"acf":[],"_links":{"self":[{"href":"https:\/\/www.lipoid-kosmetik.com\/de\/wp-json\/wp\/v2\/pages\/5547","targetHints":{"allow":["GET"]}}],"collection":[{"href":"https:\/\/www.lipoid-kosmetik.com\/de\/wp-json\/wp\/v2\/pages"}],"about":[{"href":"https:\/\/www.lipoid-kosmetik.com\/de\/wp-json\/wp\/v2\/types\/page"}],"author":[{"embeddable":true,"href":"https:\/\/www.lipoid-kosmetik.com\/de\/wp-json\/wp\/v2\/users\/1"}],"replies":[{"embeddable":true,"href":"https:\/\/www.lipoid-kosmetik.com\/de\/wp-json\/wp\/v2\/comments?post=5547"}],"version-history":[{"count":21,"href":"https:\/\/www.lipoid-kosmetik.com\/de\/wp-json\/wp\/v2\/pages\/5547\/revisions"}],"predecessor-version":[{"id":17090,"href":"https:\/\/www.lipoid-kosmetik.com\/de\/wp-json\/wp\/v2\/pages\/5547\/revisions\/17090"}],"up":[{"embeddable":true,"href":"https:\/\/www.lipoid-kosmetik.com\/de\/wp-json\/wp\/v2\/pages\/5541"}],"wp:attachment":[{"href":"https:\/\/www.lipoid-kosmetik.com\/de\/wp-json\/wp\/v2\/media?parent=5547"}],"curies":[{"name":"wp","href":"https:\/\/api.w.org\/{rel}","templated":true}]}}