{"id":5570,"date":"2020-04-15T12:01:08","date_gmt":"2020-04-15T10:01:08","guid":{"rendered":"https:\/\/lipoid-kosmetik.com\/privacy-policy\/"},"modified":"2021-09-14T19:12:56","modified_gmt":"2021-09-14T17:12:56","slug":"datenschutzerklaerung-2","status":"publish","type":"page","link":"https:\/\/www.lipoid-kosmetik.com\/de\/datenschutzerklaerung-2\/","title":{"rendered":"Datenschutzerkl\u00e4rung"},"content":{"rendered":"<div class=\"fusion-fullwidth fullwidth-box fusion-builder-row-1 nonhundred-percent-fullwidth non-hundred-percent-height-scrolling\" style=\"--awb-border-radius-top-left:0px;--awb-border-radius-top-right:0px;--awb-border-radius-bottom-right:0px;--awb-border-radius-bottom-left:0px;--awb-flex-wrap:wrap;\" ><div class=\"fusion-builder-row fusion-row\"><div class=\"fusion-layout-column fusion_builder_column fusion-builder-column-0 fusion_builder_column_1_1 1_1 fusion-one-full fusion-column-first fusion-column-last\" style=\"--awb-bg-size:cover;\"><div class=\"fusion-column-wrapper fusion-column-has-shadow fusion-flex-column-wrapper-legacy\"><div class=\"fusion-text fusion-text-1\"><p><strong>Datenschutzerkl\u00e4rung:<\/strong><\/p>\n<p><strong>Kontaktadresse<\/strong><br \/>\nLipoid Kosmetik AG<br \/>\nSennweidstrasse 44\/46<br \/>\n6312 Steinhausen<br \/>\nSchweiz<br \/>\n<a href=\"mailto:info@lipoid-kosmetik.com\">info@lipoid-kosmetik.com<\/a><\/p>\n<p><strong>Vertretungsberechtigte Personen<\/strong><br \/>\nDr. Peter R\u00f6thlisberger<br \/>\nAndreas Gilg<\/p>\n<p><strong>Handelsregistereintrag<\/strong><br \/>\nEingetragener Firmenname: Lipoid Kosmetik AG<br \/>\nNummer: CHE-106.909.300<br \/>\nHandelsregisteramt: CH-6300 Zug<\/p>\n<p><strong>Mehrwertsteuernummer<\/strong><br \/>\nCHE-106.909.300<\/p>\n<p><strong>Haftungsausschluss<\/strong><br \/>\nDer Autor \u00fcbernimmt keinerlei Gew\u00e4hr hinsichtlich der inhaltlichen Richtigkeit, Genauigkeit, Aktualit\u00e4t, Zuverl\u00e4ssigkeit und Vollst\u00e4ndigkeit der Informationen.<br \/>\nHaftungsanspr\u00fcche gegen den Autor wegen Sch\u00e4den materieller oder immaterieller Art, welche aus dem Zugriff oder der Nutzung bzw. Nichtnutzung der ver\u00f6ffentlichten Informationen, durch Missbrauch der Verbindung oder durch technische St\u00f6rungen entstanden sind, werden ausgeschlossen.<br \/>\nAlle Angebote sind unverbindlich. Der Autor beh\u00e4lt es sich ausdr\u00fccklich vor, Teile der Seiten oder das gesamte Angebot ohne gesonderte Ank\u00fcndigung zu ver\u00e4ndern, zu erg\u00e4nzen, zu l\u00f6schen oder die Ver\u00f6ffentlichung zeitweise oder endg\u00fcltig einzustellen.<\/p>\n<p><strong>Haftung f\u00fcr Links<\/strong><br \/>\nVerweise und Links auf Webseiten Dritter liegen ausserhalb unseres Verantwortungsbereichs. Es wird jegliche Verantwortung f\u00fcr solche Webseiten abgelehnt. Der Zugriff und die Nutzung solcher Webseiten erfolgen auf eigene Gefahr des Nutzers oder der Nutzerin.<\/p>\n<p><strong>Urheberrechte<\/strong><br \/>\nDie Urheber- und alle anderen Rechte an Inhalten, Bildern, Fotos oder anderen Dateien auf der Website geh\u00f6ren ausschliesslich der Firma Lipoid Kosmetik AG oder den speziell genannten Rechtsinhabern. F\u00fcr die Reproduktion jeglicher Elemente ist die schriftliche Zustimmung der Urheberrechtstr\u00e4ger im Voraus einzuholen.<\/p>\n<p><strong>Datenschutz<\/strong><br \/>\nGest\u00fctzt auf Artikel 13 der schweizerischen Bundesverfassung, die datenschutzrechtlichen Bestimmungen des Bundes (Datenschutzgesetz, DSG) sowie die Europ\u00e4ische Datenschutz-Grundverordnung (EU-DSGVO) hat jede Person Anspruch auf Schutz ihrer Privatsph\u00e4re sowie auf Schutz vor Missbrauch ihrer pers\u00f6nlichen Daten. Wir halten diese Bestimmungen ein. Pers\u00f6nliche Daten werden streng vertraulich behandelt und weder an Dritte verkauft noch weiter gegeben.<br \/>\nIn enger Zusammenarbeit mit unseren Hosting-Providern bem\u00fchen wir uns, die Datenbanken so gut wie m\u00f6glich vor fremden Zugriffen, Verlusten, Missbrauch oder vor F\u00e4lschung zu sch\u00fctzen.<br \/>\nBeim Zugriff auf unsere Webseiten werden folgende Daten in Logfiles gespeichert: IP-Adresse, Datum, Uhrzeit, Browser-Anfrage und allg. \u00fcbertragene Informationen zum Betriebssystem resp. Browser. Diese Nutzungsdaten bilden die Basis f\u00fcr statistische, anonyme Auswertungen, so dass Trends erkennbar sind, anhand derer wir unsere Angebote entsprechend verbessern k\u00f6nnen.<\/p>\n<p><strong>Umgang mit personenbezogenen Daten<\/strong><br \/>\nDefinition: Als personenbezogene Daten gelten alle Informationen, anhand derer eine Person eindeutig identifizierbar ist. Es handelt sich somit um Daten, die zu einer Person zur\u00fcckverfolgt werden k\u00f6nnen.<br \/>\nZu diesen personenbezogenen Daten z\u00e4hlen der Vorname und der Name, die Telefonnummer sowie die E-Mail-Adresse. Ebenso als personenbezogene Daten gelten Informationen zu Hobbies, Mitgliedschaften und Vorlieben sowie Internetseiten, die aufgerufen wurden.<br \/>\nDiese Daten werden vom Anbieter nur erhoben, genutzt und gegebenenfalls weitergegeben, sofern der Gesetzgeber dies ausdr\u00fccklich erlaubt oder aber der Nutzer in die Erhebung, Bearbeitung, Nutzung und Weitergabe der Daten einwilligt.<\/p>\n<p><strong>Registrierung auf unserer Webseite<\/strong><br \/>\nRegistrieren Sie sich auf unserer Webseite, um personalisierte Leistungen in Anspruch zu nehmen, werden personenbezogene Daten erhoben. Dazu z\u00e4hlen der Name, die Anschrift sowie die Telefonnummer und die E-Mail-Adresse als Kontakt- und Kommunikationsdaten.<br \/>\nDie Anmeldung erm\u00f6glicht den Zugriff auf Leistungen und Inhalte, die nur registrierten Nutzern zur Verf\u00fcgung stehen. Bei Bedarf haben angemeldete Nutzer die M\u00f6glichkeit, die im Rahmen der Registrierung genannten Daten jederzeit zu \u00e4ndern oder zu l\u00f6schen. Auf Wunsch teilen wir Ihnen selbstverst\u00e4ndlich mit, welche personenbezogenen Daten erhoben und gespeichert wurden. Dar\u00fcber hinaus berichtigen oder l\u00f6schen wir die Daten auf Anfrage, vorausgesetzt dem Anliegen stehen keine gesetzlichen Aufbewahrungspflichten entgegen. F\u00fcr R\u00fcckfragen sowie ihre Bitte um Korrektur oder L\u00f6schung der Daten, nutzen Sie bitte die in dieser Datenschutzerkl\u00e4rung genannten Kontaktdaten.<\/p>\n<p><strong>Newsletter<\/strong><br \/>\nMelden Sie sich f\u00fcr unseren Newsletter an, verwenden wir die von Ihnen eingegebenen Daten ausschliesslich f\u00fcr diesen Zweck oder um sie \u00fcber die f\u00fcr diesen Dienst oder die Registrierung relevanten Umst\u00e4nde zu informieren. Diese Daten geben wir nicht an Dritte weiter.<br \/>\nF\u00fcr den Empfang des Newsletters bedarf es einer validen (g\u00fcltigen) E-Mail-Adresse. Gespeichert werden zudem die IP-Adresse, \u00fcber die Sie sich f\u00fcr den Newsletter anmelden und das Datum, an dem Sie den Newsletter bestellen. Diese Daten dienen uns als Nachweis bei Missbrauch, falls eine fremde E-Mail-Adresse f\u00fcr den Newsletter angemeldet wird. Um dar\u00fcber hinaus sicherzustellen, dass eine E-Mail-Adresse nicht missbr\u00e4uchlich durch Dritte in unseren Verteiler eingetragen wird, arbeiten wir gesetzeskonform mit dem sogenannten \u201eDouble-Opt-In\u201c-Verfahren. Im Rahmen dieses Verfahren werden die Bestellung des Newsletters, der Versand der Best\u00e4tigungsmail und der Erhalt der Anmeldebest\u00e4tigung protokolliert.<br \/>\nSie haben jederzeit die M\u00f6glichkeit, Ihre Einwilligung zur Speicherung der Daten, Ihrer E-Mail-Adresse und deren Nutzung f\u00fcr den Newsletter-Versand zu widerrufen.<\/p>\n<p><strong>Kontaktformular<\/strong><br \/>\nWenn Sie uns \u00fcber das Onlineformular oder per E-Mail kontaktieren, speichern wir die von Ihnen gemachten Angaben, um Ihre Anfrage beantworten und m\u00f6gliche Anschlussfragen stellen zu k\u00f6nnen.<\/p>\n<p><strong>Einbindung von Diensten und Inhalten Dritter<\/strong><br \/>\nUnser Angebot umfasst mitunter Inhalte, Dienste und Leistungen anderer Anbieter. Das sind zum Beispiel Karten, die von Google-Maps zur Verf\u00fcgung gestellt werden, Videos von YouTube sowie Grafiken und Bilder anderer Webseiten. Damit diese Daten im Browser des Nutzers aufgerufen und dargestellt werden k\u00f6nnen, ist die \u00dcbermittlung der IP-Adresse zwingend notwendig. Die Anbieter (im Folgenden als \u201eDritt-Anbieter\u201c bezeichnet) nehmen also die IP-Adresse des jeweiligen Nutzers wahr.<br \/>\nAuch wenn wir bem\u00fcht sind, ausschliesslich Dritt-Anbieter zu nutzen, welche die IP-Adresse nur ben\u00f6tigen, um Inhalte ausliefern zu k\u00f6nnen, haben wir keinen Einfluss darauf, ob die IP-Adresse m\u00f6glicherweise gespeichert wird. Dieser Vorgang dient in dem Fall unter anderem statistischen Zwecken. Sofern wir Kenntnis davon haben, dass die IP-Adresse gespeichert wird, weisen wir unsere Nutzer darauf hin.<\/p>\n<p><strong>Cookies<\/strong><br \/>\nDiese Webseite verwendet ggf. sogenannte Cookies. Das sind Textdateien, die vom Server aus auf Ihrem Rechner gespeichert werden. Sie enthalten Informationen zum Browser, zur IP-Adresse, dem Betriebssystem und zur Internetverbindung. Diese Daten werden von uns nicht an Dritte weitergegeben oder ohne ihre Zustimmung mit personenbezogenen Daten verkn\u00fcpft.<br \/>\nCookies erf\u00fcllen vor allem zwei Aufgaben. Sie helfen uns, Ihnen die Navigation durch unser Angebot zu erleichtern, und erm\u00f6glichen die korrekte Darstellung der Webseite. Sie werden nicht dazu genutzt, Viren einzuschleusen oder Programme zu starten.<br \/>\nNutzer haben die M\u00f6glichkeit, unser Angebot auch ohne Cookies aufzurufen. Dazu m\u00fcssen im Browser die entsprechenden Einstellungen ge\u00e4ndert werden. Informieren Sie sich bitte \u00fcber die Hilfsfunktion Ihres Browsers, wie Cookies deaktiviert werden. Wir weisen allerdings darauf hin, dass dadurch einige Funktionen dieser Webseite m\u00f6glicherweise beeintr\u00e4chtigt werden und der Nutzungskomfort eingeschr\u00e4nkt wird.<\/p>\n<p><strong>Datensparsamkeit<\/strong><br \/>\nPersonenbezogene Daten speichern wir gem\u00e4ss den Grunds\u00e4tzen der Datenvermeidung und Datensparsamkeit nur so lange, wie es erforderlich ist oder vom Gesetzgeber her vorgeschrieben wird (gesetzliche Speicherfrist). Entf\u00e4llt der Zweck der erhobenen Informationen oder endet die Speicherfrist, sperren oder l\u00f6schen wir die Daten.<\/p>\n<p><strong>Ihre Rechte auf Auskunft, Berichtigung, Sperre, L\u00f6schung und Widerspruch<\/strong><br \/>\nSie haben das Recht, auf Antrag unentgeltlich eine Auskunft, \u00fcber die bei uns gespeicherten personenbezogenen Daten, anzufordern und\/oder eine Berichtigung, Sperrung oder L\u00f6schung zu verlangen. Ausnahmen: Es handelt sich um die vorgeschriebene Datenspeicherung zur Gesch\u00e4ftsabwicklung oder die Daten unterliegen der gesetzlichen Aufbewahrungspflicht.<br \/>\nUm eine Datensperre jederzeit ber\u00fccksichtigen zu k\u00f6nnen, ist es erforderlich, die Daten f\u00fcr Kontrollzwecke in einer Sperrdatei vorzuhalten. Besteht keine gesetzliche Archivierungspflicht, k\u00f6nnen Sie auch die L\u00f6schung der Daten verlangen. Anderenfalls sperren wir die Daten, sofern Sie dies w\u00fcnschen.<\/p>\n<p><strong>\u00c4nderung unserer Datenschutzerkl\u00e4rung<\/strong><br \/>\nUm zu gew\u00e4hrleisten, dass unsere Datenschutzerkl\u00e4rung stets den aktuellen gesetzlichen Vorgaben entspricht, behalten wir uns jederzeit \u00c4nderungen vor. Das gilt auch f\u00fcr den Fall, dass die Datenschutzerkl\u00e4rung aufgrund neuer oder \u00fcberarbeiteter Leistungen, zum Beispiel neuer Serviceleistungen, angepasst werden muss. Die neue Datenschutzerkl\u00e4rung greift dann bei Ihrem n\u00e4chsten Besuch auf unserem Angebot.<\/p>\n<p><strong>Kontakt:<\/strong><br \/>\nE-Mail:\u00a0\u00a0\u00a0\u00a0\u00a0<a href=\"mailto:datenschutz@lipoid-kosmetik.com\">datenschutz@lipoid-kosmetik.com<\/a><br \/>\nTelefon:\u00a0\u00a0 +41 41 748 33 33<\/p>\n<\/div><div class=\"fusion-clearfix\"><\/div><\/div><\/div><\/div><\/div>\n","protected":false},"excerpt":{"rendered":"","protected":false},"author":1,"featured_media":0,"parent":0,"menu_order":0,"comment_status":"closed","ping_status":"closed","template":"","meta":{"_acf_changed":false,"footnotes":""},"class_list":["post-5570","page","type-page","status-publish","hentry"],"acf":[],"_links":{"self":[{"href":"https:\/\/www.lipoid-kosmetik.com\/de\/wp-json\/wp\/v2\/pages\/5570","targetHints":{"allow":["GET"]}}],"collection":[{"href":"https:\/\/www.lipoid-kosmetik.com\/de\/wp-json\/wp\/v2\/pages"}],"about":[{"href":"https:\/\/www.lipoid-kosmetik.com\/de\/wp-json\/wp\/v2\/types\/page"}],"author":[{"embeddable":true,"href":"https:\/\/www.lipoid-kosmetik.com\/de\/wp-json\/wp\/v2\/users\/1"}],"replies":[{"embeddable":true,"href":"https:\/\/www.lipoid-kosmetik.com\/de\/wp-json\/wp\/v2\/comments?post=5570"}],"version-history":[{"count":4,"href":"https:\/\/www.lipoid-kosmetik.com\/de\/wp-json\/wp\/v2\/pages\/5570\/revisions"}],"predecessor-version":[{"id":6958,"href":"https:\/\/www.lipoid-kosmetik.com\/de\/wp-json\/wp\/v2\/pages\/5570\/revisions\/6958"}],"wp:attachment":[{"href":"https:\/\/www.lipoid-kosmetik.com\/de\/wp-json\/wp\/v2\/media?parent=5570"}],"curies":[{"name":"wp","href":"https:\/\/api.w.org\/{rel}","templated":true}]}}