{"id":5590,"date":"2021-02-10T17:26:05","date_gmt":"2021-02-10T16:26:05","guid":{"rendered":"https:\/\/lipoid-kosmetik.com\/sustainability\/our-csr-achievements\/co2-footprint\/"},"modified":"2026-04-20T13:02:09","modified_gmt":"2026-04-20T11:02:09","slug":"co2-fussabdruck","status":"publish","type":"page","link":"https:\/\/www.lipoid-kosmetik.com\/de\/sustainability\/csr-erfolge\/co2-fussabdruck\/","title":{"rendered":"CO<sub>2<\/sub> Fussabdruck"},"content":{"rendered":"<p><div class=\"fusion-fullwidth fullwidth-box fusion-builder-row-1 nonhundred-percent-fullwidth non-hundred-percent-height-scrolling fusion-equal-height-columns head-banner\" style=\"--awb-border-radius-top-left:0px;--awb-border-radius-top-right:0px;--awb-border-radius-bottom-right:0px;--awb-border-radius-bottom-left:0px;--awb-margin-bottom:60px;--awb-flex-wrap:wrap;\" ><div class=\"fusion-builder-row fusion-row\"><div class=\"fusion-layout-column fusion_builder_column fusion-builder-column-0 fusion_builder_column_2_3 2_3 fusion-two-third fusion-column-first fusion-column-inner-bg-wrapper\" style=\"--awb-padding-top:250px;--awb-inner-bg-image:url(&#039;https:\/\/lipoid-kosmetik.com\/wp-content\/uploads\/2021\/03\/Lipoid-Kosmetik_Sustainability_Our-CSR-Achievments_CO2-Footprint_1-1.jpg&#039;);--awb-inner-bg-position:center center;--awb-inner-bg-size:cover;width:66.666666666667%;width:calc(66.666666666667% - ( ( 0px ) * 0.66666666666667 ) );margin-right: 0px;\"><span class=\"fusion-column-inner-bg hover-type-zoomin\"><span class=\"fusion-column-anchor\"><span class=\"fusion-column-inner-bg-image\"><\/span><\/span><\/span><div class=\"fusion-column-wrapper fusion-column-has-shadow fusion-flex-column-wrapper-legacy fusion-empty-column-bg-image fusion-column-has-bg-image\" data-bg-url=\"https:\/\/lipoid-kosmetik.com\/wp-content\/uploads\/2021\/03\/Lipoid-Kosmetik_Sustainability_Our-CSR-Achievments_CO2-Footprint_1-1.jpg\"><img decoding=\"async\" class=\"fusion-empty-dims-img-placeholder fusion-no-large-visibility\" src=\"data:image\/gif;base64,R0lGODlhAQABAAAAACH5BAEKAAEALAAAAAABAAEAAAICTAEAOw==\"><div class=\"fusion-clearfix\"><\/div><\/div><\/div><div class=\"fusion-layout-column fusion_builder_column fusion-builder-column-1 fusion_builder_column_1_3 1_3 fusion-one-third fusion-column-last banner-row\" style=\"--awb-bg-color:#718849;--awb-bg-color-hover:#718849;--awb-bg-size:cover;width:33.333333333333%;width:calc(33.333333333333% - ( ( 0px ) * 0.33333333333333 ) );\"><div class=\"fusion-column-wrapper fusion-column-has-shadow fusion-flex-column-wrapper-legacy\"><div class=\"fusion-text fusion-text-1 banner-text\"><p><span class=\"banner-slogan\">Unser Beitrag zum Klimaschutz.<\/span><\/p>\n<\/div><div class=\"fusion-clearfix\"><\/div><\/div><\/div><\/div><\/div><div class=\"fusion-fullwidth fullwidth-box fusion-builder-row-2 nonhundred-percent-fullwidth non-hundred-percent-height-scrolling\" style=\"--awb-border-radius-top-left:0px;--awb-border-radius-top-right:0px;--awb-border-radius-bottom-right:0px;--awb-border-radius-bottom-left:0px;--awb-margin-top:0px;--awb-flex-wrap:wrap;\" ><div class=\"fusion-builder-row fusion-row\"><div class=\"fusion-layout-column fusion_builder_column fusion-builder-column-2 fusion_builder_column_1_1 1_1 fusion-one-full fusion-column-first fusion-column-last\" style=\"--awb-padding-right:150px;--awb-padding-left:150px;--awb-bg-size:cover;\"><div class=\"fusion-column-wrapper fusion-column-has-shadow fusion-flex-column-wrapper-legacy\"><div class=\"fusion-text fusion-text-2\">\n    <div class=\"lip-breadcrumbs\" style=\"padding: 0;\">\n        <ul>\n            <li>\n                <a href=\"\/\">Lipoid Kosmetik<\/a>\n            <\/li><li>\n                Nachhaltigkeit\n            <\/li>\n            <li>\n                <a href=\"https:\/\/www.lipoid-kosmetik.com\/de\/sustainability\/csr-erfolge\/\">CSR Erfolge<\/a>\n            <\/li>\n            <li>\n                CO<sub>2<\/sub> Fussabdruck\n            <\/li>\n        <\/ul>\n        <\/div>\n<\/div><div class=\"fusion-clearfix\"><\/div><\/div><\/div><div class=\"fusion-layout-column fusion_builder_column fusion-builder-column-3 fusion_builder_column_1_1 1_1 fusion-one-full fusion-column-first fusion-column-last\" style=\"--awb-padding-right:150px;--awb-padding-left:150px;--awb-bg-size:cover;\"><div class=\"fusion-column-wrapper fusion-column-has-shadow fusion-flex-column-wrapper-legacy\"><div class=\"fusion-title title fusion-title-1 fusion-sep-none fusion-title-text fusion-title-size-one\" style=\"--awb-text-color:#718849;--awb-margin-bottom:35px;--awb-margin-top-small:10px;--awb-margin-right-small:0px;--awb-margin-bottom-small:10px;--awb-margin-left-small:0px;\"><h1 class=\"fusion-title-heading title-heading-left\" style=\"margin:0;\">Verbesserung unseres CO<sub>2<\/sub> Fussabdrucks<\/h1><\/div><div class=\"fusion-text fusion-text-3\"><p>Ein wichtiges Ziel ist die Verbesserung unseres Klima Fussabdrucks. Indem wir unsere Prozesse optimieren und in effiziente Technologien investieren, maximieren wir unsere Energieeffizienz und sorgen gleichzeitig f\u00fcr eine Minimierung unseres Klima Fussabdrucks.<\/p>\n<\/div><div class=\"fusion-sep-clear\"><\/div><div class=\"fusion-separator fusion-full-width-sep\" style=\"margin-left: auto;margin-right: auto;margin-top:50px;width:100%;\"><\/div><div class=\"fusion-sep-clear\"><\/div><div class=\"fusion-clearfix\"><\/div><\/div><\/div><div class=\"fusion-layout-column fusion_builder_column fusion-builder-column-4 fusion_builder_column_1_1 1_1 fusion-one-full fusion-column-first fusion-column-last\" style=\"--awb-padding-right:150px;--awb-padding-left:150px;--awb-bg-size:cover;\"><div class=\"fusion-column-wrapper fusion-column-has-shadow fusion-flex-column-wrapper-legacy\"><div class=\"fusion-title title fusion-title-2 fusion-sep-none fusion-title-text fusion-title-size-two\" style=\"--awb-text-color:#718849;--awb-margin-bottom:35px;--awb-margin-top-small:10px;--awb-margin-right-small:0px;--awb-margin-bottom-small:10px;--awb-margin-left-small:0px;\"><h2 class=\"fusion-title-heading title-heading-left\" style=\"margin:0;\">Energieeffizienz<\/h2><\/div><div class=\"fusion-text fusion-text-4\" style=\"--awb-text-transform:none;\"><p>Die Optimierung unserer Energieeffizienz ist unsere oberste Priorit\u00e4t. Wir nutzen zu 100\u00a0% \u00d6kostrom (haupts\u00e4chlich Wasserkraft) und energiesparende Technologien.<\/p>\n<p>Gemeinsam mit der Energie-Agentur der Wirtschaft (EnAW) haben wir im Jahr 2010 einen Energieeffizienzplan erstellt. Durch die Umsetzung dieses Plans konnten wir unseren CO<sub>2<\/sub>-Fussabdruck direkt verringern. Im Rahmen des 10-j\u00e4hrigen Aktionsplans, haben wir jedes Jahr definierte Energieeffizienzmassnahmen umgesetzt und diese an die EnAW gemeldet. 2021 haben wir die Ma\u00dfnahmen um weitere 10 Jahre verl\u00e4ngert und neue Ziele f\u00fcr Energieeffizienz und CO<sub>2<\/sub>-Reduktion festgelegt, die j\u00e4hrlich \u00fcberpr\u00fcft werden.<\/p>\n<p><a href=\"https:\/\/www.lipoid-kosmetik.com\/wp-content\/uploads\/2025\/02\/EnAW_Zertifikat_2025_Lipoid-Kosmetik-AG_DE.pdf\" target=\"_blank\" rel=\"noopener\">EnAW Zertifikat<\/a><\/p>\n<\/div><div class=\"fusion-sep-clear\"><\/div><div class=\"fusion-separator fusion-full-width-sep\" style=\"margin-left: auto;margin-right: auto;margin-top:63px;width:100%;\"><\/div><div class=\"fusion-sep-clear\"><\/div><div class=\"fusion-image-element fusion-image-align-center in-legacy-container\" style=\"text-align:center;--awb-caption-title-font-family:var(--h2_typography-font-family);--awb-caption-title-font-weight:var(--h2_typography-font-weight);--awb-caption-title-font-style:var(--h2_typography-font-style);--awb-caption-title-size:var(--h2_typography-font-size);--awb-caption-title-transform:var(--h2_typography-text-transform);--awb-caption-title-line-height:var(--h2_typography-line-height);--awb-caption-title-letter-spacing:var(--h2_typography-letter-spacing);\"><div class=\"imageframe-align-center\"><span class=\" fusion-imageframe imageframe-none imageframe-1 hover-type-none\"><img decoding=\"async\" width=\"600\" height=\"179\" title=\"EnAW_Label_2025\" src=\"https:\/\/www.lipoid-kosmetik.com\/wp-content\/uploads\/2025\/02\/EnAW_Label_2025-600x179.jpg\" alt class=\"img-responsive wp-image-16349\" srcset=\"https:\/\/www.lipoid-kosmetik.com\/wp-content\/uploads\/2025\/02\/EnAW_Label_2025-200x60.jpg 200w, https:\/\/www.lipoid-kosmetik.com\/wp-content\/uploads\/2025\/02\/EnAW_Label_2025-400x119.jpg 400w, https:\/\/www.lipoid-kosmetik.com\/wp-content\/uploads\/2025\/02\/EnAW_Label_2025-600x179.jpg 600w, https:\/\/www.lipoid-kosmetik.com\/wp-content\/uploads\/2025\/02\/EnAW_Label_2025-800x238.jpg 800w, https:\/\/www.lipoid-kosmetik.com\/wp-content\/uploads\/2025\/02\/EnAW_Label_2025-1200x357.jpg 1200w, https:\/\/www.lipoid-kosmetik.com\/wp-content\/uploads\/2025\/02\/EnAW_Label_2025.jpg 1545w\" sizes=\"(max-width: 800px) 100vw, 1200px\" \/><\/span><\/div><\/div><div class=\"fusion-sep-clear\"><\/div><div class=\"fusion-separator fusion-full-width-sep\" style=\"margin-left: auto;margin-right: auto;margin-top:63px;width:100%;\"><\/div><div class=\"fusion-sep-clear\"><\/div><div class=\"fusion-clearfix\"><\/div><\/div><\/div><div class=\"fusion-layout-column fusion_builder_column fusion-builder-column-5 fusion_builder_column_1_1 1_1 fusion-one-full fusion-column-first fusion-column-last\" style=\"--awb-padding-right:150px;--awb-padding-left:150px;--awb-bg-size:cover;\"><div class=\"fusion-column-wrapper fusion-column-has-shadow fusion-flex-column-wrapper-legacy\"><div class=\"fusion-title title fusion-title-3 fusion-sep-none fusion-title-text fusion-title-size-three\" style=\"--awb-text-color:#718849;--awb-margin-bottom:35px;--awb-margin-top-small:10px;--awb-margin-right-small:0px;--awb-margin-bottom-small:10px;--awb-margin-left-small:0px;\"><h3 class=\"fusion-title-heading title-heading-left\" style=\"margin:0;\">Unser Engagement f\u00fcr den Klimaschutz<\/h3><\/div><div class=\"fusion-text fusion-text-5\"><p>Eines unserer zentralen Ziele ist es, unseren CO<sub>2<\/sub>-Fussabdruck kontinuierlich zu verbessern. Durch die Optimierung von Prozessen und Investitionen in energieeffiziente Technologien arbeiten wir daran, unsere Energieeffizienz zu steigern und unsere CO<sub>2<\/sub>-Emissionen aktiv zu reduzieren. Seit vielen Jahren erfassen und berichten wir unseren CO<sub>2<\/sub>-Fussabdruck gem\u00e4\u00df dem Greenhouse Gas Protocol. Im Jahr 2024 haben wir unsere Berichterstattung um Emissionen aus Scope 3 erg\u00e4nzt, zus\u00e4tzlich zu den bereits erfassten Scope 1und Scope 2 Emissionen.<\/p>\n<\/div><div class=\"fusion-sep-clear\"><\/div><div class=\"fusion-separator fusion-full-width-sep\" style=\"margin-left: auto;margin-right: auto;margin-top:100px;width:100%;\"><\/div><div class=\"fusion-sep-clear\"><\/div><div class=\"fusion-image-element fusion-image-align-center in-legacy-container\" style=\"text-align:center;--awb-max-width:800px;--awb-caption-title-font-family:var(--h2_typography-font-family);--awb-caption-title-font-weight:var(--h2_typography-font-weight);--awb-caption-title-font-style:var(--h2_typography-font-style);--awb-caption-title-size:var(--h2_typography-font-size);--awb-caption-title-transform:var(--h2_typography-text-transform);--awb-caption-title-line-height:var(--h2_typography-line-height);--awb-caption-title-letter-spacing:var(--h2_typography-letter-spacing);\"><div class=\"imageframe-align-center\"><span class=\" fusion-imageframe imageframe-none imageframe-2 hover-type-none svg\"><img decoding=\"async\" width=\"2560\" height=\"1312\" alt=\"Eine Partnerschaft mit myclimate um den Cos Fussabdruck zu kompensieren\" title=\"Lipoid-Kosmetik_Sustainability_Our CSR Achievements_CO2 Footprint_1_DE\" src=\"https:\/\/www.lipoid-kosmetik.com\/wp-content\/uploads\/2024\/05\/Lipoid-Kosmetik_Sustainability_Our-CSR-Achievements_CO2-Footprint_1_DE.jpg\" class=\"img-responsive wp-image-14929\"\/><\/span><\/div><\/div><div class=\"fusion-sep-clear\"><\/div><div class=\"fusion-separator fusion-full-width-sep\" style=\"margin-left: auto;margin-right: auto;margin-top:100px;width:100%;\"><\/div><div class=\"fusion-sep-clear\"><\/div><div class=\"fusion-text fusion-text-6\" style=\"--awb-text-transform:none;\"><p>Im Rahmen unseres Engagements f\u00fcr den Klimaschutz arbeiten wir mit myclimate zusammen und leisten auf Basis unserer berechneten Emissionen in Scope 1, 2 und 3.3 einen finanziellen Beitrag zu einem Klimaschutzprojekt. Seit \u00fcber zehn Jahren unterst\u00fctzen wir das Gold-Standard-Projekt <em>\u201eSubstitution of open fireplaces with energy-efficient cooking stoves\u201c<\/em>. Dieses Projekt erm\u00f6glicht es Haushalten in Kenia, traditionelle offene Feuerstellen durch energieeffiziente Kochherde zu ersetzen. Dies wirkt sich positiv auf die Gesundheit und Haushaltskasse aus und leistet einen bedeutenden Beitrag zur Eind\u00e4mmung der Abholzung in der Region.<\/p>\n<p><a href=\"https:\/\/www.lipoid-kosmetik.com\/wp-content\/uploads\/2026\/04\/Myclimate-Confirmation_Lipoid-Kosmetikg-AG_de_2026.pdf\" target=\"_blank\" rel=\"noopener\">myclimate Urkunde<\/a><\/p>\n<p>Weitere Informationen zu unserem myclimate-Projekt finden Sie <a href=\"https:\/\/www.myclimate.org\/de\/informieren\/klimaschutzprojekte\/detail-klimaschutzprojekte\/kenya-effiziente-kocher-7137\/\" target=\"_blank\" rel=\"noopener\"><u>hier<\/u><\/a>.<\/p>\n<\/div><div class=\"fusion-clearfix\"><\/div><\/div><\/div><\/div><\/div><div class=\"fusion-fullwidth fullwidth-box fusion-builder-row-3 nonhundred-percent-fullwidth non-hundred-percent-height-scrolling\" style=\"--awb-border-radius-top-left:0px;--awb-border-radius-top-right:0px;--awb-border-radius-bottom-right:0px;--awb-border-radius-bottom-left:0px;--awb-flex-wrap:wrap;\" ><div class=\"fusion-builder-row fusion-row\"><div class=\"fusion-layout-column fusion_builder_column fusion-builder-column-6 fusion_builder_column_1_1 1_1 fusion-one-full fusion-column-first fusion-column-last\" style=\"--awb-padding-right:150px;--awb-padding-left:150px;--awb-bg-size:cover;\"><div class=\"fusion-column-wrapper fusion-column-has-shadow fusion-flex-column-wrapper-legacy\"><div class=\"fusion-text fusion-text-7\"><div class=\"fusion-text\" style=\"margin-bottom: 130px; margin-top: 85px;\"><p><ul class=\"grouplist\"><li><strong style='font-weight: 200;'>CSR Erfolge<\/strong><\/li><li style=''><a href='https:\/\/www.lipoid-kosmetik.com\/de\/sustainability\/csr-erfolge\/ecovadis\/'>EcoVadis<\/a><\/li><li style=''><a href='https:\/\/www.lipoid-kosmetik.com\/de\/sustainability\/csr-erfolge\/produktzertifizierungen\/'>Produktzertifizierungen<\/a><\/li><li style=''><a href='https:\/\/www.lipoid-kosmetik.com\/de\/sustainability\/csr-erfolge\/csr-dokumente\/'>CSR Dokumente<\/a><\/li><li style=' color: rgb(153, 153, 153);'>CO<sub>2<\/sub> Fussabdruck<\/li><\/ul><\/p><\/div>\n<\/div><div class=\"fusion-clearfix\"><\/div><\/div><\/div><\/div><\/div><\/p>\n","protected":false},"excerpt":{"rendered":"","protected":false},"author":2,"featured_media":0,"parent":5588,"menu_order":4,"comment_status":"closed","ping_status":"closed","template":"","meta":{"_acf_changed":false,"footnotes":""},"class_list":["post-5590","page","type-page","status-publish","hentry"],"acf":[],"_links":{"self":[{"href":"https:\/\/www.lipoid-kosmetik.com\/de\/wp-json\/wp\/v2\/pages\/5590","targetHints":{"allow":["GET"]}}],"collection":[{"href":"https:\/\/www.lipoid-kosmetik.com\/de\/wp-json\/wp\/v2\/pages"}],"about":[{"href":"https:\/\/www.lipoid-kosmetik.com\/de\/wp-json\/wp\/v2\/types\/page"}],"author":[{"embeddable":true,"href":"https:\/\/www.lipoid-kosmetik.com\/de\/wp-json\/wp\/v2\/users\/2"}],"replies":[{"embeddable":true,"href":"https:\/\/www.lipoid-kosmetik.com\/de\/wp-json\/wp\/v2\/comments?post=5590"}],"version-history":[{"count":41,"href":"https:\/\/www.lipoid-kosmetik.com\/de\/wp-json\/wp\/v2\/pages\/5590\/revisions"}],"predecessor-version":[{"id":17252,"href":"https:\/\/www.lipoid-kosmetik.com\/de\/wp-json\/wp\/v2\/pages\/5590\/revisions\/17252"}],"up":[{"embeddable":true,"href":"https:\/\/www.lipoid-kosmetik.com\/de\/wp-json\/wp\/v2\/pages\/5588"}],"wp:attachment":[{"href":"https:\/\/www.lipoid-kosmetik.com\/de\/wp-json\/wp\/v2\/media?parent=5590"}],"curies":[{"name":"wp","href":"https:\/\/api.w.org\/{rel}","templated":true}]}}