{"id":5594,"date":"2021-02-10T17:23:02","date_gmt":"2021-02-10T16:23:02","guid":{"rendered":"https:\/\/lipoid-kosmetik.com\/sustainability\/our-csr-achievements\/ecovadis\/"},"modified":"2025-08-21T15:47:43","modified_gmt":"2025-08-21T13:47:43","slug":"ecovadis","status":"publish","type":"page","link":"https:\/\/www.lipoid-kosmetik.com\/de\/sustainability\/csr-erfolge\/ecovadis\/","title":{"rendered":"EcoVadis"},"content":{"rendered":"<p><div class=\"fusion-fullwidth fullwidth-box fusion-builder-row-1 nonhundred-percent-fullwidth non-hundred-percent-height-scrolling fusion-equal-height-columns head-banner\" style=\"--awb-border-radius-top-left:0px;--awb-border-radius-top-right:0px;--awb-border-radius-bottom-right:0px;--awb-border-radius-bottom-left:0px;--awb-margin-bottom:60px;--awb-flex-wrap:wrap;\" ><div class=\"fusion-builder-row fusion-row\"><div class=\"fusion-layout-column fusion_builder_column fusion-builder-column-0 fusion_builder_column_2_3 2_3 fusion-two-third fusion-column-first fusion-column-inner-bg-wrapper\" style=\"--awb-padding-top:250px;--awb-inner-bg-image:url(&#039;https:\/\/lipoid-kosmetik.com\/wp-content\/uploads\/2021\/03\/Lipoid-Kosmetik_Sustainability_Our-CSR-Achievments_EcoVadis_1.jpg&#039;);--awb-inner-bg-position:center center;--awb-inner-bg-size:cover;width:66.666666666667%;width:calc(66.666666666667% - ( ( 0px ) * 0.66666666666667 ) );margin-right: 0px;\"><span class=\"fusion-column-inner-bg hover-type-zoomin\"><span class=\"fusion-column-anchor\"><span class=\"fusion-column-inner-bg-image\"><\/span><\/span><\/span><div class=\"fusion-column-wrapper fusion-column-has-shadow fusion-flex-column-wrapper-legacy fusion-empty-column-bg-image fusion-column-has-bg-image\" data-bg-url=\"https:\/\/lipoid-kosmetik.com\/wp-content\/uploads\/2021\/03\/Lipoid-Kosmetik_Sustainability_Our-CSR-Achievments_EcoVadis_1.jpg\"><img decoding=\"async\" class=\"fusion-empty-dims-img-placeholder fusion-no-large-visibility\" src=\"data:image\/gif;base64,R0lGODlhAQABAAAAACH5BAEKAAEALAAAAAABAAEAAAICTAEAOw==\"><div class=\"fusion-clearfix\"><\/div><\/div><\/div><div class=\"fusion-layout-column fusion_builder_column fusion-builder-column-1 fusion_builder_column_1_3 1_3 fusion-one-third fusion-column-last banner-row\" style=\"--awb-bg-color:#718849;--awb-bg-color-hover:#718849;--awb-bg-size:cover;width:33.333333333333%;width:calc(33.333333333333% - ( ( 0px ) * 0.33333333333333 ) );\"><div class=\"fusion-column-wrapper fusion-column-has-shadow fusion-flex-column-wrapper-legacy\"><div class=\"fusion-text fusion-text-1 banner-text\"><p><span class=\"banner-slogan\">In puncto Nachhaltigkeit geh\u00f6ren wir weltweit zu den Top 1 % der von EcoVadis bewerteten Unternehmen.<\/span><\/p>\n<\/div><div class=\"fusion-clearfix\"><\/div><\/div><\/div><\/div><\/div><div class=\"fusion-fullwidth fullwidth-box fusion-builder-row-2 nonhundred-percent-fullwidth non-hundred-percent-height-scrolling\" style=\"--awb-border-radius-top-left:0px;--awb-border-radius-top-right:0px;--awb-border-radius-bottom-right:0px;--awb-border-radius-bottom-left:0px;--awb-margin-top:0px;--awb-flex-wrap:wrap;\" ><div class=\"fusion-builder-row fusion-row\"><div class=\"fusion-layout-column fusion_builder_column fusion-builder-column-2 fusion_builder_column_1_1 1_1 fusion-one-full fusion-column-first fusion-column-last\" style=\"--awb-padding-right:150px;--awb-padding-left:150px;--awb-bg-size:cover;\"><div class=\"fusion-column-wrapper fusion-column-has-shadow fusion-flex-column-wrapper-legacy\"><div class=\"fusion-text fusion-text-2\">\n    <div class=\"lip-breadcrumbs\" style=\"padding: 0;\">\n        <ul>\n            <li>\n                <a href=\"\/\">Lipoid Kosmetik<\/a>\n            <\/li><li>\n                Nachhaltigkeit\n            <\/li>\n            <li>\n                <a href=\"https:\/\/www.lipoid-kosmetik.com\/de\/sustainability\/csr-erfolge\/\">CSR Erfolge<\/a>\n            <\/li>\n            <li>\n                EcoVadis\n            <\/li>\n        <\/ul>\n        <\/div>\n<\/div><div class=\"fusion-clearfix\"><\/div><\/div><\/div><div class=\"fusion-layout-column fusion_builder_column fusion-builder-column-3 fusion_builder_column_1_1 1_1 fusion-one-full fusion-column-first fusion-column-last\" style=\"--awb-padding-right:150px;--awb-padding-left:150px;--awb-bg-size:cover;\"><div class=\"fusion-column-wrapper fusion-column-has-shadow fusion-flex-column-wrapper-legacy\"><div class=\"fusion-title title fusion-title-1 fusion-sep-none fusion-title-text fusion-title-size-one\" style=\"--awb-text-color:#718849;--awb-margin-bottom:35px;--awb-margin-top-small:10px;--awb-margin-right-small:0px;--awb-margin-bottom-small:10px;--awb-margin-left-small:0px;\"><h1 class=\"fusion-title-heading title-heading-left\" style=\"margin:0;\">Lipoid Kosmetik und EcoVadis \u2013 Eine wichtige und dauerhafte Partnerschaft<\/h1><\/div><div class=\"fusion-text fusion-text-3\"><p class=\"p1\">Lipoid Kosmetik and EcoVadis pflegen seit Jahren eine enge Partnerschaft, in der wir f\u00fcr unsere aussergew\u00f6hnlichen Leistungen in allen Aspekten der Corporate Social Responsibility ausgezeichnet werden. Trotz der stets wachsenden Anzahl der von EcoVadis bewerteten Unternehmen, geh\u00f6ren wir seit 2016 kontinuierlich zu den Top 1 %. Dies unterstreicht das konstante Streben unsere Gesch\u00e4ftspraxis im Sinne der Nachhaltigkeit zu verbessern.<\/p>\n<\/div><div class=\"fusion-sep-clear\"><\/div><div class=\"fusion-separator fusion-full-width-sep\" style=\"margin-left: auto;margin-right: auto;margin-top:50px;width:100%;\"><\/div><div class=\"fusion-sep-clear\"><\/div><div class=\"fusion-clearfix\"><\/div><\/div><\/div><\/div><\/div><div class=\"fusion-fullwidth fullwidth-box fusion-builder-row-3 nonhundred-percent-fullwidth non-hundred-percent-height-scrolling\" style=\"--awb-border-radius-top-left:0px;--awb-border-radius-top-right:0px;--awb-border-radius-bottom-right:0px;--awb-border-radius-bottom-left:0px;--awb-padding-top:30px;--awb-padding-bottom:30px;--awb-background-color:rgba(113,136,73,0.1);--awb-flex-wrap:wrap;\" ><div class=\"fusion-builder-row fusion-row\"><div class=\"fusion-layout-column fusion_builder_column fusion-builder-column-4 fusion_builder_column_1_3 1_3 fusion-one-third fusion-column-first fusion-column-no-min-height\" style=\"--awb-padding-left:150px;--awb-bg-size:cover;width:33.333333333333%;width:calc(33.333333333333% - ( ( 4% ) * 0.33333333333333 ) );margin-right: 4%;\"><div class=\"fusion-column-wrapper fusion-column-has-shadow fusion-flex-column-wrapper-legacy\"><div class=\"fusion-image-element fusion-image-align-center in-legacy-container\" style=\"text-align:center;--awb-max-width:250px;--awb-caption-title-font-family:var(--h2_typography-font-family);--awb-caption-title-font-weight:var(--h2_typography-font-weight);--awb-caption-title-font-style:var(--h2_typography-font-style);--awb-caption-title-size:var(--h2_typography-font-size);--awb-caption-title-transform:var(--h2_typography-text-transform);--awb-caption-title-line-height:var(--h2_typography-line-height);--awb-caption-title-letter-spacing:var(--h2_typography-letter-spacing);\"><div class=\"imageframe-align-center\"><span class=\" fusion-imageframe imageframe-none imageframe-1 hover-type-none\"><img decoding=\"async\" width=\"1667\" height=\"1667\" alt=\"Logo EcoVadis Platinum Rating 2025\" title=\"EcoVadis medal_2025\" src=\"https:\/\/www.lipoid-kosmetik.com\/wp-content\/uploads\/2025\/08\/EcoVadis-medal_2025.png\" class=\"img-responsive wp-image-16758\" srcset=\"https:\/\/www.lipoid-kosmetik.com\/wp-content\/uploads\/2025\/08\/EcoVadis-medal_2025-200x200.png 200w, https:\/\/www.lipoid-kosmetik.com\/wp-content\/uploads\/2025\/08\/EcoVadis-medal_2025-400x400.png 400w, https:\/\/www.lipoid-kosmetik.com\/wp-content\/uploads\/2025\/08\/EcoVadis-medal_2025-600x600.png 600w, https:\/\/www.lipoid-kosmetik.com\/wp-content\/uploads\/2025\/08\/EcoVadis-medal_2025-800x800.png 800w, https:\/\/www.lipoid-kosmetik.com\/wp-content\/uploads\/2025\/08\/EcoVadis-medal_2025-1200x1200.png 1200w, https:\/\/www.lipoid-kosmetik.com\/wp-content\/uploads\/2025\/08\/EcoVadis-medal_2025.png 1667w\" sizes=\"(max-width: 800px) 100vw, 400px\" \/><\/span><\/div><\/div><div class=\"fusion-clearfix\"><\/div><\/div><\/div><div class=\"fusion-layout-column fusion_builder_column fusion-builder-column-5 fusion_builder_column_2_3 2_3 fusion-two-third fusion-column-last\" style=\"--awb-padding-right:150px;--awb-bg-size:cover;width:66.666666666667%;width:calc(66.666666666667% - ( ( 4% ) * 0.66666666666667 ) );\"><div class=\"fusion-column-wrapper fusion-column-has-shadow fusion-flex-column-wrapper-legacy\"><div class=\"fusion-sep-clear\"><\/div><div class=\"fusion-separator fusion-full-width-sep\" style=\"margin-left: auto;margin-right: auto;margin-top:30px;width:100%;\"><\/div><div class=\"fusion-sep-clear\"><\/div><div class=\"fusion-text fusion-text-4\"><p><strong>EcoVadis Platinstatus 2020-2025<\/strong><\/p>\n<p><span class=\"p1 custom-small\">Die sechste EcoVadis Platinmedaille in Folge unterstreicht unser Engagement f\u00fcr die st\u00e4ndige Verbesserung der CSR-Prozesse und -Dokumentation. Es zeigt, dass wir nicht nur \u00fcber Nachhaltigkeit reden, sondern sie auch tats\u00e4chlich leben.<\/span><\/p>\n<\/div><div class=\"fusion-clearfix\"><\/div><\/div><\/div><div class=\"fusion-layout-column fusion_builder_column fusion-builder-column-6 fusion_builder_column_1_1 1_1 fusion-one-full fusion-column-first fusion-column-last\" style=\"--awb-padding-right:150px;--awb-padding-left:150px;--awb-bg-size:cover;\"><div class=\"fusion-column-wrapper fusion-column-has-shadow fusion-flex-column-wrapper-legacy\"><div class=\"fusion-sep-clear\"><\/div><div class=\"fusion-separator fusion-full-width-sep\" style=\"margin-left: auto;margin-right: auto;margin-top:30px;width:100%;\"><\/div><div class=\"fusion-sep-clear\"><\/div><div class=\"fusion-clearfix\"><\/div><\/div><\/div><div class=\"fusion-layout-column fusion_builder_column fusion-builder-column-7 fusion_builder_column_3_4 3_4 fusion-three-fourth fusion-column-first\" style=\"--awb-padding-left:150px;--awb-bg-size:cover;width:75%;width:calc(75% - ( ( 4% ) * 0.75 ) );margin-right: 4%;\"><div class=\"fusion-column-wrapper fusion-column-has-shadow fusion-flex-column-wrapper-legacy\"><div class=\"fusion-sep-clear\"><\/div><div class=\"fusion-separator fusion-full-width-sep\" style=\"margin-left: auto;margin-right: auto;margin-top:30px;width:100%;\"><\/div><div class=\"fusion-sep-clear\"><\/div><div class=\"fusion-text fusion-text-5\"><p><strong>EcoVadis Sustainability Leadership Award 2020<\/strong><\/p>\n<p><span class=\"custom-small\">Wir sind stolz darauf, dass wir von EcoVadis mit dem &#8220;Sustainability Leadership Award Small to Medium Enterprise 2020&#8221; in der Kategorie &#8220;Best Performer Heavy Manufacturing&#8221; ausgezeichnet wurden.<\/span><\/p>\n<\/div><div class=\"fusion-clearfix\"><\/div><\/div><\/div><div class=\"fusion-layout-column fusion_builder_column fusion-builder-column-8 fusion_builder_column_1_4 1_4 fusion-one-fourth fusion-column-last\" style=\"--awb-padding-right:150px;--awb-bg-size:cover;width:25%;width:calc(25% - ( ( 4% ) * 0.25 ) );\"><div class=\"fusion-column-wrapper fusion-column-has-shadow fusion-flex-column-wrapper-legacy\"><div class=\"fusion-image-element in-legacy-container\" style=\"--awb-max-width:250px;--awb-caption-title-font-family:var(--h2_typography-font-family);--awb-caption-title-font-weight:var(--h2_typography-font-weight);--awb-caption-title-font-style:var(--h2_typography-font-style);--awb-caption-title-size:var(--h2_typography-font-size);--awb-caption-title-transform:var(--h2_typography-text-transform);--awb-caption-title-line-height:var(--h2_typography-line-height);--awb-caption-title-letter-spacing:var(--h2_typography-letter-spacing);\"><span class=\" fusion-imageframe imageframe-none imageframe-2 hover-type-none\"><img decoding=\"async\" width=\"350\" height=\"350\" alt=\"Logo CFI.co Award 2020 for Outstanding Contribution to Natural Cosmetics\" title=\"Lipoid-Kosmetik_EcoVadis_Award_Logo_Type-Quality-Policy\" src=\"https:\/\/www.lipoid-kosmetik.com\/wp-content\/uploads\/2021\/05\/Lipoid-Kosmetik_EcoVadis_Award_Logo_Type-Quality-Policy.png\" class=\"img-responsive wp-image-5043\" srcset=\"https:\/\/www.lipoid-kosmetik.com\/wp-content\/uploads\/2021\/05\/Lipoid-Kosmetik_EcoVadis_Award_Logo_Type-Quality-Policy-200x200.png 200w, https:\/\/www.lipoid-kosmetik.com\/wp-content\/uploads\/2021\/05\/Lipoid-Kosmetik_EcoVadis_Award_Logo_Type-Quality-Policy.png 350w\" sizes=\"(max-width: 800px) 100vw, 200px\" \/><\/span><\/div><div class=\"fusion-clearfix\"><\/div><\/div><\/div><div class=\"fusion-layout-column fusion_builder_column fusion-builder-column-9 fusion_builder_column_1_1 1_1 fusion-one-full fusion-column-first fusion-column-last\" style=\"--awb-padding-right:150px;--awb-padding-left:150px;--awb-bg-size:cover;\"><div class=\"fusion-column-wrapper fusion-column-has-shadow fusion-flex-column-wrapper-legacy\"><div class=\"fusion-sep-clear\"><\/div><div class=\"fusion-separator fusion-full-width-sep\" style=\"margin-left: auto;margin-right: auto;margin-top:30px;width:100%;\"><\/div><div class=\"fusion-sep-clear\"><\/div><div class=\"fusion-clearfix\"><\/div><\/div><\/div><div class=\"fusion-layout-column fusion_builder_column fusion-builder-column-10 fusion_builder_column_1_4 1_4 fusion-one-fourth fusion-column-first\" style=\"--awb-padding-left:150px;--awb-bg-size:cover;width:25%;width:calc(25% - ( ( 4% ) * 0.25 ) );margin-right: 4%;\"><div class=\"fusion-column-wrapper fusion-column-has-shadow fusion-flex-column-wrapper-legacy\"><div class=\"fusion-image-element in-legacy-container\" style=\"--awb-max-width:250px;--awb-caption-title-font-family:var(--h2_typography-font-family);--awb-caption-title-font-weight:var(--h2_typography-font-weight);--awb-caption-title-font-style:var(--h2_typography-font-style);--awb-caption-title-size:var(--h2_typography-font-size);--awb-caption-title-transform:var(--h2_typography-text-transform);--awb-caption-title-line-height:var(--h2_typography-line-height);--awb-caption-title-letter-spacing:var(--h2_typography-letter-spacing);\"><span class=\" fusion-imageframe imageframe-none imageframe-3 hover-type-none\"><img decoding=\"async\" width=\"1667\" height=\"1667\" alt=\"Logo EcoVadis Gold Rating 2019\n\" title=\"Ecovadis_2019\" src=\"https:\/\/www.lipoid-kosmetik.com\/wp-content\/uploads\/2021\/05\/Ecovadis_2019.png\" class=\"img-responsive wp-image-5073\" srcset=\"https:\/\/www.lipoid-kosmetik.com\/wp-content\/uploads\/2021\/05\/Ecovadis_2019-200x200.png 200w, https:\/\/www.lipoid-kosmetik.com\/wp-content\/uploads\/2021\/05\/Ecovadis_2019-400x400.png 400w, https:\/\/www.lipoid-kosmetik.com\/wp-content\/uploads\/2021\/05\/Ecovadis_2019-600x600.png 600w, https:\/\/www.lipoid-kosmetik.com\/wp-content\/uploads\/2021\/05\/Ecovadis_2019-800x800.png 800w, https:\/\/www.lipoid-kosmetik.com\/wp-content\/uploads\/2021\/05\/Ecovadis_2019-1200x1200.png 1200w, https:\/\/www.lipoid-kosmetik.com\/wp-content\/uploads\/2021\/05\/Ecovadis_2019.png 1667w\" sizes=\"(max-width: 800px) 100vw, 200px\" \/><\/span><\/div><div class=\"fusion-clearfix\"><\/div><\/div><\/div><div class=\"fusion-layout-column fusion_builder_column fusion-builder-column-11 fusion_builder_column_3_4 3_4 fusion-three-fourth fusion-column-last\" style=\"--awb-padding-right:150px;--awb-bg-size:cover;width:75%;width:calc(75% - ( ( 4% ) * 0.75 ) );\"><div class=\"fusion-column-wrapper fusion-column-has-shadow fusion-flex-column-wrapper-legacy\"><div class=\"fusion-sep-clear\"><\/div><div class=\"fusion-separator fusion-full-width-sep\" style=\"margin-left: auto;margin-right: auto;margin-top:30px;width:100%;\"><\/div><div class=\"fusion-sep-clear\"><\/div><div class=\"fusion-text fusion-text-6\"><p><strong>EcoVadis Goldmedaille 2015\u00a0&#8211;\u00a02019<\/strong><\/p>\n<p><span class=\"custom-small\">Bereits vier Mal in Folge haben wir die EcoVadis-Goldmedaille gewonnen. Seit dem Jahr 2016 geh\u00f6ren wir zu den Top 1% der von EcoVadis bewerteten Unternehmen.<\/span><\/p>\n<\/div><div class=\"fusion-image-element fusion-image-align-right in-legacy-container\" style=\"text-align:right;--awb-max-width:400px;--awb-caption-title-font-family:var(--h2_typography-font-family);--awb-caption-title-font-weight:var(--h2_typography-font-weight);--awb-caption-title-font-style:var(--h2_typography-font-style);--awb-caption-title-size:var(--h2_typography-font-size);--awb-caption-title-transform:var(--h2_typography-text-transform);--awb-caption-title-line-height:var(--h2_typography-line-height);--awb-caption-title-letter-spacing:var(--h2_typography-letter-spacing);\"><span class=\" fusion-imageframe imageframe-none imageframe-4 hover-type-none\" style=\"margin-left:25px;float:right;\"><img decoding=\"async\" width=\"800\" height=\"319\" alt=\"Logos EcoVadis Gold Rating 2015, 2016 and 2018\" title=\"lipoid-kosmetik-EcoVadis_Serie\" src=\"https:\/\/www.lipoid-kosmetik.com\/wp-content\/uploads\/2021\/05\/lipoid-kosmetik-EcoVadis_Serie.png\" class=\"img-responsive wp-image-5225\" srcset=\"https:\/\/www.lipoid-kosmetik.com\/wp-content\/uploads\/2021\/05\/lipoid-kosmetik-EcoVadis_Serie-200x80.png 200w, https:\/\/www.lipoid-kosmetik.com\/wp-content\/uploads\/2021\/05\/lipoid-kosmetik-EcoVadis_Serie-400x160.png 400w, https:\/\/www.lipoid-kosmetik.com\/wp-content\/uploads\/2021\/05\/lipoid-kosmetik-EcoVadis_Serie-600x239.png 600w, https:\/\/www.lipoid-kosmetik.com\/wp-content\/uploads\/2021\/05\/lipoid-kosmetik-EcoVadis_Serie.png 800w\" sizes=\"(max-width: 800px) 100vw, 800px\" \/><\/span><\/div><div class=\"fusion-clearfix\"><\/div><\/div><\/div><\/div><\/div><div class=\"fusion-fullwidth fullwidth-box fusion-builder-row-4 nonhundred-percent-fullwidth non-hundred-percent-height-scrolling\" style=\"--awb-border-radius-top-left:0px;--awb-border-radius-top-right:0px;--awb-border-radius-bottom-right:0px;--awb-border-radius-bottom-left:0px;--awb-flex-wrap:wrap;\" ><div class=\"fusion-builder-row fusion-row\"><div class=\"fusion-layout-column fusion_builder_column fusion-builder-column-12 fusion_builder_column_1_1 1_1 fusion-one-full fusion-column-first fusion-column-last\" style=\"--awb-padding-right:150px;--awb-padding-left:150px;--awb-bg-size:cover;\"><div class=\"fusion-column-wrapper fusion-column-has-shadow fusion-flex-column-wrapper-legacy\"><div class=\"fusion-sep-clear\"><\/div><div class=\"fusion-separator fusion-full-width-sep\" style=\"margin-left: auto;margin-right: auto;margin-top:50px;width:100%;\"><\/div><div class=\"fusion-sep-clear\"><\/div><div class=\"fusion-text fusion-text-7\"><p>EcoVadis ist eine unabh\u00e4ngige Rating-Agentur, die die f\u00fchrende L\u00f6sung f\u00fcr die Nachhaltigkeitsbewertung in globalen Lieferketten anbietet. Durch Beurteilung der CSR Bem\u00fchungen im Bezug auf Umwelt, Arbeits-und Menschenrechte, sowie Ethik und nachhaltiges Auftragswesen ordnet EcoVadis den getesteten Unternehmen eine Punktzahl von 0-100 zu. Auf diese Weise werden mehr als 150&#8217;000 Unternehmen aus unterschiedlichen Standorten und Industrien miteinander verglichen und es entsteht ein einheitliches und vertrauensw\u00fcrdiges Nachhaltigkeitslabel.<\/p>\n<p>Hier erfahren Sie mehr \u00fcber <a href=\"https:\/\/ecovadis.com\/de\/\" target=\"_blank\" rel=\"noopener noreferrer\">EcoVadis<\/a>.<\/p>\n<\/div><div class=\"fusion-sep-clear\"><\/div><div class=\"fusion-separator fusion-full-width-sep\" style=\"margin-left: auto;margin-right: auto;margin-top:20px;width:100%;\"><\/div><div class=\"fusion-sep-clear\"><\/div><div class=\"fusion-text fusion-text-8\"><p>EcoVadis \u2013 <a href=\"https:\/\/recognition.ecovadis.com\/PEYvnp0C80SVaoMc4MMAWw\" target=\"_blank\" rel=\"noopener\">CSR-Leistungs\u00fcberblick 2025<\/a><\/p>\n<p>EcoVadis \u2013 <a href=\"https:\/\/lipoid-kosmetik.com\/2020\/03\/09\/lipoid-kosmetik-honored-with-best-performer-award-for-sustainability-excellence-by-ecovadis\/\">Sustainability Leadership Award 2020<\/a><\/p>\n<\/div><div class=\"fusion-clearfix\"><\/div><\/div><\/div><\/div><\/div><div class=\"fusion-fullwidth fullwidth-box fusion-builder-row-5 nonhundred-percent-fullwidth non-hundred-percent-height-scrolling\" style=\"--awb-border-radius-top-left:0px;--awb-border-radius-top-right:0px;--awb-border-radius-bottom-right:0px;--awb-border-radius-bottom-left:0px;--awb-flex-wrap:wrap;\" ><div class=\"fusion-builder-row fusion-row\"><div class=\"fusion-layout-column fusion_builder_column fusion-builder-column-13 fusion_builder_column_1_1 1_1 fusion-one-full fusion-column-first fusion-column-last\" style=\"--awb-padding-right:150px;--awb-padding-left:150px;--awb-bg-size:cover;\"><div class=\"fusion-column-wrapper fusion-column-has-shadow fusion-flex-column-wrapper-legacy\"><div class=\"fusion-text fusion-text-9\"><div class=\"fusion-text\" style=\"margin-bottom: 130px; margin-top: 85px;\"><p><ul class=\"grouplist\"><li><strong style='font-weight: 200;'>CSR Erfolge<\/strong><\/li><li style=' color: rgb(153, 153, 153);'>EcoVadis<\/li><li style=''><a href='https:\/\/www.lipoid-kosmetik.com\/de\/sustainability\/csr-erfolge\/produktzertifizierungen\/'>Produktzertifizierungen<\/a><\/li><li style=''><a href='https:\/\/www.lipoid-kosmetik.com\/de\/sustainability\/csr-erfolge\/csr-dokumente\/'>CSR Dokumente<\/a><\/li><li style=''><a href='https:\/\/www.lipoid-kosmetik.com\/de\/sustainability\/csr-erfolge\/co2-fussabdruck\/'>CO<sub>2<\/sub> Fussabdruck<\/a><\/li><\/ul><\/p><\/div>\n<\/div><div class=\"fusion-clearfix\"><\/div><\/div><\/div><\/div><\/div><\/p>\n","protected":false},"excerpt":{"rendered":"","protected":false},"author":2,"featured_media":0,"parent":5588,"menu_order":1,"comment_status":"closed","ping_status":"closed","template":"","meta":{"_acf_changed":false,"footnotes":""},"class_list":["post-5594","page","type-page","status-publish","hentry"],"acf":[],"_links":{"self":[{"href":"https:\/\/www.lipoid-kosmetik.com\/de\/wp-json\/wp\/v2\/pages\/5594","targetHints":{"allow":["GET"]}}],"collection":[{"href":"https:\/\/www.lipoid-kosmetik.com\/de\/wp-json\/wp\/v2\/pages"}],"about":[{"href":"https:\/\/www.lipoid-kosmetik.com\/de\/wp-json\/wp\/v2\/types\/page"}],"author":[{"embeddable":true,"href":"https:\/\/www.lipoid-kosmetik.com\/de\/wp-json\/wp\/v2\/users\/2"}],"replies":[{"embeddable":true,"href":"https:\/\/www.lipoid-kosmetik.com\/de\/wp-json\/wp\/v2\/comments?post=5594"}],"version-history":[{"count":38,"href":"https:\/\/www.lipoid-kosmetik.com\/de\/wp-json\/wp\/v2\/pages\/5594\/revisions"}],"predecessor-version":[{"id":16763,"href":"https:\/\/www.lipoid-kosmetik.com\/de\/wp-json\/wp\/v2\/pages\/5594\/revisions\/16763"}],"up":[{"embeddable":true,"href":"https:\/\/www.lipoid-kosmetik.com\/de\/wp-json\/wp\/v2\/pages\/5588"}],"wp:attachment":[{"href":"https:\/\/www.lipoid-kosmetik.com\/de\/wp-json\/wp\/v2\/media?parent=5594"}],"curies":[{"name":"wp","href":"https:\/\/api.w.org\/{rel}","templated":true}]}}