{"id":5600,"date":"2021-02-10T17:27:34","date_gmt":"2021-02-10T16:27:34","guid":{"rendered":"https:\/\/lipoid-kosmetik.com\/sustainability\/our-green-portfolio\/cosmos-natrue-standard\/"},"modified":"2025-06-17T10:10:06","modified_gmt":"2025-06-17T08:10:06","slug":"cosmos-natrue-standard","status":"publish","type":"page","link":"https:\/\/www.lipoid-kosmetik.com\/de\/sustainability\/oekologisches-produktportfolio\/cosmos-natrue-standard\/","title":{"rendered":"COSMOS-\/NATRUE-Standard"},"content":{"rendered":"<p><div class=\"fusion-fullwidth fullwidth-box fusion-builder-row-1 nonhundred-percent-fullwidth non-hundred-percent-height-scrolling fusion-equal-height-columns head-banner\" style=\"--awb-border-radius-top-left:0px;--awb-border-radius-top-right:0px;--awb-border-radius-bottom-right:0px;--awb-border-radius-bottom-left:0px;--awb-margin-bottom:60px;--awb-flex-wrap:wrap;\" ><div class=\"fusion-builder-row fusion-row\"><div class=\"fusion-layout-column fusion_builder_column fusion-builder-column-0 fusion_builder_column_2_3 2_3 fusion-two-third fusion-column-first fusion-column-inner-bg-wrapper\" style=\"--awb-padding-top:250px;--awb-inner-bg-image:url(&#039;https:\/\/lipoid-kosmetik.com\/wp-content\/uploads\/2021\/03\/Lipoid-Kosmetik_Sustainability_Our-Green-Product-Portfolio_COSMOS-NATRUE-Standard_1.jpg&#039;);--awb-inner-bg-position:center center;--awb-inner-bg-size:cover;width:66.666666666667%;width:calc(66.666666666667% - ( ( 0px ) * 0.66666666666667 ) );margin-right: 0px;\"><span class=\"fusion-column-inner-bg hover-type-zoomin\"><span class=\"fusion-column-anchor\"><span class=\"fusion-column-inner-bg-image\"><\/span><\/span><\/span><div class=\"fusion-column-wrapper fusion-column-has-shadow fusion-flex-column-wrapper-legacy fusion-empty-column-bg-image fusion-column-has-bg-image\" data-bg-url=\"https:\/\/lipoid-kosmetik.com\/wp-content\/uploads\/2021\/03\/Lipoid-Kosmetik_Sustainability_Our-Green-Product-Portfolio_COSMOS-NATRUE-Standard_1.jpg\"><img decoding=\"async\" class=\"fusion-empty-dims-img-placeholder fusion-no-large-visibility\" src=\"data:image\/gif;base64,R0lGODlhAQABAAAAACH5BAEKAAEALAAAAAABAAEAAAICTAEAOw==\"><div class=\"fusion-clearfix\"><\/div><\/div><\/div><div class=\"fusion-layout-column fusion_builder_column fusion-builder-column-1 fusion_builder_column_1_3 1_3 fusion-one-third fusion-column-last banner-row\" style=\"--awb-bg-color:#718849;--awb-bg-color-hover:#718849;--awb-bg-size:cover;width:33.333333333333%;width:calc(33.333333333333% - ( ( 0px ) * 0.33333333333333 ) );\"><div class=\"fusion-column-wrapper fusion-column-has-shadow fusion-flex-column-wrapper-legacy\"><div class=\"fusion-text fusion-text-1 banner-text\"><p><span class=\"banner-slogan\">Wir bieten ein breites Sortiment von Produkten nach globalen Standards f\u00fcr Natur- und Biokosmetik.<\/span><\/p>\n<\/div><div class=\"fusion-clearfix\"><\/div><\/div><\/div><\/div><\/div><div class=\"fusion-fullwidth fullwidth-box fusion-builder-row-2 nonhundred-percent-fullwidth non-hundred-percent-height-scrolling\" style=\"--awb-border-radius-top-left:0px;--awb-border-radius-top-right:0px;--awb-border-radius-bottom-right:0px;--awb-border-radius-bottom-left:0px;--awb-margin-top:0px;--awb-flex-wrap:wrap;\" ><div class=\"fusion-builder-row fusion-row\"><div class=\"fusion-layout-column fusion_builder_column fusion-builder-column-2 fusion_builder_column_1_1 1_1 fusion-one-full fusion-column-first fusion-column-last\" style=\"--awb-padding-right:150px;--awb-padding-left:150px;--awb-bg-size:cover;\"><div class=\"fusion-column-wrapper fusion-column-has-shadow fusion-flex-column-wrapper-legacy\"><div class=\"fusion-text fusion-text-2\">\n    <div class=\"lip-breadcrumbs\" style=\"padding: 0;\">\n        <ul>\n            <li>\n                <a href=\"\/\">Lipoid Kosmetik<\/a>\n            <\/li><li>\n                Nachhaltigkeit\n            <\/li>\n            <li>\n                <a href=\"https:\/\/www.lipoid-kosmetik.com\/de\/sustainability\/oekologisches-produktportfolio\/\">\u00d6kologisches Produktportfolio<\/a>\n            <\/li>\n            <li>\n                COSMOS-\/NATRUE-Standard\n            <\/li>\n        <\/ul>\n        <\/div>\n<\/div><div class=\"fusion-clearfix\"><\/div><\/div><\/div><div class=\"fusion-layout-column fusion_builder_column fusion-builder-column-3 fusion_builder_column_1_1 1_1 fusion-one-full fusion-column-first fusion-column-last\" style=\"--awb-padding-right:150px;--awb-padding-left:150px;--awb-bg-size:cover;\"><div class=\"fusion-column-wrapper fusion-column-has-shadow fusion-flex-column-wrapper-legacy\"><div class=\"fusion-title title fusion-title-1 fusion-sep-none fusion-title-text fusion-title-size-one\" style=\"--awb-text-color:#718849;--awb-margin-bottom:35px;--awb-margin-top-small:10px;--awb-margin-right-small:0px;--awb-margin-bottom-small:10px;--awb-margin-left-small:0px;\"><h1 class=\"fusion-title-heading title-heading-left\" style=\"margin:0;\">Produkte nach COSMOS- und NATRUE-Standards<\/h1><\/div><div class=\"fusion-text fusion-text-3\"><p>We make beauty natural. Dieses Unternehmensmotto bringt die Gesch\u00e4ftsphilosophie von Lipoid Kosmetik auf den Punkt und spiegelt sich auch in unserem umfangreichen Produktsortiment wider, das den weltweit anerkannten Standards f\u00fcr Natur- und Biokosmetik entspricht.<\/p>\n<p>Wir bieten ein breites Spektrum an COSMOS- und NATRUE-zertifizierten oder COSMOS- und NATRUE-approved Produkten an, um unseren Kunden die M\u00f6glichkeit zu bieten mehr f\u00fcr \u00f6kologische Nachhaltigkeit zu tun und zum wachsenden Trend der Naturkosmetik beizutragen. Aber damit nicht genug: \u00fcber 60 % unserer Produkte sind f\u00fcr COSMOS- und NATRUE-zertifizierte Formulierungen geeignet und wir arbeiten daran, dass es noch mehr werden.<\/p>\n<p>Alle unsere <a href=\"https:\/\/www.cosmos-standard.org\/de\/datenbanken\/zertifizierte-rohstoffe\/?commercial_name=&amp;company=131859&amp;brand=&amp;certification_body=&amp;country=&amp;inci=&amp;functions=&amp;ppai=&amp;cpai=&amp;pemo=&amp;nni=&amp;version=\" target=\"_blank\" rel=\"noopener\">COSMOS-zertifizierten<\/a> und <a href=\"https:\/\/www.cosmos-standard.org\/de\/datenbanken\/rohes-material\/?commercial_name=&amp;company=131859&amp;brand=&amp;certification_body=&amp;country=&amp;inci=&amp;functions=&amp;ppai=&amp;cpai=&amp;pemo=&amp;nni=&amp;version=\" target=\"_blank\" rel=\"noopener\">COSMOS-approved<\/a> Produkte sind in den jeweiligen Produktdatenbanken gelistet.<\/p>\n<p>All unsere NATRUE-zertifizierten und NATRUE-approved Produkte finden Sie auf der <a href=\"https:\/\/natrue.org\/de\/our-standard\/natrue-certified-world\/?database&#091;tab&#093;=raw-materials&amp;prod&#091;pageIndex&#093;=1&amp;prod&lt;a rel=&#039;nofollow&#039; href=&#039;https:\/\/www.lipoid-kosmetik.com\/de\/\/?s=&#039;&gt;&lt;\/a&gt;=Lipoid%20Kosmetik\">NATRUE-zertifizierte Produkte Datenbank<\/a>.<\/p>\n<p>Weitere Information zu unseren Naturkosmetik konformen Produkten finden Sie in unserem <a href=\"https:\/\/www.lipoid-kosmetik.com\/actives-botanicals-productfinder\/\">Product Finder<\/a> oder Sie <a href=\"https:\/\/www.lipoid-kosmetik.com\/de\/kontakt\/\">kontaktieren uns<\/a>. Unser Verkaufsteam hilft Ihnen gern bei der Auswahl des richtigen Produkts und wir geben Ihnen alle Informationen, die Sie zur Zertifizierung des Fertigprodukts ben\u00f6tigen.<\/p>\n<p>Weitere Informationen erhalten Sie auf den Webseiten der <a href=\"https:\/\/www.cosmos-standard.org\/?lang=de\" target=\"_blank\" rel=\"noopener\">COSMOS<\/a> &#8211; und <a href=\"https:\/\/www.natrue.org\/de\/\" target=\"_blank\" rel=\"noopener\">NATRUE<\/a> Standards.<\/p>\n<\/div><div class=\"fusion-clearfix\"><\/div><\/div><\/div><\/div><\/div><div class=\"fusion-fullwidth fullwidth-box fusion-builder-row-3 nonhundred-percent-fullwidth non-hundred-percent-height-scrolling\" style=\"--awb-border-radius-top-left:0px;--awb-border-radius-top-right:0px;--awb-border-radius-bottom-right:0px;--awb-border-radius-bottom-left:0px;--awb-flex-wrap:wrap;\" ><div class=\"fusion-builder-row fusion-row\"><div class=\"fusion-layout-column fusion_builder_column fusion-builder-column-4 fusion_builder_column_1_1 1_1 fusion-one-full fusion-column-first fusion-column-last\" style=\"--awb-padding-right:150px;--awb-padding-left:150px;--awb-bg-size:cover;\"><div class=\"fusion-column-wrapper fusion-column-has-shadow fusion-flex-column-wrapper-legacy\"><div class=\"fusion-text fusion-text-4\"><div class=\"fusion-text\" style=\"margin-bottom: 130px; margin-top: 85px;\"><p><ul class=\"grouplist\"><li><strong style='font-weight: 200;'>\u00d6kologisches Produktportfolio<\/strong><\/li><li style=' color: rgb(153, 153, 153);'>COSMOS-\/NATRUE-Standard<\/li><li style=''><a href='https:\/\/www.lipoid-kosmetik.com\/de\/sustainability\/oekologisches-produktportfolio\/natuerlichkeit-nach-iso-16128\/'>Nat\u00fcrlichkeit nach ISO 16128<\/a><\/li><li style=''><a href='https:\/\/www.lipoid-kosmetik.com\/de\/sustainability\/oekologisches-produktportfolio\/rspo\/'>RSPO<\/a><\/li><li style=''><a href='https:\/\/www.lipoid-kosmetik.com\/de\/sustainability\/oekologisches-produktportfolio\/nachhaltige-rohstoffe\/'>Nachhaltige Rohstoffe<\/a><\/li><li style=''><a href='https:\/\/www.lipoid-kosmetik.com\/de\/sustainability\/oekologisches-produktportfolio\/umweltvertraegliche-produktion\/'>Umweltvertr\u00e4gliche Produktion<\/a><\/li><\/ul><\/p><\/div>\n<\/div><div class=\"fusion-clearfix\"><\/div><\/div><\/div><\/div><\/div><\/p>\n","protected":false},"excerpt":{"rendered":"","protected":false},"author":2,"featured_media":0,"parent":5598,"menu_order":1,"comment_status":"closed","ping_status":"closed","template":"","meta":{"_acf_changed":false,"footnotes":""},"class_list":["post-5600","page","type-page","status-publish","hentry"],"acf":[],"_links":{"self":[{"href":"https:\/\/www.lipoid-kosmetik.com\/de\/wp-json\/wp\/v2\/pages\/5600","targetHints":{"allow":["GET"]}}],"collection":[{"href":"https:\/\/www.lipoid-kosmetik.com\/de\/wp-json\/wp\/v2\/pages"}],"about":[{"href":"https:\/\/www.lipoid-kosmetik.com\/de\/wp-json\/wp\/v2\/types\/page"}],"author":[{"embeddable":true,"href":"https:\/\/www.lipoid-kosmetik.com\/de\/wp-json\/wp\/v2\/users\/2"}],"replies":[{"embeddable":true,"href":"https:\/\/www.lipoid-kosmetik.com\/de\/wp-json\/wp\/v2\/comments?post=5600"}],"version-history":[{"count":24,"href":"https:\/\/www.lipoid-kosmetik.com\/de\/wp-json\/wp\/v2\/pages\/5600\/revisions"}],"predecessor-version":[{"id":16700,"href":"https:\/\/www.lipoid-kosmetik.com\/de\/wp-json\/wp\/v2\/pages\/5600\/revisions\/16700"}],"up":[{"embeddable":true,"href":"https:\/\/www.lipoid-kosmetik.com\/de\/wp-json\/wp\/v2\/pages\/5598"}],"wp:attachment":[{"href":"https:\/\/www.lipoid-kosmetik.com\/de\/wp-json\/wp\/v2\/media?parent=5600"}],"curies":[{"name":"wp","href":"https:\/\/api.w.org\/{rel}","templated":true}]}}