{"id":5604,"date":"2021-02-10T17:28:55","date_gmt":"2021-02-10T16:28:55","guid":{"rendered":"https:\/\/lipoid-kosmetik.com\/sustainability\/our-green-portfolio\/naturalness-iso-16128\/"},"modified":"2025-06-11T10:44:56","modified_gmt":"2025-06-11T08:44:56","slug":"natuerlichkeit-nach-iso-16128","status":"publish","type":"page","link":"https:\/\/www.lipoid-kosmetik.com\/de\/sustainability\/oekologisches-produktportfolio\/natuerlichkeit-nach-iso-16128\/","title":{"rendered":"Nat\u00fcrlichkeit nach ISO 16128"},"content":{"rendered":"<p><div class=\"fusion-fullwidth fullwidth-box fusion-builder-row-1 nonhundred-percent-fullwidth non-hundred-percent-height-scrolling fusion-equal-height-columns head-banner\" style=\"--awb-border-radius-top-left:0px;--awb-border-radius-top-right:0px;--awb-border-radius-bottom-right:0px;--awb-border-radius-bottom-left:0px;--awb-margin-bottom:60px;--awb-flex-wrap:wrap;\" ><div class=\"fusion-builder-row fusion-row\"><div class=\"fusion-layout-column fusion_builder_column fusion-builder-column-0 fusion_builder_column_2_3 2_3 fusion-two-third fusion-column-first fusion-column-inner-bg-wrapper\" style=\"--awb-padding-top:250px;--awb-inner-bg-image:url(&#039;https:\/\/lipoid-kosmetik.com\/wp-content\/uploads\/2021\/03\/Lipoid-Kosmetik_Sustainability_Our-Green-Product-Portfolio_Naturalness-ISO-16128_1.jpg&#039;);--awb-inner-bg-position:center center;--awb-inner-bg-size:cover;width:66.666666666667%;width:calc(66.666666666667% - ( ( 0px ) * 0.66666666666667 ) );margin-right: 0px;\"><span class=\"fusion-column-inner-bg hover-type-zoomin\"><span class=\"fusion-column-anchor\"><span class=\"fusion-column-inner-bg-image\"><\/span><\/span><\/span><div class=\"fusion-column-wrapper fusion-column-has-shadow fusion-flex-column-wrapper-legacy fusion-empty-column-bg-image fusion-column-has-bg-image\" data-bg-url=\"https:\/\/lipoid-kosmetik.com\/wp-content\/uploads\/2021\/03\/Lipoid-Kosmetik_Sustainability_Our-Green-Product-Portfolio_Naturalness-ISO-16128_1.jpg\"><img decoding=\"async\" class=\"fusion-empty-dims-img-placeholder fusion-no-large-visibility\" src=\"data:image\/gif;base64,R0lGODlhAQABAAAAACH5BAEKAAEALAAAAAABAAEAAAICTAEAOw==\"><div class=\"fusion-clearfix\"><\/div><\/div><\/div><div class=\"fusion-layout-column fusion_builder_column fusion-builder-column-1 fusion_builder_column_1_3 1_3 fusion-one-third fusion-column-last banner-row\" style=\"--awb-bg-color:#718849;--awb-bg-color-hover:#718849;--awb-bg-size:cover;width:33.333333333333%;width:calc(33.333333333333% - ( ( 0px ) * 0.33333333333333 ) );\"><div class=\"fusion-column-wrapper fusion-column-has-shadow fusion-flex-column-wrapper-legacy\"><div class=\"fusion-text fusion-text-1 banner-text\"><p><span class=\"banner-slogan\">Naturkosmetik ist unsere Leidenschaft.<\/span><\/p>\n<\/div><div class=\"fusion-clearfix\"><\/div><\/div><\/div><\/div><\/div><div class=\"fusion-fullwidth fullwidth-box fusion-builder-row-2 nonhundred-percent-fullwidth non-hundred-percent-height-scrolling\" style=\"--awb-border-radius-top-left:0px;--awb-border-radius-top-right:0px;--awb-border-radius-bottom-right:0px;--awb-border-radius-bottom-left:0px;--awb-margin-top:0px;--awb-flex-wrap:wrap;\" ><div class=\"fusion-builder-row fusion-row\"><div class=\"fusion-layout-column fusion_builder_column fusion-builder-column-2 fusion_builder_column_1_1 1_1 fusion-one-full fusion-column-first fusion-column-last\" style=\"--awb-padding-right:150px;--awb-padding-left:150px;--awb-bg-size:cover;\"><div class=\"fusion-column-wrapper fusion-column-has-shadow fusion-flex-column-wrapper-legacy\"><div class=\"fusion-text fusion-text-2\">\n    <div class=\"lip-breadcrumbs\" style=\"padding: 0;\">\n        <ul>\n            <li>\n                <a href=\"\/\">Lipoid Kosmetik<\/a>\n            <\/li><li>\n                Nachhaltigkeit\n            <\/li>\n            <li>\n                <a href=\"https:\/\/www.lipoid-kosmetik.com\/de\/sustainability\/oekologisches-produktportfolio\/\">\u00d6kologisches Produktportfolio<\/a>\n            <\/li>\n            <li>\n                Nat\u00fcrlichkeit nach ISO 16128\n            <\/li>\n        <\/ul>\n        <\/div>\n<\/div><div class=\"fusion-clearfix\"><\/div><\/div><\/div><div class=\"fusion-layout-column fusion_builder_column fusion-builder-column-3 fusion_builder_column_1_1 1_1 fusion-one-full fusion-column-first fusion-column-last\" style=\"--awb-padding-right:150px;--awb-padding-left:150px;--awb-bg-size:cover;\"><div class=\"fusion-column-wrapper fusion-column-has-shadow fusion-flex-column-wrapper-legacy\"><div class=\"fusion-title title fusion-title-1 fusion-sep-none fusion-title-text fusion-title-size-one\" style=\"--awb-text-color:#718849;--awb-margin-bottom:35px;--awb-margin-top-small:10px;--awb-margin-right-small:0px;--awb-margin-bottom-small:10px;--awb-margin-left-small:0px;\"><h1 class=\"fusion-title-heading title-heading-left\" style=\"margin:0;\">Nat\u00fcrliche Kosmetikprodukte<\/h1><\/div><div class=\"fusion-text fusion-text-3\"><p>Nat\u00fcrliche Kosmetikprodukte sind einer der Megatrends in der Kosmetikbranche. Bewusstes Konsumverhalten ber\u00fccksichtigt bei der Kaufentscheidung neben eigenem Interesse auch \u00f6kologische und soziale Aspekte. Seit vielen Jahren arbeitet Lipoid Kosmetik daran, Produkte nat\u00fcrlicher zu machen und wir sind stolz darauf, Ihnen ein breites Spektrum an nat\u00fcrlichen Produkten bieten zu k\u00f6nnen.<\/p>\n<p>Die international g\u00fcltige Norm ISO 16128 definiert einen neuen globalen Ansatz zur Vermittlung der Nat\u00fcrlichkeit kosmetischer Inhaltsstoffe und Endprodukte. Wie weit ein Inhaltsstoff nat\u00fcrlich ist, l\u00e4sst sich nun anhand von vier Indizes bzw. Kennziffern quantifizieren. Damit ist das Spielfeld der verschiedenen Qualit\u00e4ten von Natur- und Biokosmetikprodukten nun deutlich gr\u00f6sser als zuvor. F\u00fcr Verbraucherinnen und Verbraucher entsteht ausserdem mehr Transparenz, wenn der Nat\u00fcrlichkeits- und Biogehalt der Rohstoffe auf der Verpackung des Endprodukts angezeigt wird.<\/p>\n<p>Wir bei Lipoid Kosmetik haben den Nat\u00fcrlichkeits- und Biogehalt unserer Produkte nach ISO 16128 berechnet. Bereits \u00fcber 60 % unseres Portfolios erreicht dabei einen herausragenden Nat\u00fcrlichkeitsgehalt von \u2265 99 % bzw. einen Nat\u00fcrlichkeitsindex von 0,99. Aber damit nicht genug: Wir arbeiten st\u00e4ndig daran diesen Anteil weiter auszubauen.<\/p>\n<p>F\u00fcr weitere Informationen <a href=\"#\" data-toggle=\"modal\" data-target=\".fusion-modal.menu-informationmodal\">kontaktieren Sie uns<\/a> bitte.<\/p>\n<\/div><div class=\"fusion-sep-clear\"><\/div><div class=\"fusion-separator fusion-full-width-sep\" style=\"margin-left: auto;margin-right: auto;margin-top:50px;width:100%;\"><\/div><div class=\"fusion-sep-clear\"><\/div><div class=\"fusion-clearfix\"><\/div><\/div><\/div><div class=\"fusion-layout-column fusion_builder_column fusion-builder-column-4 fusion_builder_column_1_1 1_1 fusion-one-full fusion-column-first fusion-column-last\" style=\"--awb-padding-right:150px;--awb-padding-left:150px;--awb-bg-size:cover;\"><div class=\"fusion-column-wrapper fusion-column-has-shadow fusion-flex-column-wrapper-legacy\"><div class=\"fusion-title title fusion-title-2 fusion-sep-none fusion-title-text fusion-title-size-two\" style=\"--awb-text-color:#718849;--awb-margin-bottom:35px;--awb-margin-top-small:10px;--awb-margin-right-small:0px;--awb-margin-bottom-small:10px;--awb-margin-left-small:0px;\"><h2 class=\"fusion-title-heading title-heading-left\" style=\"margin:0;\">Biologische Rohstoffe: Ein Nutzen f\u00fcr Alle<\/h2><\/div><div class=\"fusion-text fusion-text-4\"><p>Dem Naturkosmetik Trend folgend, sind wir bestrebt laufend mehr Rohstoffe mit Bioqualit\u00e4t anzubieten und so den Green Shift unseres Portfolios weiter voranzutreiben. Heute enthalten \u00fcber 40 % unserer Produkte biologische Rohstoffe \u2013 Tendenz steigend.<\/p>\n<p>Durch den Einsatz biologischer Rohstoffe leisten wir einen wertvollen Beitrag zur Erhaltung der Biodiversit\u00e4t, zum Umweltschutz und nachhaltigen Landbau: Herk\u00f6mmliche Rohstoffe erfordern extensive Landwirtschaft, die B\u00f6den, Wasserressourcen und unber\u00fchrte Lebensr\u00e4ume gef\u00e4hrdet. Demgegen\u00fcber hilft die Verwendung biologischer Rohstoffe, den Pestizideinsatz zu reduzieren, die Bodenfruchtbarkeit zu verbessern und die Biodiversit\u00e4t zu sch\u00fctzen. Daher leisten unsere biologischen Pflanzenextrakte einen positiven Beitrag zum Umweltschutz und erf\u00fcllen gleichzeitig die Kundenforderungen nach umweltfreundlicheren Produkten.<\/p>\n<p>F\u00fcr weitere Informationen <a href=\"#\" data-toggle=\"modal\" data-target=\".fusion-modal.menu-informationmodal\">kontaktieren Sie uns<\/a> bitte.<\/p>\n<\/div><div class=\"fusion-clearfix\"><\/div><\/div><\/div><\/div><\/div><div class=\"fusion-fullwidth fullwidth-box fusion-builder-row-3 nonhundred-percent-fullwidth non-hundred-percent-height-scrolling\" style=\"--awb-border-radius-top-left:0px;--awb-border-radius-top-right:0px;--awb-border-radius-bottom-right:0px;--awb-border-radius-bottom-left:0px;--awb-flex-wrap:wrap;\" ><div class=\"fusion-builder-row fusion-row\"><div class=\"fusion-layout-column fusion_builder_column fusion-builder-column-5 fusion_builder_column_1_1 1_1 fusion-one-full fusion-column-first fusion-column-last\" style=\"--awb-padding-right:150px;--awb-padding-left:150px;--awb-bg-size:cover;\"><div class=\"fusion-column-wrapper fusion-column-has-shadow fusion-flex-column-wrapper-legacy\"><div class=\"fusion-text fusion-text-5\"><div class=\"fusion-text\" style=\"margin-bottom: 130px; margin-top: 85px;\"><p><ul class=\"grouplist\"><li><strong style='font-weight: 200;'>\u00d6kologisches Produktportfolio<\/strong><\/li><li style=''><a href='https:\/\/www.lipoid-kosmetik.com\/de\/sustainability\/oekologisches-produktportfolio\/cosmos-natrue-standard\/'>COSMOS-\/NATRUE-Standard<\/a><\/li><li style=' color: rgb(153, 153, 153);'>Nat\u00fcrlichkeit nach ISO 16128<\/li><li style=''><a href='https:\/\/www.lipoid-kosmetik.com\/de\/sustainability\/oekologisches-produktportfolio\/rspo\/'>RSPO<\/a><\/li><li style=''><a href='https:\/\/www.lipoid-kosmetik.com\/de\/sustainability\/oekologisches-produktportfolio\/nachhaltige-rohstoffe\/'>Nachhaltige Rohstoffe<\/a><\/li><li style=''><a href='https:\/\/www.lipoid-kosmetik.com\/de\/sustainability\/oekologisches-produktportfolio\/umweltvertraegliche-produktion\/'>Umweltvertr\u00e4gliche Produktion<\/a><\/li><\/ul><\/p><\/div>\n<\/div><div class=\"fusion-clearfix\"><\/div><\/div><\/div><\/div><\/div><\/p>\n","protected":false},"excerpt":{"rendered":"","protected":false},"author":2,"featured_media":0,"parent":5598,"menu_order":2,"comment_status":"closed","ping_status":"closed","template":"","meta":{"_acf_changed":false,"footnotes":""},"class_list":["post-5604","page","type-page","status-publish","hentry"],"acf":[],"_links":{"self":[{"href":"https:\/\/www.lipoid-kosmetik.com\/de\/wp-json\/wp\/v2\/pages\/5604","targetHints":{"allow":["GET"]}}],"collection":[{"href":"https:\/\/www.lipoid-kosmetik.com\/de\/wp-json\/wp\/v2\/pages"}],"about":[{"href":"https:\/\/www.lipoid-kosmetik.com\/de\/wp-json\/wp\/v2\/types\/page"}],"author":[{"embeddable":true,"href":"https:\/\/www.lipoid-kosmetik.com\/de\/wp-json\/wp\/v2\/users\/2"}],"replies":[{"embeddable":true,"href":"https:\/\/www.lipoid-kosmetik.com\/de\/wp-json\/wp\/v2\/comments?post=5604"}],"version-history":[{"count":9,"href":"https:\/\/www.lipoid-kosmetik.com\/de\/wp-json\/wp\/v2\/pages\/5604\/revisions"}],"predecessor-version":[{"id":16660,"href":"https:\/\/www.lipoid-kosmetik.com\/de\/wp-json\/wp\/v2\/pages\/5604\/revisions\/16660"}],"up":[{"embeddable":true,"href":"https:\/\/www.lipoid-kosmetik.com\/de\/wp-json\/wp\/v2\/pages\/5598"}],"wp:attachment":[{"href":"https:\/\/www.lipoid-kosmetik.com\/de\/wp-json\/wp\/v2\/media?parent=5604"}],"curies":[{"name":"wp","href":"https:\/\/api.w.org\/{rel}","templated":true}]}}