{"id":5606,"date":"2021-02-10T17:31:30","date_gmt":"2021-02-10T16:31:30","guid":{"rendered":"https:\/\/lipoid-kosmetik.com\/sustainability\/our-green-portfolio\/rspo\/"},"modified":"2026-04-20T14:08:43","modified_gmt":"2026-04-20T12:08:43","slug":"rspo","status":"publish","type":"page","link":"https:\/\/www.lipoid-kosmetik.com\/de\/sustainability\/oekologisches-produktportfolio\/rspo\/","title":{"rendered":"RSPO"},"content":{"rendered":"<p><div class=\"fusion-fullwidth fullwidth-box fusion-builder-row-1 nonhundred-percent-fullwidth non-hundred-percent-height-scrolling fusion-equal-height-columns head-banner\" style=\"--awb-border-radius-top-left:0px;--awb-border-radius-top-right:0px;--awb-border-radius-bottom-right:0px;--awb-border-radius-bottom-left:0px;--awb-margin-bottom:60px;--awb-flex-wrap:wrap;\" ><div class=\"fusion-builder-row fusion-row\"><div class=\"fusion-layout-column fusion_builder_column fusion-builder-column-0 fusion_builder_column_2_3 2_3 fusion-two-third fusion-column-first fusion-column-inner-bg-wrapper\" style=\"--awb-padding-top:250px;--awb-inner-bg-image:url(&#039;https:\/\/lipoid-kosmetik.com\/wp-content\/uploads\/2021\/03\/Lipoid-Kosmetik_Sustainability_Our-Green-Product-Portfolio_RSPO_1.jpg&#039;);--awb-inner-bg-position:center center;--awb-inner-bg-size:cover;width:66.666666666667%;width:calc(66.666666666667% - ( ( 0px ) * 0.66666666666667 ) );margin-right: 0px;\"><span class=\"fusion-column-inner-bg hover-type-zoomin\"><span class=\"fusion-column-anchor\"><span class=\"fusion-column-inner-bg-image\"><\/span><\/span><\/span><div class=\"fusion-column-wrapper fusion-column-has-shadow fusion-flex-column-wrapper-legacy fusion-empty-column-bg-image fusion-column-has-bg-image\" data-bg-url=\"https:\/\/lipoid-kosmetik.com\/wp-content\/uploads\/2021\/03\/Lipoid-Kosmetik_Sustainability_Our-Green-Product-Portfolio_RSPO_1.jpg\"><img decoding=\"async\" class=\"fusion-empty-dims-img-placeholder fusion-no-large-visibility\" src=\"data:image\/gif;base64,R0lGODlhAQABAAAAACH5BAEKAAEALAAAAAABAAEAAAICTAEAOw==\"><div class=\"fusion-clearfix\"><\/div><\/div><\/div><div class=\"fusion-layout-column fusion_builder_column fusion-builder-column-1 fusion_builder_column_1_3 1_3 fusion-one-third fusion-column-last banner-row\" style=\"--awb-bg-color:#718849;--awb-bg-color-hover:#718849;--awb-bg-size:cover;width:33.333333333333%;width:calc(33.333333333333% - ( ( 0px ) * 0.33333333333333 ) );\"><div class=\"fusion-column-wrapper fusion-column-has-shadow fusion-flex-column-wrapper-legacy\"><div class=\"fusion-text fusion-text-1 banner-text\"><p><span class=\"banner-slogan\">Wir leisten einen Beitrag zur Erzeugung von nachhaltigem Palm\u00f6l und sind nach dem RSPO Supply Chain Standard, Mass Balance, zertifiziert.<\/span><\/p>\n<\/div><div class=\"fusion-clearfix\"><\/div><\/div><\/div><\/div><\/div><div class=\"fusion-fullwidth fullwidth-box fusion-builder-row-2 nonhundred-percent-fullwidth non-hundred-percent-height-scrolling\" style=\"--awb-border-radius-top-left:0px;--awb-border-radius-top-right:0px;--awb-border-radius-bottom-right:0px;--awb-border-radius-bottom-left:0px;--awb-margin-top:0px;--awb-flex-wrap:wrap;\" ><div class=\"fusion-builder-row fusion-row\"><div class=\"fusion-layout-column fusion_builder_column fusion-builder-column-2 fusion_builder_column_1_1 1_1 fusion-one-full fusion-column-first fusion-column-last\" style=\"--awb-padding-right:150px;--awb-padding-left:150px;--awb-bg-size:cover;\"><div class=\"fusion-column-wrapper fusion-column-has-shadow fusion-flex-column-wrapper-legacy\"><div class=\"fusion-text fusion-text-2\">\n    <div class=\"lip-breadcrumbs\" style=\"padding: 0;\">\n        <ul>\n            <li>\n                <a href=\"\/\">Lipoid Kosmetik<\/a>\n            <\/li><li>\n                Nachhaltigkeit\n            <\/li>\n            <li>\n                <a href=\"https:\/\/www.lipoid-kosmetik.com\/de\/sustainability\/oekologisches-produktportfolio\/\">\u00d6kologisches Produktportfolio<\/a>\n            <\/li>\n            <li>\n                RSPO\n            <\/li>\n        <\/ul>\n        <\/div>\n<\/div><div class=\"fusion-clearfix\"><\/div><\/div><\/div><div class=\"fusion-layout-column fusion_builder_column fusion-builder-column-3 fusion_builder_column_1_1 1_1 fusion-one-full fusion-column-first fusion-column-last\" style=\"--awb-padding-right:150px;--awb-padding-left:150px;--awb-bg-size:cover;\"><div class=\"fusion-column-wrapper fusion-column-has-shadow fusion-flex-column-wrapper-legacy\"><div class=\"fusion-title title fusion-title-1 fusion-sep-none fusion-title-text fusion-title-size-one\" style=\"--awb-text-color:#718849;--awb-margin-bottom:35px;--awb-margin-top-small:10px;--awb-margin-right-small:0px;--awb-margin-bottom-small:10px;--awb-margin-left-small:0px;\"><h1 class=\"fusion-title-heading title-heading-left\" style=\"margin:0;\">Roundtable on Sustainable Palm Oil (RSPO)<\/h1><\/div><div class=\"fusion-text fusion-text-3\"><p>Der \u00fcberm\u00e4ssige Gebrauch von Palm\u00f6l bringt zahlreiche \u00f6kologische und soziale Probleme entlang der gesamten Lieferkette mit sich. Daher wird nachhaltig produziertes Palm\u00f6l von Jahr zu Jahr wichtiger.<\/p>\n<p>Nachhaltiges und verantwortungsbewusstes Handeln auf Grundlage von \u00f6kologischen, sozialen und \u00f6konomischen Entscheidungen \u2013 ist ein wesentlicher Bestandteil der Firmenphilosophie von Lipoid Kosmetik. Aus diesem Grund k\u00f6nnen wir auf eine lange Geschichte der Nutzung von nachhaltigem Palm\u00f6l und dessen Derivaten verweisen. Dies ist schon seit Jahren Teil unserer Einkaufspolitik. Dar\u00fcber hinaus ist Lipoid Kosmetik seit 2017 Mitglied des RSPO (Roundtable on Sustainable Palm Oil).<\/p>\n<p>Seit Oktober 2020 ist Lipoid Kosmetik ausserdem nach dem RSPO Supply Chain Standard, Mass Balance, zertifiziert. Unsere RSPO-Zertifizierungsnummer finden Sie in den Analysezertifikaten der jeweiligen Produkte.<\/p>\n<p>Die Zertifizierung best\u00e4tigt, dass wir einen Beitrag zur Produktion von nachhaltigem Palm\u00f6l leisten, weil wir Palm\u00f6l aus nachhaltigen Lieferketten nach den Kriterien Mass Balance (MB), Segregated (SG) oder Identity Preserved (IP) verwenden.<\/p>\n<p>Wir sind stolz auf diese Zertifizierung, da diese unsere Position als herausragender Lieferant von nachhaltigen kosmetischen Inhaltsstoffen weiter st\u00e4rkt.<\/p>\n<\/div><div class=\"fusion-sep-clear\"><\/div><div class=\"fusion-separator fusion-full-width-sep\" style=\"margin-left: auto;margin-right: auto;margin-top:50px;width:100%;\"><\/div><div class=\"fusion-sep-clear\"><\/div><div class=\"fusion-image-element fusion-image-align-center in-legacy-container\" style=\"text-align:center;--awb-max-width:280px;--awb-caption-title-font-family:var(--h2_typography-font-family);--awb-caption-title-font-weight:var(--h2_typography-font-weight);--awb-caption-title-font-style:var(--h2_typography-font-style);--awb-caption-title-size:var(--h2_typography-font-size);--awb-caption-title-transform:var(--h2_typography-text-transform);--awb-caption-title-line-height:var(--h2_typography-line-height);--awb-caption-title-letter-spacing:var(--h2_typography-letter-spacing);\"><div class=\"imageframe-align-center\"><span class=\" fusion-imageframe imageframe-none imageframe-1 hover-type-none\"><img decoding=\"async\" width=\"537\" height=\"615\" alt=\"Logo RSPO with certification number Lipoid Kosmetik \" title=\"Lipoid-Kosmetik_RSPO_Logo_Type RSPO\" src=\"https:\/\/www.lipoid-kosmetik.com\/wp-content\/uploads\/2021\/03\/Lipoid-Kosmetik_RSPO_Logo_Type-RSPO.jpg\" class=\"img-responsive wp-image-3496\" srcset=\"https:\/\/www.lipoid-kosmetik.com\/wp-content\/uploads\/2021\/03\/Lipoid-Kosmetik_RSPO_Logo_Type-RSPO-200x229.jpg 200w, https:\/\/www.lipoid-kosmetik.com\/wp-content\/uploads\/2021\/03\/Lipoid-Kosmetik_RSPO_Logo_Type-RSPO-400x458.jpg 400w, https:\/\/www.lipoid-kosmetik.com\/wp-content\/uploads\/2021\/03\/Lipoid-Kosmetik_RSPO_Logo_Type-RSPO.jpg 537w\" sizes=\"(max-width: 800px) 100vw, 537px\" \/><\/span><\/div><\/div><div class=\"fusion-text fusion-text-4\"><p style=\"text-align: center;\">Erfahren Sie mehr \u00fcber unseren Fortschritt auf <a href=\"https:\/\/www.rspo.org\/members\/6248\/Lipoid-Kosmetik-AG\" target=\"_blank\" rel=\"noopener noreferrer\">www.rspo.org<\/a><\/p>\n<\/div><div class=\"fusion-sep-clear\"><\/div><div class=\"fusion-separator fusion-full-width-sep\" style=\"margin-left: auto;margin-right: auto;margin-top:50px;width:100%;\"><\/div><div class=\"fusion-sep-clear\"><\/div><div class=\"fusion-text fusion-text-5\"><p style=\"text-align: left;\"><a href=\"https:\/\/www.lipoid-kosmetik.com\/wp-content\/uploads\/2026\/04\/RSPO-Certificate-Lipoid-Kosmetik-AG-2026.pdf\" target=\"_blank\" rel=\"noopener\">RSPO Zertifikat<\/a><\/p>\n<\/div><div class=\"fusion-clearfix\"><\/div><\/div><\/div><\/div><\/div><div class=\"fusion-fullwidth fullwidth-box fusion-builder-row-3 nonhundred-percent-fullwidth non-hundred-percent-height-scrolling\" style=\"--awb-border-radius-top-left:0px;--awb-border-radius-top-right:0px;--awb-border-radius-bottom-right:0px;--awb-border-radius-bottom-left:0px;--awb-flex-wrap:wrap;\" ><div class=\"fusion-builder-row fusion-row\"><div class=\"fusion-layout-column fusion_builder_column fusion-builder-column-4 fusion_builder_column_1_1 1_1 fusion-one-full fusion-column-first fusion-column-last\" style=\"--awb-padding-right:150px;--awb-padding-left:150px;--awb-bg-size:cover;\"><div class=\"fusion-column-wrapper fusion-column-has-shadow fusion-flex-column-wrapper-legacy\"><div class=\"fusion-text fusion-text-6\"><div class=\"fusion-text\" style=\"margin-bottom: 130px; margin-top: 85px;\"><p><ul class=\"grouplist\"><li><strong style='font-weight: 200;'>\u00d6kologisches Produktportfolio<\/strong><\/li><li style=''><a href='https:\/\/www.lipoid-kosmetik.com\/de\/sustainability\/oekologisches-produktportfolio\/cosmos-natrue-standard\/'>COSMOS-\/NATRUE-Standard<\/a><\/li><li style=''><a href='https:\/\/www.lipoid-kosmetik.com\/de\/sustainability\/oekologisches-produktportfolio\/natuerlichkeit-nach-iso-16128\/'>Nat\u00fcrlichkeit nach ISO 16128<\/a><\/li><li style=' color: rgb(153, 153, 153);'>RSPO<\/li><li style=''><a href='https:\/\/www.lipoid-kosmetik.com\/de\/sustainability\/oekologisches-produktportfolio\/nachhaltige-rohstoffe\/'>Nachhaltige Rohstoffe<\/a><\/li><li style=''><a href='https:\/\/www.lipoid-kosmetik.com\/de\/sustainability\/oekologisches-produktportfolio\/umweltvertraegliche-produktion\/'>Umweltvertr\u00e4gliche Produktion<\/a><\/li><\/ul><\/p><\/div>\n<\/div><div class=\"fusion-clearfix\"><\/div><\/div><\/div><\/div><\/div><\/p>\n","protected":false},"excerpt":{"rendered":"","protected":false},"author":2,"featured_media":0,"parent":5598,"menu_order":3,"comment_status":"closed","ping_status":"closed","template":"","meta":{"_acf_changed":false,"footnotes":""},"class_list":["post-5606","page","type-page","status-publish","hentry"],"acf":[],"_links":{"self":[{"href":"https:\/\/www.lipoid-kosmetik.com\/de\/wp-json\/wp\/v2\/pages\/5606","targetHints":{"allow":["GET"]}}],"collection":[{"href":"https:\/\/www.lipoid-kosmetik.com\/de\/wp-json\/wp\/v2\/pages"}],"about":[{"href":"https:\/\/www.lipoid-kosmetik.com\/de\/wp-json\/wp\/v2\/types\/page"}],"author":[{"embeddable":true,"href":"https:\/\/www.lipoid-kosmetik.com\/de\/wp-json\/wp\/v2\/users\/2"}],"replies":[{"embeddable":true,"href":"https:\/\/www.lipoid-kosmetik.com\/de\/wp-json\/wp\/v2\/comments?post=5606"}],"version-history":[{"count":14,"href":"https:\/\/www.lipoid-kosmetik.com\/de\/wp-json\/wp\/v2\/pages\/5606\/revisions"}],"predecessor-version":[{"id":17255,"href":"https:\/\/www.lipoid-kosmetik.com\/de\/wp-json\/wp\/v2\/pages\/5606\/revisions\/17255"}],"up":[{"embeddable":true,"href":"https:\/\/www.lipoid-kosmetik.com\/de\/wp-json\/wp\/v2\/pages\/5598"}],"wp:attachment":[{"href":"https:\/\/www.lipoid-kosmetik.com\/de\/wp-json\/wp\/v2\/media?parent=5606"}],"curies":[{"name":"wp","href":"https:\/\/api.w.org\/{rel}","templated":true}]}}