{"id":5622,"date":"2021-02-10T17:32:17","date_gmt":"2021-02-10T16:32:17","guid":{"rendered":"https:\/\/lipoid-kosmetik.com\/sustainability\/our-green-portfolio\/sustainable-raw-materials\/"},"modified":"2025-06-11T10:50:59","modified_gmt":"2025-06-11T08:50:59","slug":"nachhaltige-rohstoffe","status":"publish","type":"page","link":"https:\/\/www.lipoid-kosmetik.com\/de\/sustainability\/oekologisches-produktportfolio\/nachhaltige-rohstoffe\/","title":{"rendered":"Nachhaltige Rohstoffe"},"content":{"rendered":"<p><div class=\"fusion-fullwidth fullwidth-box fusion-builder-row-1 nonhundred-percent-fullwidth non-hundred-percent-height-scrolling fusion-equal-height-columns head-banner\" style=\"--awb-border-radius-top-left:0px;--awb-border-radius-top-right:0px;--awb-border-radius-bottom-right:0px;--awb-border-radius-bottom-left:0px;--awb-margin-bottom:60px;--awb-flex-wrap:wrap;\" ><div class=\"fusion-builder-row fusion-row\"><div class=\"fusion-layout-column fusion_builder_column fusion-builder-column-0 fusion_builder_column_2_3 2_3 fusion-two-third fusion-column-first fusion-column-inner-bg-wrapper\" style=\"--awb-padding-top:250px;--awb-inner-bg-image:url(&#039;https:\/\/lipoid-kosmetik.com\/wp-content\/uploads\/2021\/03\/Lipoid-Kosmetik_Sustainability_Our-Green-Product-Portfolio_Sustainable-Raw-materials_1.jpg&#039;);--awb-inner-bg-position:center center;--awb-inner-bg-size:cover;width:66.666666666667%;width:calc(66.666666666667% - ( ( 0px ) * 0.66666666666667 ) );margin-right: 0px;\"><span class=\"fusion-column-inner-bg hover-type-zoomin\"><span class=\"fusion-column-anchor\"><span class=\"fusion-column-inner-bg-image\"><\/span><\/span><\/span><div class=\"fusion-column-wrapper fusion-column-has-shadow fusion-flex-column-wrapper-legacy fusion-empty-column-bg-image fusion-column-has-bg-image\" data-bg-url=\"https:\/\/lipoid-kosmetik.com\/wp-content\/uploads\/2021\/03\/Lipoid-Kosmetik_Sustainability_Our-Green-Product-Portfolio_Sustainable-Raw-materials_1.jpg\"><img decoding=\"async\" class=\"fusion-empty-dims-img-placeholder fusion-no-large-visibility\" src=\"data:image\/gif;base64,R0lGODlhAQABAAAAACH5BAEKAAEALAAAAAABAAEAAAICTAEAOw==\"><div class=\"fusion-clearfix\"><\/div><\/div><\/div><div class=\"fusion-layout-column fusion_builder_column fusion-builder-column-1 fusion_builder_column_1_3 1_3 fusion-one-third fusion-column-last banner-row\" style=\"--awb-bg-color:#718849;--awb-bg-color-hover:#718849;--awb-bg-size:cover;width:33.333333333333%;width:calc(33.333333333333% - ( ( 0px ) * 0.33333333333333 ) );\"><div class=\"fusion-column-wrapper fusion-column-has-shadow fusion-flex-column-wrapper-legacy\"><div class=\"fusion-text fusion-text-1 banner-text\"><p><span class=\"banner-slogan\">Die nachhaltige Beschaffung von Rohstoffen ist unser oberstes Prinzip.<\/span><\/p>\n<\/div><div class=\"fusion-clearfix\"><\/div><\/div><\/div><\/div><\/div><div class=\"fusion-fullwidth fullwidth-box fusion-builder-row-2 nonhundred-percent-fullwidth non-hundred-percent-height-scrolling\" style=\"--awb-border-radius-top-left:0px;--awb-border-radius-top-right:0px;--awb-border-radius-bottom-right:0px;--awb-border-radius-bottom-left:0px;--awb-margin-top:0px;--awb-flex-wrap:wrap;\" ><div class=\"fusion-builder-row fusion-row\"><div class=\"fusion-layout-column fusion_builder_column fusion-builder-column-2 fusion_builder_column_1_1 1_1 fusion-one-full fusion-column-first fusion-column-last\" style=\"--awb-padding-right:150px;--awb-padding-left:150px;--awb-bg-size:cover;\"><div class=\"fusion-column-wrapper fusion-column-has-shadow fusion-flex-column-wrapper-legacy\"><div class=\"fusion-text fusion-text-2\">\n    <div class=\"lip-breadcrumbs\" style=\"padding: 0;\">\n        <ul>\n            <li>\n                <a href=\"\/\">Lipoid Kosmetik<\/a>\n            <\/li><li>\n                Nachhaltigkeit\n            <\/li>\n            <li>\n                <a href=\"https:\/\/www.lipoid-kosmetik.com\/de\/sustainability\/oekologisches-produktportfolio\/\">\u00d6kologisches Produktportfolio<\/a>\n            <\/li>\n            <li>\n                Nachhaltige Rohstoffe\n            <\/li>\n        <\/ul>\n        <\/div>\n<\/div><div class=\"fusion-clearfix\"><\/div><\/div><\/div><div class=\"fusion-layout-column fusion_builder_column fusion-builder-column-3 fusion_builder_column_1_1 1_1 fusion-one-full fusion-column-first fusion-column-last\" style=\"--awb-padding-right:150px;--awb-padding-left:150px;--awb-bg-size:cover;\"><div class=\"fusion-column-wrapper fusion-column-has-shadow fusion-flex-column-wrapper-legacy\"><div class=\"fusion-title title fusion-title-1 fusion-sep-none fusion-title-text fusion-title-size-one\" style=\"--awb-text-color:#718849;--awb-margin-bottom:35px;--awb-margin-top-small:10px;--awb-margin-right-small:0px;--awb-margin-bottom-small:10px;--awb-margin-left-small:0px;\"><h1 class=\"fusion-title-heading title-heading-left\" style=\"margin:0;\">Nachhaltige Rohstoffe \u2013 Ein entscheidender Bestandteil von Kosmetikprodukten<\/h1><\/div><div class=\"fusion-text fusion-text-3\"><p>In den letzten Jahren hat sich das Bewusstsein f\u00fcr nachhaltige Produkte enorm entwickelt. Verbraucherinnen und Verbraucher w\u00fcnschen nicht mehr nur hochwertige Kosmetika, sondern wollen auch wissen, wo die Rohstoffe herkommen und ob die Produzenten vor Ort fair behandelt und entlohnt werden.<\/p>\n<p>Mit \u00fcber 350 Pflanzen und mehr als 100 weiteren Inhaltsstoffen ist unser Rohstoffportfolio sehr breit angelegt. Unsere besondere St\u00e4rke liegt in der Beschaffung von Rohstoffen \u2013 das gew\u00e4hrleisten wir durch unser solides Netzwerk von Rohstofflieferanten. So sind wir in der Lage, auch ungew\u00f6hnliche und kundenspezifische Anfragen nach speziellen Rohstoffen zu bedienen.<\/p>\n<p>Da unserer Rohstoffe zum grossen Teil an verschiedenen Orten auf der Welt wachsen, ist es eine grosse Herausforderung, detaillierte Anbaudaten entlang der Lieferkette zu erhalten. Dank unseres exzellenten Lieferantennetzwerks k\u00f6nnen wir dennoch zu vielen unserer Rohstoffe exakte Angaben zu Herkunftsland sowie Anbau- und Arbeitsbedingungen machen. Gleichwohl erfordert ein nachhaltiger Einkauf ein zielorientiertes Vorgehen. Daher stehen wir mit unseren Lieferanten in einem st\u00e4ndigen Dialog, um eine nachhaltige Entwicklung und den Austausch von Informationen entlang der Lieferkette zu f\u00f6rdern.<\/p>\n<\/div><div class=\"fusion-sep-clear\"><\/div><div class=\"fusion-separator fusion-full-width-sep\" style=\"margin-left: auto;margin-right: auto;margin-top:50px;width:100%;\"><\/div><div class=\"fusion-sep-clear\"><\/div><div class=\"fusion-clearfix\"><\/div><\/div><\/div><div class=\"fusion-layout-column fusion_builder_column fusion-builder-column-4 fusion_builder_column_1_1 1_1 fusion-one-full fusion-column-first fusion-column-last\" style=\"--awb-padding-right:150px;--awb-padding-left:150px;--awb-bg-size:cover;\"><div class=\"fusion-column-wrapper fusion-column-has-shadow fusion-flex-column-wrapper-legacy\"><div class=\"fusion-title title fusion-title-2 fusion-sep-none fusion-title-text fusion-title-size-two\" style=\"--awb-text-color:#718849;--awb-margin-bottom:35px;--awb-margin-top-small:10px;--awb-margin-right-small:0px;--awb-margin-bottom-small:10px;--awb-margin-left-small:0px;\"><h2 class=\"fusion-title-heading title-heading-left\" style=\"margin:0;\">Lieferanten- und Rohstoffqualifizierung<\/h2><\/div><div class=\"fusion-text fusion-text-4\"><p>Wir glauben an ethisches Verhalten, Nachhaltigkeit und Fairness. Daher ist die Auswahl der richtigen Partner und die Zusammenarbeit mit diesen ein zentrales Element im Aufbau einer nachhaltigen Lieferkette. F\u00fcr Lieferanten und Rohstoffe gibt es ein umfassendes Qualifizierungsprogramm. Dies sind die wichtigsten Elemente:<\/p>\n<\/div><div class=\"fusion-sep-clear\"><\/div><div class=\"fusion-separator fusion-full-width-sep\" style=\"margin-left: auto;margin-right: auto;margin-top:50px;width:100%;\"><\/div><div class=\"fusion-sep-clear\"><\/div><div class=\"fusion-image-element in-legacy-container\" style=\"--awb-max-width:1200px;--awb-caption-title-font-family:var(--h2_typography-font-family);--awb-caption-title-font-weight:var(--h2_typography-font-weight);--awb-caption-title-font-style:var(--h2_typography-font-style);--awb-caption-title-size:var(--h2_typography-font-size);--awb-caption-title-transform:var(--h2_typography-text-transform);--awb-caption-title-line-height:var(--h2_typography-line-height);--awb-caption-title-letter-spacing:var(--h2_typography-letter-spacing);\"><span class=\" fusion-imageframe imageframe-none imageframe-1 hover-type-none svg\"><img decoding=\"async\" width=\"1646\" height=\"703\" title=\"Lipoid-Kosmetik_Nachhaltigkeit_O\u0308kologisches Produktportfolio_Nachhaltige Rohstoffe\" src=\"https:\/\/www.lipoid-kosmetik.com\/wp-content\/uploads\/2021\/06\/Lipoid-Kosmetik_Nachhaltigkeit_O\u0308kologisches-Produktportfolio_Nachhaltige-Rohstoffe.svg\" alt class=\"img-responsive wp-image-5874\"\/><\/span><\/div><div class=\"fusion-sep-clear\"><\/div><div class=\"fusion-separator fusion-full-width-sep\" style=\"margin-left: auto;margin-right: auto;margin-top:50px;width:100%;\"><\/div><div class=\"fusion-sep-clear\"><\/div><div class=\"fusion-text fusion-text-5\"><p>Weitere Informationen erhalten Sie in den <a href=\"https:\/\/lipoid-kosmetik.com\/de\/sustainability\/csr-verpflichtungen\/csr-politik\/\">CSR Politik<\/a> und <a href=\"https:\/\/lipoid-kosmetik.com\/de\/sustainability\/csr-verpflichtungen\/verhaltenskodex\/\">Verhaltenskodex<\/a> Abschnitten.<\/p>\n<\/div><div class=\"fusion-sep-clear\"><\/div><div class=\"fusion-separator fusion-full-width-sep\" style=\"margin-left: auto;margin-right: auto;margin-top:50px;width:100%;\"><\/div><div class=\"fusion-sep-clear\"><\/div><div class=\"fusion-clearfix\"><\/div><\/div><\/div><div class=\"fusion-layout-column fusion_builder_column fusion-builder-column-5 fusion_builder_column_1_1 1_1 fusion-one-full fusion-column-first fusion-column-last\" style=\"--awb-padding-right:150px;--awb-padding-left:150px;--awb-bg-size:cover;\"><div class=\"fusion-column-wrapper fusion-column-has-shadow fusion-flex-column-wrapper-legacy\"><div class=\"fusion-title title fusion-title-3 fusion-sep-none fusion-title-text fusion-title-size-three\" style=\"--awb-text-color:#718849;--awb-margin-bottom:35px;--awb-margin-top-small:10px;--awb-margin-right-small:0px;--awb-margin-bottom-small:10px;--awb-margin-left-small:0px;\"><h3 class=\"fusion-title-heading title-heading-left\" style=\"margin:0;\">Nachhaltigkeitsstufen (SUS Score)<\/h3><\/div><div class=\"fusion-text fusion-text-6\"><p>Nachhaltigkeit steht bei Lipoid Kosmetik im Mittelpunkt, deshalb haben wir ein neues Bewertungssystem entwickelt, welches unsere Rohstoffe und Produkte in verschiedene Nachhaltigkeitsstufen (SUS Score) einteilt. Ausgehend von Kriterien wie R\u00fcckverfolgbarkeit, Regelkonformit\u00e4t und positiven \u00f6kologischen und sozialen Effekten werden die Rohstoffe in Nachhaltigkeitsstufen (SUS Score) von 1 bis 3 eingeteilt. SUS 3 Produkte sind besonders nachhaltig und leisten einen positiven Beitrag zur Umwelt.<\/p>\n<p>Derzeit erreichen \u00fcber 50 % unserer pflanzlichen Rohstoffe die h\u00f6chste SUS 3 Stufe und wir arbeiten laufend daran, diesen Anteil weiter zu erh\u00f6hen. Dieses Bewertungssystem unterstreicht nicht nur die Bedeutung der Transparenz in der Rohstoffbeschaffung, sondern macht auch unsere Produkte noch wertiger.<\/p>\n<p>F\u00fcr weitere Informationen erhalten Sie bitte in unserem <a href=\"https:\/\/www.lipoid-kosmetik.com\/wp-content\/uploads\/2024\/08\/LK_SUS-Level-Score.pdf\" target=\"_blank\" rel=\"noopener\">Sustainability Score<\/a> Dokument.<\/p>\n<\/div><div class=\"fusion-sep-clear\"><\/div><div class=\"fusion-separator fusion-full-width-sep\" style=\"margin-left: auto;margin-right: auto;margin-top:50px;width:100%;\"><\/div><div class=\"fusion-sep-clear\"><\/div><div class=\"fusion-clearfix\"><\/div><\/div><\/div><div class=\"fusion-layout-column fusion_builder_column fusion-builder-column-6 fusion_builder_column_1_1 1_1 fusion-one-full fusion-column-first fusion-column-last\" style=\"--awb-padding-right:150px;--awb-padding-left:150px;--awb-bg-size:cover;\"><div class=\"fusion-column-wrapper fusion-column-has-shadow fusion-flex-column-wrapper-legacy\"><div class=\"fusion-title title fusion-title-4 fusion-sep-none fusion-title-text fusion-title-size-four\" style=\"--awb-text-color:#718849;--awb-margin-bottom:35px;--awb-margin-top-small:10px;--awb-margin-right-small:0px;--awb-margin-bottom-small:10px;--awb-margin-left-small:0px;\"><h4 class=\"fusion-title-heading title-heading-left\" style=\"margin:0;\">Kinderarbeit<\/h4><\/div><div class=\"fusion-text fusion-text-7\"><p>Als sozial verantwortungsvolles Unternehmen hat sich die Lipoid Kosmetik AG schon vor Jahren dazu verpflichtet, Menschenrechte auf unterschiedlichen Ebenen zu f\u00f6rdern. 2015 unterzeichneten wir die Global Compact Initiative der Vereinten Nationen. Ihr Ziel ist es, wesentliche Verbesserungen in den Bereichen Menschenrechte, Arbeit, Umwelt und Korruptionsbek\u00e4mpfung zu erreichen.<\/p>\n<p>Zu unseren wichtigsten Anliegen z\u00e4hlt der Ausschluss von Kinderarbeit aus unseren Lieferketten. Wir nehmen unsere Verantwortung ernst und erwarten von unseren Lieferanten, dass sie unseren <a href=\"https:\/\/www.lipoid-kosmetik.com\/wp-content\/uploads\/2024\/02\/LK_Policies_01_CodeofConduct_DE.pdf\" target=\"_blank\" rel=\"noopener\">Verhaltenskodex<\/a> uneingeschr\u00e4nkt einhalten und uns bei Verdacht auf Kinderarbeit umgehend unterrichten. Dar\u00fcber hinaus werden bei kritischen L\u00e4ndern risikospezifische Best\u00e4tigungen verlangt.<\/p>\n<\/div><div class=\"fusion-clearfix\"><\/div><\/div><\/div><\/div><\/div><div class=\"fusion-fullwidth fullwidth-box fusion-builder-row-3 nonhundred-percent-fullwidth non-hundred-percent-height-scrolling\" style=\"--awb-border-radius-top-left:0px;--awb-border-radius-top-right:0px;--awb-border-radius-bottom-right:0px;--awb-border-radius-bottom-left:0px;--awb-flex-wrap:wrap;\" ><div class=\"fusion-builder-row fusion-row\"><div class=\"fusion-layout-column fusion_builder_column fusion-builder-column-7 fusion_builder_column_1_1 1_1 fusion-one-full fusion-column-first fusion-column-last\" style=\"--awb-padding-right:150px;--awb-padding-left:150px;--awb-bg-size:cover;\"><div class=\"fusion-column-wrapper fusion-column-has-shadow fusion-flex-column-wrapper-legacy\"><div class=\"fusion-text fusion-text-8\"><div class=\"fusion-text\" style=\"margin-bottom: 130px; margin-top: 85px;\"><p><ul class=\"grouplist\"><li><strong style='font-weight: 200;'>\u00d6kologisches Produktportfolio<\/strong><\/li><li style=''><a href='https:\/\/www.lipoid-kosmetik.com\/de\/sustainability\/oekologisches-produktportfolio\/cosmos-natrue-standard\/'>COSMOS-\/NATRUE-Standard<\/a><\/li><li style=''><a href='https:\/\/www.lipoid-kosmetik.com\/de\/sustainability\/oekologisches-produktportfolio\/natuerlichkeit-nach-iso-16128\/'>Nat\u00fcrlichkeit nach ISO 16128<\/a><\/li><li style=''><a href='https:\/\/www.lipoid-kosmetik.com\/de\/sustainability\/oekologisches-produktportfolio\/rspo\/'>RSPO<\/a><\/li><li style=' color: rgb(153, 153, 153);'>Nachhaltige Rohstoffe<\/li><li style=''><a href='https:\/\/www.lipoid-kosmetik.com\/de\/sustainability\/oekologisches-produktportfolio\/umweltvertraegliche-produktion\/'>Umweltvertr\u00e4gliche Produktion<\/a><\/li><\/ul><\/p><\/div>\n<\/div><div class=\"fusion-clearfix\"><\/div><\/div><\/div><\/div><\/div><\/p>\n","protected":false},"excerpt":{"rendered":"","protected":false},"author":2,"featured_media":0,"parent":5598,"menu_order":4,"comment_status":"closed","ping_status":"closed","template":"","meta":{"_acf_changed":false,"footnotes":""},"class_list":["post-5622","page","type-page","status-publish","hentry"],"acf":[],"_links":{"self":[{"href":"https:\/\/www.lipoid-kosmetik.com\/de\/wp-json\/wp\/v2\/pages\/5622","targetHints":{"allow":["GET"]}}],"collection":[{"href":"https:\/\/www.lipoid-kosmetik.com\/de\/wp-json\/wp\/v2\/pages"}],"about":[{"href":"https:\/\/www.lipoid-kosmetik.com\/de\/wp-json\/wp\/v2\/types\/page"}],"author":[{"embeddable":true,"href":"https:\/\/www.lipoid-kosmetik.com\/de\/wp-json\/wp\/v2\/users\/2"}],"replies":[{"embeddable":true,"href":"https:\/\/www.lipoid-kosmetik.com\/de\/wp-json\/wp\/v2\/comments?post=5622"}],"version-history":[{"count":20,"href":"https:\/\/www.lipoid-kosmetik.com\/de\/wp-json\/wp\/v2\/pages\/5622\/revisions"}],"predecessor-version":[{"id":16662,"href":"https:\/\/www.lipoid-kosmetik.com\/de\/wp-json\/wp\/v2\/pages\/5622\/revisions\/16662"}],"up":[{"embeddable":true,"href":"https:\/\/www.lipoid-kosmetik.com\/de\/wp-json\/wp\/v2\/pages\/5598"}],"wp:attachment":[{"href":"https:\/\/www.lipoid-kosmetik.com\/de\/wp-json\/wp\/v2\/media?parent=5622"}],"curies":[{"name":"wp","href":"https:\/\/api.w.org\/{rel}","templated":true}]}}